{"id":5976,"date":"2024-02-07T05:51:31","date_gmt":"2024-02-07T05:51:31","guid":{"rendered":"https:\/\/wpachem.com\/?post_type=product&#038;p=5976"},"modified":"2024-02-07T05:55:17","modified_gmt":"2024-02-07T05:55:17","slug":"dl-lactic-acid-sodium-salt-cas-72-17-3-sodium-lactate","status":"publish","type":"product","link":"https:\/\/wpachem.com\/vi\/product\/dl-lactic-acid-sodium-salt-cas-72-17-3-sodium-lactate\/","title":{"rendered":"Mu\u1ed1i natri axit DL-lactic CAS 72-17-3 Natri Lactat"},"content":{"rendered":"<p><strong>\u0110\u1eb7c \u0111i\u1ec3m<\/strong><\/p>\n<p>Tinh th\u1ec3 m\u00e0u tr\u1eafng ho\u1eb7c b\u1ed9t tinh th\u1ec3<\/p>\n<p><strong>\u1ee8ng d\u1ee5ng:<\/strong><\/p>\n<p>1. Ng\u00e0nh c\u00f4ng nghi\u1ec7p th\u1ef1c ph\u1ea9m: L\u00e0 m\u1ed9t ch\u1ea5t b\u1ea3o qu\u1ea3n th\u1ef1c ph\u1ea9m, natri lactat c\u00f3 th\u1ec3 \u1ee9c ch\u1ebf s\u1ef1 ph\u00e1t tri\u1ec3n c\u1ee7a vi khu\u1ea9n v\u00e0 n\u1ea5m m\u1ed1c v\u00e0 k\u00e9o d\u00e0i th\u1eddi h\u1ea1n s\u1eed d\u1ee5ng c\u1ee7a th\u1ef1c ph\u1ea9m.<br \/>\n2. Ng\u00e0nh d\u01b0\u1ee3c ph\u1ea9m: Natri lactat c\u00f3 th\u1ec3 \u0111\u01b0\u1ee3c s\u1eed d\u1ee5ng nh\u01b0 m\u1ed9t ch\u1ea5t \u0111\u1ec7m v\u00e0 ch\u1ea5t trung h\u00f2a axit \u0111\u1ec3 \u0111i\u1ec1u ch\u1ec9nh gi\u00e1 tr\u1ecb pH trong qu\u00e1 tr\u00ecnh d\u01b0\u1ee3c ph\u1ea9m.<br \/>\n3. Ng\u00e0nh m\u1ef9 ph\u1ea9m: Natri lactat c\u00f3 th\u1ec3 \u0111\u01b0\u1ee3c s\u1eed d\u1ee5ng \u0111\u1ec3 \u0111i\u1ec1u ch\u1ec9nh \u0111\u1ed9 pH c\u1ee7a c\u00e1c s\u1ea3n ph\u1ea9m m\u1ef9 ph\u1ea9m v\u00e0 c\u1ea3i thi\u1ec7n \u0111\u1ed9 \u1ed5n \u0111\u1ecbnh c\u1ee7a s\u1ea3n ph\u1ea9m.<\/p>","protected":false},"excerpt":{"rendered":"<p>T\u00ean s\u1ea3n ph\u1ea9m: Natri Lactat<\/p>\n<p>S\u1ed1 CAS: 72-17-3<\/p>\n<p>MF:C3H5NaO3<\/p>\n<p>Ngo\u1ea1i quan: Tinh th\u1ec3 m\u00e0u tr\u1eafng ho\u1eb7c b\u1ed9t tinh th\u1ec3<\/p>","protected":false},"featured_media":5179,"template":"","meta":{"_acf_changed":false,"_gspb_post_css":""},"product_brand":[],"product_cat":[55,135,57,60],"product_tag":[],"class_list":{"0":"post-5976","1":"product","2":"type-product","3":"status-publish","4":"has-post-thumbnail","6":"product_cat-food-additives","7":"product_cat-preservative-cosmetic-ingredients","8":"product_cat-preservative","9":"product_cat-cosmetic-ingredients","11":"first","12":"instock","13":"shipping-taxable","14":"product-type-simple"},"acf":[],"_links":{"self":[{"href":"https:\/\/wpachem.com\/vi\/wp-json\/wp\/v2\/product\/5976","targetHints":{"allow":["GET"]}}],"collection":[{"href":"https:\/\/wpachem.com\/vi\/wp-json\/wp\/v2\/product"}],"about":[{"href":"https:\/\/wpachem.com\/vi\/wp-json\/wp\/v2\/types\/product"}],"version-history":[{"count":0,"href":"https:\/\/wpachem.com\/vi\/wp-json\/wp\/v2\/product\/5976\/revisions"}],"wp:featuredmedia":[{"embeddable":true,"href":"https:\/\/wpachem.com\/vi\/wp-json\/wp\/v2\/media\/5179"}],"wp:attachment":[{"href":"https:\/\/wpachem.com\/vi\/wp-json\/wp\/v2\/media?parent=5976"}],"wp:term":[{"taxonomy":"product_brand","embeddable":true,"href":"https:\/\/wpachem.com\/vi\/wp-json\/wp\/v2\/product_brand?post=5976"},{"taxonomy":"product_cat","embeddable":true,"href":"https:\/\/wpachem.com\/vi\/wp-json\/wp\/v2\/product_cat?post=5976"},{"taxonomy":"product_tag","embeddable":true,"href":"https:\/\/wpachem.com\/vi\/wp-json\/wp\/v2\/product_tag?post=5976"}],"curies":[{"name":"wp","href":"https:\/\/api.w.org\/{rel}","templated":true}]}}