{"id":5978,"date":"2024-02-07T05:55:38","date_gmt":"2024-02-07T05:55:38","guid":{"rendered":"https:\/\/wpachem.com\/?post_type=product&#038;p=5978"},"modified":"2024-02-07T06:00:17","modified_gmt":"2024-02-07T06:00:17","slug":"d-trehalose-anhydrous-cas-99-20-7","status":"publish","type":"product","link":"https:\/\/wpachem.com\/vi\/product\/d-trehalose-anhydrous-cas-99-20-7\/","title":{"rendered":"D-Trehalose khan CAS 99-20-7"},"content":{"rendered":"<p><strong>\u0110\u1eb7c \u0111i\u1ec3m<\/strong><\/p>\n<p>B\u1ed9t tinh th\u1ec3 m\u00e0u tr\u1eafng<\/p>\n<p><strong>\u1ee8ng d\u1ee5ng:<\/strong><\/p>\n<p>1. Ng\u00e0nh c\u00f4ng nghi\u1ec7p th\u1ef1c ph\u1ea9m: Trehalose l\u00e0 m\u1ed9t ch\u1ea5t ph\u1ee5 gia th\u1ef1c ph\u1ea9m quan tr\u1ecdng c\u00f3 th\u1ec3 \u0111\u01b0\u1ee3c s\u1eed d\u1ee5ng nh\u01b0 m\u1ed9t ch\u1ea5t t\u1ea1o ng\u1ecdt, ch\u1ea5t t\u1ea1o h\u01b0\u01a1ng v\u1ecb v\u00e0 ch\u1ea5t gi\u1eef \u1ea9m \u0111\u1ec3 t\u1ea1o v\u1ecb ng\u1ecdt v\u00e0 c\u1ea3i thi\u1ec7n h\u01b0\u01a1ng v\u1ecb.<\/p>\n<p>2. L\u0129nh v\u1ef1c d\u01b0\u1ee3c ph\u1ea9m: Trehalose c\u00f3 m\u1ed9t s\u1ed1 \u0111\u1eb7c t\u00ednh gi\u1eef \u1ea9m v\u00e0 b\u00f4i tr\u01a1n v\u00e0 th\u01b0\u1eddng \u0111\u01b0\u1ee3c s\u1eed d\u1ee5ng trong vi\u1ec7c ch\u1ebf t\u1ea1o thu\u1ed1c u\u1ed1ng, thu\u1ed1c m\u1ee1 v\u00e0 vi\u00ean n\u00e9n bao \u0111\u01b0\u1eddng.<\/p>\n<p>3. C\u00f4ng ngh\u1ec7 sinh h\u1ecdc: Trehalose c\u00f3 th\u1ec3 \u0111\u01b0\u1ee3c s\u1eed d\u1ee5ng nh\u01b0 m\u1ed9t t\u00e1c nh\u00e2n b\u1ea3o v\u1ec7 t\u1ebf b\u00e0o v\u00e0 c\u00f3 t\u00e1c d\u1ee5ng b\u1ea3o v\u1ec7 t\u1ed1t trong qu\u00e1 tr\u00ecnh b\u1ea3o qu\u1ea3n l\u1ea1nh t\u1ebf b\u00e0o v\u00e0 ph\u1ee5c h\u1ed3i sau c\u0103ng th\u1eb3ng.<\/p>","protected":false},"excerpt":{"rendered":"<p>T\u00ean s\u1ea3n ph\u1ea9m: D-Trehalose khan<\/p>\n<p>S\u1ed1 CAS: 99-20-7<\/p>\n<p>MF:C12H22O11<\/p>\n<p>Ngo\u1ea1i quan: B\u1ed9t tinh th\u1ec3 m\u00e0u tr\u1eafng<\/p>","protected":false},"featured_media":5182,"template":"","meta":{"_acf_changed":false,"_gspb_post_css":""},"product_brand":[],"product_cat":[55,56],"product_tag":[],"class_list":{"0":"post-5978","1":"product","2":"type-product","3":"status-publish","4":"has-post-thumbnail","6":"product_cat-food-additives","7":"product_cat-sweetener","9":"first","10":"instock","11":"shipping-taxable","12":"product-type-simple"},"acf":[],"_links":{"self":[{"href":"https:\/\/wpachem.com\/vi\/wp-json\/wp\/v2\/product\/5978","targetHints":{"allow":["GET"]}}],"collection":[{"href":"https:\/\/wpachem.com\/vi\/wp-json\/wp\/v2\/product"}],"about":[{"href":"https:\/\/wpachem.com\/vi\/wp-json\/wp\/v2\/types\/product"}],"version-history":[{"count":0,"href":"https:\/\/wpachem.com\/vi\/wp-json\/wp\/v2\/product\/5978\/revisions"}],"wp:featuredmedia":[{"embeddable":true,"href":"https:\/\/wpachem.com\/vi\/wp-json\/wp\/v2\/media\/5182"}],"wp:attachment":[{"href":"https:\/\/wpachem.com\/vi\/wp-json\/wp\/v2\/media?parent=5978"}],"wp:term":[{"taxonomy":"product_brand","embeddable":true,"href":"https:\/\/wpachem.com\/vi\/wp-json\/wp\/v2\/product_brand?post=5978"},{"taxonomy":"product_cat","embeddable":true,"href":"https:\/\/wpachem.com\/vi\/wp-json\/wp\/v2\/product_cat?post=5978"},{"taxonomy":"product_tag","embeddable":true,"href":"https:\/\/wpachem.com\/vi\/wp-json\/wp\/v2\/product_tag?post=5978"}],"curies":[{"name":"wp","href":"https:\/\/api.w.org\/{rel}","templated":true}]}}