{"id":5980,"date":"2024-02-07T06:02:34","date_gmt":"2024-02-07T06:02:34","guid":{"rendered":"https:\/\/wpachem.com\/?post_type=product&#038;p=5980"},"modified":"2024-02-07T06:07:42","modified_gmt":"2024-02-07T06:07:42","slug":"chitin-cas-1398-61-4","status":"publish","type":"product","link":"https:\/\/wpachem.com\/vi\/product\/chitin-cas-1398-61-4\/","title":{"rendered":"Chitin CAS 1398-61-4"},"content":{"rendered":"<p><strong>\u0110\u1eb7c \u0111i\u1ec3m<\/strong><\/p>\n<p>Ch\u1ea5t r\u1eafn m\u00e0u tr\u1eafng \u0111\u1ebfn h\u01a1i v\u00e0ng, th\u01b0\u1eddng \u1edf d\u1ea1ng b\u1ed9t.<\/p>\n<p><strong>\u1ee8ng d\u1ee5ng:<\/strong><\/p>\n<p>1. L\u0129nh v\u1ef1c d\u01b0\u1ee3c ph\u1ea9m: d\u00f9ng \u0111\u1ec3 s\u1ea3n xu\u1ea5t v\u1eadt li\u1ec7u ch\u1eefa l\u00e0nh v\u1ebft th\u01b0\u01a1ng, v\u1eadt li\u1ec7u c\u1ea7m m\u00e1u, h\u1ec7 th\u1ed1ng ph\u00e2n ph\u1ed1i thu\u1ed1c gi\u1ea3i ph\u00f3ng k\u00e9o d\u00e0i, v.v.<br \/>\n2. L\u0129nh v\u1ef1c b\u1ea3o v\u1ec7 m\u00f4i tr\u01b0\u1eddng: d\u00f9ng \u0111\u1ec3 h\u1ea5p ph\u1ee5 v\u00e0 lo\u1ea1i b\u1ecf c\u00e1c ion kim lo\u1ea1i n\u1eb7ng v\u00e0 c\u00e1c ch\u1ea5t \u00f4 nhi\u1ec5m h\u1eefu c\u01a1.<br \/>\n3. C\u00f4ng nghi\u1ec7p th\u1ef1c ph\u1ea9m: L\u00e0 m\u1ed9t ch\u1ea5t ph\u1ee5 gia th\u1ef1c ph\u1ea9m, c\u00f3 th\u1ec3 l\u00e0m t\u0103ng \u0111\u1ed9 nh\u1edbt v\u00e0 \u0111\u1ed9 \u1ed5n \u0111\u1ecbnh c\u1ee7a th\u1ef1c ph\u1ea9m.<\/p>","protected":false},"excerpt":{"rendered":"<p>T\u00ean s\u1ea3n ph\u1ea9m: Chitin<\/p>\n<p>S\u1ed1 CAS: 1398-61-4<\/p>\n<p>MF:C6H11NO4X2<\/p>\n<p>Ngo\u1ea1i quan: Ch\u1ea5t r\u1eafn m\u00e0u tr\u1eafng \u0111\u1ebfn h\u01a1i v\u00e0ng, th\u01b0\u1eddng \u1edf d\u1ea1ng b\u1ed9t<\/p>","protected":false},"featured_media":1974,"template":"","meta":{"_acf_changed":false,"_gspb_post_css":""},"product_brand":[],"product_cat":[55,58],"product_tag":[],"class_list":{"0":"post-5980","1":"product","2":"type-product","3":"status-publish","4":"has-post-thumbnail","6":"product_cat-food-additives","7":"product_cat-thicknerstablizer","9":"first","10":"instock","11":"shipping-taxable","12":"product-type-simple"},"acf":[],"_links":{"self":[{"href":"https:\/\/wpachem.com\/vi\/wp-json\/wp\/v2\/product\/5980","targetHints":{"allow":["GET"]}}],"collection":[{"href":"https:\/\/wpachem.com\/vi\/wp-json\/wp\/v2\/product"}],"about":[{"href":"https:\/\/wpachem.com\/vi\/wp-json\/wp\/v2\/types\/product"}],"version-history":[{"count":0,"href":"https:\/\/wpachem.com\/vi\/wp-json\/wp\/v2\/product\/5980\/revisions"}],"wp:featuredmedia":[{"embeddable":true,"href":"https:\/\/wpachem.com\/vi\/wp-json\/wp\/v2\/media\/1974"}],"wp:attachment":[{"href":"https:\/\/wpachem.com\/vi\/wp-json\/wp\/v2\/media?parent=5980"}],"wp:term":[{"taxonomy":"product_brand","embeddable":true,"href":"https:\/\/wpachem.com\/vi\/wp-json\/wp\/v2\/product_brand?post=5980"},{"taxonomy":"product_cat","embeddable":true,"href":"https:\/\/wpachem.com\/vi\/wp-json\/wp\/v2\/product_cat?post=5980"},{"taxonomy":"product_tag","embeddable":true,"href":"https:\/\/wpachem.com\/vi\/wp-json\/wp\/v2\/product_tag?post=5980"}],"curies":[{"name":"wp","href":"https:\/\/api.w.org\/{rel}","templated":true}]}}