{"id":5981,"date":"2024-02-07T06:19:43","date_gmt":"2024-02-07T06:19:43","guid":{"rendered":"https:\/\/wpachem.com\/?post_type=product&#038;p=5981"},"modified":"2024-02-07T06:19:43","modified_gmt":"2024-02-07T06:19:43","slug":"fema-2817-cas-8002-72-0","status":"publish","type":"product","link":"https:\/\/wpachem.com\/vi\/product\/fema-2817-cas-8002-72-0\/","title":{"rendered":"FEMA 2817 CAS 8002-72-0"},"content":{"rendered":"<p><strong>\u0110\u1eb7c \u0111i\u1ec3m<\/strong><\/p>\n<p>Ch\u1ea5t l\u1ecfng trong su\u1ed1t m\u00e0u v\u00e0ng h\u1ed5 ph\u00e1ch \u0111\u1ebfn cam h\u1ed5 ph\u00e1ch. M\u00f9i v\u00e0 h\u01b0\u01a1ng h\u00e0nh t\u00e2y n\u1ed3ng, h\u00f2a tan trong ethanol 90%<\/p>\n<p><strong>\u1ee8ng d\u1ee5ng:<\/strong><\/p>\n<ol>\n<li>T\u00e1c d\u1ee5ng kh\u00e1ng khu\u1ea9n, th\u00f4ng qua ph\u1ea3n \u1ee9ng c\u1ee7a h\u1ee3p ch\u1ea5t ch\u1ee9a l\u01b0u hu\u1ef3nh v\u1edbi m\u1ed9t s\u1ed1 axit amin tr\u00ean th\u00e0nh t\u1ebf b\u00e0o vi khu\u1ea9n, ng\u0103n ch\u1eb7n s\u1ef1 bi\u1ec3u hi\u1ec7n b\u00ecnh th\u01b0\u1eddng c\u1ee7a protein, do \u0111\u00f3 \u1ee9c ch\u1ebf s\u1ef1 sinh s\u1ea3n c\u1ee7a vi khu\u1ea9n. Tinh d\u1ea7u h\u00e0nh t\u00e2y c\u00f3 th\u1ec3 \u1ee9c ch\u1ebf nhi\u1ec1u lo\u1ea1i vi khu\u1ea9n v\u00e0 n\u1ea5m, bao g\u1ed3m Staphylococcus, Streptococcus, arctococcus v\u00e0 Bacillus.<\/li>\n<li>\u00a0C\u00f3 t\u00e1c d\u1ee5ng ch\u1ed1ng oxy h\u00f3a, tinh d\u1ea7u h\u00e0nh t\u00e2y c\u00f3 th\u1ec3 c\u1ea3i thi\u1ec7n ho\u1ea1t \u0111\u1ed9ng c\u1ee7a catalase v\u00e0 superoxide dismutase, do \u0111\u00f3 t\u0103ng c\u01b0\u1eddng ph\u1ea3n \u1ee9ng ch\u1ed1ng oxy h\u00f3a c\u1ee7a c\u01a1 th\u1ec3.<\/li>\n<li>\u00a0T\u00e1c d\u1ee5ng ch\u1ed1ng ung th\u01b0, c\u00e1c nghi\u00ean c\u1ee9u \u0111\u00e3 ch\u1ec9 ra r\u1eb1ng h\u1ee3p ch\u1ea5t l\u01b0u hu\u1ef3nh c\u00f3 trong tinh d\u1ea7u h\u00e0nh t\u00e2y c\u00f3 th\u1ec3 \u1ee9c ch\u1ebf ung th\u01b0 d\u1ea1 d\u00e0y v\u00e0 ung th\u01b0 th\u1ef1c qu\u1ea3n b\u1eb1ng c\u00e1ch \u0111i\u1ec1u ch\u1ec9nh c\u00e1c enzym chuy\u1ec3n h\u00f3a c\u00e1c y\u1ebfu t\u1ed1 g\u00e2y ung th\u01b0.<\/li>\n<\/ol>","protected":false},"excerpt":{"rendered":"<p>T\u00ean s\u1ea3n ph\u1ea9m: FEMA 2817<\/p>\n<p>S\u1ed1 hi\u1ec7u: 8002-72-0<\/p>\n<p>MF:C8H12S2<\/p>\n<p>Ngo\u1ea1i quan: Ch\u1ea5t l\u1ecfng trong su\u1ed1t m\u00e0u v\u00e0ng h\u1ed5 ph\u00e1ch \u0111\u1ebfn m\u00e0u cam h\u1ed5 ph\u00e1ch<\/p>","protected":false},"featured_media":5860,"template":"","meta":{"_acf_changed":false,"_gspb_post_css":""},"product_brand":[],"product_cat":[61],"product_tag":[],"class_list":{"0":"post-5981","1":"product","2":"type-product","3":"status-publish","4":"has-post-thumbnail","6":"product_cat-flavor-and-fragrance","8":"first","9":"instock","10":"shipping-taxable","11":"product-type-simple"},"acf":[],"_links":{"self":[{"href":"https:\/\/wpachem.com\/vi\/wp-json\/wp\/v2\/product\/5981","targetHints":{"allow":["GET"]}}],"collection":[{"href":"https:\/\/wpachem.com\/vi\/wp-json\/wp\/v2\/product"}],"about":[{"href":"https:\/\/wpachem.com\/vi\/wp-json\/wp\/v2\/types\/product"}],"version-history":[{"count":0,"href":"https:\/\/wpachem.com\/vi\/wp-json\/wp\/v2\/product\/5981\/revisions"}],"wp:featuredmedia":[{"embeddable":true,"href":"https:\/\/wpachem.com\/vi\/wp-json\/wp\/v2\/media\/5860"}],"wp:attachment":[{"href":"https:\/\/wpachem.com\/vi\/wp-json\/wp\/v2\/media?parent=5981"}],"wp:term":[{"taxonomy":"product_brand","embeddable":true,"href":"https:\/\/wpachem.com\/vi\/wp-json\/wp\/v2\/product_brand?post=5981"},{"taxonomy":"product_cat","embeddable":true,"href":"https:\/\/wpachem.com\/vi\/wp-json\/wp\/v2\/product_cat?post=5981"},{"taxonomy":"product_tag","embeddable":true,"href":"https:\/\/wpachem.com\/vi\/wp-json\/wp\/v2\/product_tag?post=5981"}],"curies":[{"name":"wp","href":"https:\/\/api.w.org\/{rel}","templated":true}]}}