{"id":5983,"date":"2024-02-07T06:07:51","date_gmt":"2024-02-07T06:07:51","guid":{"rendered":"https:\/\/wpachem.com\/?post_type=product&#038;p=5983"},"modified":"2024-02-07T06:17:30","modified_gmt":"2024-02-07T06:17:30","slug":"resveratrol-cas-501-36-0","status":"publish","type":"product","link":"https:\/\/wpachem.com\/vi\/product\/resveratrol-cas-501-36-0\/","title":{"rendered":"Resveratrol CAS 501-36-0"},"content":{"rendered":"<p><strong>\u0110\u1eb7c \u0111i\u1ec3m<\/strong><\/p>\n<p>B\u1ed9t tinh th\u1ec3 ho\u1eb7c d\u1ea1ng kim kh\u00f4ng m\u00e0u ho\u1eb7c h\u01a1i v\u00e0ng<\/p>\n<p><strong>\u1ee8ng d\u1ee5ng:<\/strong><\/p>\n<p>\u0110\u00e2y l\u00e0 ch\u1ea5t ch\u1ed1ng oxy h\u00f3a t\u1ef1 nhi\u00ean m\u1ea1nh gi\u00fap trung h\u00f2a c\u00e1c g\u1ed1c t\u1ef1 do v\u00e0 b\u1ea3o v\u1ec7 t\u1ebf b\u00e0o kh\u1ecfi t\u00e1c h\u1ea1i c\u1ee7a stress oxy h\u00f3a.<br \/>\nN\u00f3 c\u00f3 ho\u1ea1t t\u00ednh ch\u1ed1ng vi\u00eam v\u00e0 ch\u1ed1ng ung th\u01b0, \u1ee9c ch\u1ebf ph\u1ea3n \u1ee9ng vi\u00eam v\u00e0 ph\u00e1 v\u1ee1 t\u1ed5n th\u01b0\u01a1ng DNA do c\u00e1c g\u1ed1c t\u1ef1 do g\u00e2y ra.<br \/>\nN\u00f3 c\u00f3 th\u1ec3 l\u00e0m gi\u1ea3m cholesterol trong m\u00e1u v\u00e0 b\u1ea3o v\u1ec7 s\u1ee9c kh\u1ecfe tim m\u1ea1ch.<\/p>","protected":false},"excerpt":{"rendered":"<p>T\u00ean s\u1ea3n ph\u1ea9m: Resveratrol<\/p>\n<p>S\u1ed1 CAS: 501-36-0<\/p>\n<p>MF: C14H12O3<\/p>\n<p>Ngo\u1ea1i quan: B\u1ed9t tinh th\u1ec3 ho\u1eb7c d\u1ea1ng kim kh\u00f4ng m\u00e0u ho\u1eb7c h\u01a1i v\u00e0ng<\/p>","protected":false},"featured_media":5179,"template":"","meta":{"_acf_changed":false,"_gspb_post_css":""},"product_brand":[],"product_cat":[55,131,103,60],"product_tag":[],"class_list":{"0":"post-5983","1":"product","2":"type-product","3":"status-publish","4":"has-post-thumbnail","6":"product_cat-food-additives","7":"product_cat-antioxidant","8":"product_cat-nutrition-enhancer","9":"product_cat-cosmetic-ingredients","11":"first","12":"instock","13":"shipping-taxable","14":"product-type-simple"},"acf":[],"_links":{"self":[{"href":"https:\/\/wpachem.com\/vi\/wp-json\/wp\/v2\/product\/5983","targetHints":{"allow":["GET"]}}],"collection":[{"href":"https:\/\/wpachem.com\/vi\/wp-json\/wp\/v2\/product"}],"about":[{"href":"https:\/\/wpachem.com\/vi\/wp-json\/wp\/v2\/types\/product"}],"version-history":[{"count":0,"href":"https:\/\/wpachem.com\/vi\/wp-json\/wp\/v2\/product\/5983\/revisions"}],"wp:featuredmedia":[{"embeddable":true,"href":"https:\/\/wpachem.com\/vi\/wp-json\/wp\/v2\/media\/5179"}],"wp:attachment":[{"href":"https:\/\/wpachem.com\/vi\/wp-json\/wp\/v2\/media?parent=5983"}],"wp:term":[{"taxonomy":"product_brand","embeddable":true,"href":"https:\/\/wpachem.com\/vi\/wp-json\/wp\/v2\/product_brand?post=5983"},{"taxonomy":"product_cat","embeddable":true,"href":"https:\/\/wpachem.com\/vi\/wp-json\/wp\/v2\/product_cat?post=5983"},{"taxonomy":"product_tag","embeddable":true,"href":"https:\/\/wpachem.com\/vi\/wp-json\/wp\/v2\/product_tag?post=5983"}],"curies":[{"name":"wp","href":"https:\/\/api.w.org\/{rel}","templated":true}]}}