{"id":5985,"date":"2024-02-07T06:18:50","date_gmt":"2024-02-07T06:18:50","guid":{"rendered":"https:\/\/wpachem.com\/?post_type=product&#038;p=5985"},"modified":"2024-02-07T06:21:59","modified_gmt":"2024-02-07T06:21:59","slug":"coenzyme-q10-cas-303-98-0","status":"publish","type":"product","link":"https:\/\/wpachem.com\/vi\/product\/coenzyme-q10-cas-303-98-0\/","title":{"rendered":"Coenzym Q10 CAS 303-98-0"},"content":{"rendered":"<p><strong>\u0110\u1eb7c \u0111i\u1ec3m<\/strong><\/p>\n<p>B\u1ed9t tinh th\u1ec3 m\u00e0u v\u00e0ng<\/p>\n<p><strong>\u1ee8ng d\u1ee5ng:<\/strong><\/p>\n<p>Coenzyme Q10 \u0111\u01b0\u1ee3c s\u1eed d\u1ee5ng r\u1ed9ng r\u00e3i trong c\u00e1c s\u1ea3n ph\u1ea9m b\u1ed5 sung s\u1ee9c kh\u1ecfe v\u00e0 ch\u1ed1ng l\u00e3o h\u00f3a \u0111\u1ec3 gi\u1ea3m thi\u1ec3u t\u00e1c h\u1ea1i c\u1ee7a stress oxy h\u00f3a l\u00ean t\u1ebf b\u00e0o v\u00e0 m\u00f4.<br \/>\nCoenzyme Q10 c\u0169ng \u0111\u01b0\u1ee3c s\u1eed d\u1ee5ng nh\u01b0 m\u1ed9t ph\u01b0\u01a1ng ph\u00e1p \u0111i\u1ec1u tr\u1ecb h\u1ed7 tr\u1ee3 cho m\u1ed9t s\u1ed1 b\u1ec7nh tim, huy\u1ebft \u00e1p cao, suy nh\u01b0\u1ee3c c\u01a1 v\u00e0 c\u00e1c b\u1ec7nh kh\u00e1c.<\/p>","protected":false},"excerpt":{"rendered":"<p>T\u00ean s\u1ea3n ph\u1ea9m: Coenzyme Q10<\/p>\n<p>S\u1ed1 CAS: 303-98-0<\/p>\n<p>MF\uff1aC59H90O4<\/p>\n<p>Ngo\u1ea1i quan: B\u1ed9t tinh th\u1ec3 m\u00e0u v\u00e0ng<\/p>","protected":false},"featured_media":5830,"template":"","meta":{"_acf_changed":false,"_gspb_post_css":""},"product_brand":[],"product_cat":[55,131,103,60],"product_tag":[],"class_list":{"0":"post-5985","1":"product","2":"type-product","3":"status-publish","4":"has-post-thumbnail","6":"product_cat-food-additives","7":"product_cat-antioxidant","8":"product_cat-nutrition-enhancer","9":"product_cat-cosmetic-ingredients","11":"first","12":"instock","13":"shipping-taxable","14":"product-type-simple"},"acf":[],"_links":{"self":[{"href":"https:\/\/wpachem.com\/vi\/wp-json\/wp\/v2\/product\/5985","targetHints":{"allow":["GET"]}}],"collection":[{"href":"https:\/\/wpachem.com\/vi\/wp-json\/wp\/v2\/product"}],"about":[{"href":"https:\/\/wpachem.com\/vi\/wp-json\/wp\/v2\/types\/product"}],"version-history":[{"count":0,"href":"https:\/\/wpachem.com\/vi\/wp-json\/wp\/v2\/product\/5985\/revisions"}],"wp:featuredmedia":[{"embeddable":true,"href":"https:\/\/wpachem.com\/vi\/wp-json\/wp\/v2\/media\/5830"}],"wp:attachment":[{"href":"https:\/\/wpachem.com\/vi\/wp-json\/wp\/v2\/media?parent=5985"}],"wp:term":[{"taxonomy":"product_brand","embeddable":true,"href":"https:\/\/wpachem.com\/vi\/wp-json\/wp\/v2\/product_brand?post=5985"},{"taxonomy":"product_cat","embeddable":true,"href":"https:\/\/wpachem.com\/vi\/wp-json\/wp\/v2\/product_cat?post=5985"},{"taxonomy":"product_tag","embeddable":true,"href":"https:\/\/wpachem.com\/vi\/wp-json\/wp\/v2\/product_tag?post=5985"}],"curies":[{"name":"wp","href":"https:\/\/api.w.org\/{rel}","templated":true}]}}