{"id":5987,"date":"2024-02-07T06:28:55","date_gmt":"2024-02-07T06:28:55","guid":{"rendered":"https:\/\/wpachem.com\/?post_type=product&#038;p=5987"},"modified":"2024-02-07T06:28:56","modified_gmt":"2024-02-07T06:28:56","slug":"ylang-ylang-oil-cas-8006-81-3","status":"publish","type":"product","link":"https:\/\/wpachem.com\/vi\/product\/ylang-ylang-oil-cas-8006-81-3\/","title":{"rendered":"D\u1ea7u Ylang Ylang CAS 8006-81-3"},"content":{"rendered":"<p><strong>\u0110\u1eb7c \u0111i\u1ec3m<\/strong><\/p>\n<p>Ch\u1ea5t l\u1ecfng m\u00e0u v\u00e0ng nh\u1ea1t c\u00f3 m\u00f9i hoa trong \u0111\u1eb7c tr\u01b0ng<\/p>\n<p><strong>\u1ee8ng d\u1ee5ng:<\/strong><\/p>\n<p>H\u01b0\u01a1ng th\u01a1m \u0103n \u0111\u01b0\u1ee3c, ylang ylang c\u00f3 th\u1ec3 \u0111i\u1ec1u ch\u1ec9nh nhi\u1ec1u v\u1ea5n \u0111\u1ec1 c\u1ee7a h\u1ec7 th\u1ed1ng sinh s\u1ea3n, l\u00e0 lo\u1ea1i d\u1ea7u \u0111\u01b0\u1ee3c l\u1ef1a ch\u1ecdn \u0111\u1ec3 c\u00e2n b\u1eb1ng n\u1ed9i ti\u1ebft t\u1ed1 n\u1eef. C\u00f3 th\u1ec3 l\u00e0m gi\u1ea3m tr\u1ea7m c\u1ea3m, th\u1edd \u01a1, lo l\u1eafng, ho\u1ea3ng lo\u1ea1n v\u00e0 r\u1ed1i lo\u1ea1n n\u1ed9i ti\u1ebft<\/p>","protected":false},"excerpt":{"rendered":"<p>T\u00ean s\u1ea3n ph\u1ea9m: Tinh d\u1ea7u Ylang Ylang<\/p>\n<p>S\u1ed1 hi\u1ec7u: 8006-81-3<\/p>\n<p>Ngo\u1ea1i quan: Ch\u1ea5t l\u1ecfng m\u00e0u v\u00e0ng nh\u1ea1t<\/p>","protected":false},"featured_media":3321,"template":"","meta":{"_acf_changed":false,"_gspb_post_css":""},"product_brand":[],"product_cat":[61],"product_tag":[],"class_list":{"0":"post-5987","1":"product","2":"type-product","3":"status-publish","4":"has-post-thumbnail","6":"product_cat-flavor-and-fragrance","8":"first","9":"instock","10":"shipping-taxable","11":"product-type-simple"},"acf":[],"_links":{"self":[{"href":"https:\/\/wpachem.com\/vi\/wp-json\/wp\/v2\/product\/5987","targetHints":{"allow":["GET"]}}],"collection":[{"href":"https:\/\/wpachem.com\/vi\/wp-json\/wp\/v2\/product"}],"about":[{"href":"https:\/\/wpachem.com\/vi\/wp-json\/wp\/v2\/types\/product"}],"version-history":[{"count":0,"href":"https:\/\/wpachem.com\/vi\/wp-json\/wp\/v2\/product\/5987\/revisions"}],"wp:featuredmedia":[{"embeddable":true,"href":"https:\/\/wpachem.com\/vi\/wp-json\/wp\/v2\/media\/3321"}],"wp:attachment":[{"href":"https:\/\/wpachem.com\/vi\/wp-json\/wp\/v2\/media?parent=5987"}],"wp:term":[{"taxonomy":"product_brand","embeddable":true,"href":"https:\/\/wpachem.com\/vi\/wp-json\/wp\/v2\/product_brand?post=5987"},{"taxonomy":"product_cat","embeddable":true,"href":"https:\/\/wpachem.com\/vi\/wp-json\/wp\/v2\/product_cat?post=5987"},{"taxonomy":"product_tag","embeddable":true,"href":"https:\/\/wpachem.com\/vi\/wp-json\/wp\/v2\/product_tag?post=5987"}],"curies":[{"name":"wp","href":"https:\/\/api.w.org\/{rel}","templated":true}]}}