{"id":5990,"date":"2024-02-07T06:34:48","date_gmt":"2024-02-07T06:34:48","guid":{"rendered":"https:\/\/wpachem.com\/?post_type=product&#038;p=5990"},"modified":"2024-04-26T05:39:53","modified_gmt":"2024-04-26T05:39:53","slug":"wintergreen-oil-cas-68917-75-9","status":"publish","type":"product","link":"https:\/\/wpachem.com\/vi\/product\/wintergreen-oil-cas-68917-75-9\/","title":{"rendered":"D\u1ea7u Wintergreen CAS 68917-75-9"},"content":{"rendered":"<p><strong>\u0110\u1eb7c \u0111i\u1ec3m<\/strong><\/p>\n<p>Ch\u1ea5t l\u1ecfng kh\u00f4ng m\u00e0u \u0111\u1ebfn v\u00e0ng nh\u1ea1t, dung d\u1ecbch dipropylene glycol 10.00%. M\u00f9i Holly ng\u1ecdt t\u01b0\u01a1i<\/p>\n<p><strong>\u1ee8ng d\u1ee5ng:<\/strong><\/p>\n<p>L\u00e0 m\u1ed9t ch\u1ea5t l\u00e0m \u0111\u1ecf t\u1ea1i ch\u1ed7, th\u01b0\u1eddng \u0111\u01b0\u1ee3c s\u1eed d\u1ee5ng \u0111\u1ec3 gi\u1ea3m s\u01b0ng v\u00e0 gi\u1ea3m \u0111au, nh\u01b0ng sau \u0111\u00f3 v\u00ec c\u00e1c t\u00e1c d\u1ee5ng ph\u1ee5 li\u00ean quan nh\u01b0 \u1ea3nh h\u01b0\u1edfng \u0111\u1ebfn ho\u1ea1t \u0111\u1ed9ng c\u1ee7a c\u00e1c ion s\u1eaft trong m\u00e1u, n\u00ean hi\u1ebfm khi \u0111\u01b0\u1ee3c s\u1eed d\u1ee5ng \u0111\u1ec3 \u0111i\u1ec1u tr\u1ecb n\u1ed9i khoa. D\u1ea7u nh\u1ef1a ru\u1ed3i c\u00f3 t\u00e1c d\u1ee5ng k\u00edch th\u00edch t\u1ea1i ch\u1ed7, c\u00f3 th\u1ec3 th\u00fac \u0111\u1ea9y l\u01b0u th\u00f4ng m\u00e1u t\u1ea1i ch\u1ed7, b\u00f4i ngo\u00e0i da ho\u1eb7c xoa t\u1ea1i ch\u1ed7 c\u00f3 th\u1ec3 g\u00e2y gi\u00e3n m\u1ea1ch da, \u0111\u1ecf da v\u00e0 c\u00e1c ph\u1ea3n \u1ee9ng k\u00edch th\u00edch kh\u00e1c, v\u00e0 ph\u1ea3n x\u1ea1 \u1ea3nh h\u01b0\u1edfng \u0111\u1ebfn c\u00e1c b\u1ed9 ph\u1eadn t\u01b0\u01a1ng \u1ee9ng c\u1ee7a da, c\u01a1, d\u00e2y th\u1ea7n kinh v\u00e0 kh\u1edbp, do \u0111\u00f3 c\u00f3 t\u00e1c d\u1ee5ng s\u01b0ng, ch\u1ed1ng vi\u00eam v\u00e0 gi\u1ea3m \u0111au, nh\u01b0ng c\u0169ng c\u00f3 t\u00e1c d\u1ee5ng gi\u1ea3m ng\u1ee9a. C\u00f3 th\u1ec3 s\u1eed d\u1ee5ng cho bong g\u00e2n, b\u1ea7m t\u00edm, \u0111au l\u01b0ng, \u0111au c\u01a1, \u0111au d\u00e2y th\u1ea7n kinh, ng\u1ee9a.<\/p>","protected":false},"excerpt":{"rendered":"<p>T\u00ean s\u1ea3n ph\u1ea9m: D\u1ea7u Wintergreen<\/p>\n<p>S\u1ed1 hi\u1ec7u: 68917-75-9<\/p>\n<p>MF:C8H8O3<\/p>\n<p>Ngo\u1ea1i quan: Ch\u1ea5t l\u1ecfng kh\u00f4ng m\u00e0u \u0111\u1ebfn v\u00e0ng nh\u1ea1t<\/p>","protected":false},"featured_media":4788,"template":"","meta":{"_acf_changed":false,"_gspb_post_css":""},"product_brand":[],"product_cat":[52,24],"product_tag":[],"class_list":{"0":"post-5990","1":"product","2":"type-product","3":"status-publish","4":"has-post-thumbnail","6":"product_cat-pigment","7":"product_cat-uncategorized","9":"first","10":"instock","11":"shipping-taxable","12":"product-type-simple"},"acf":[],"_links":{"self":[{"href":"https:\/\/wpachem.com\/vi\/wp-json\/wp\/v2\/product\/5990","targetHints":{"allow":["GET"]}}],"collection":[{"href":"https:\/\/wpachem.com\/vi\/wp-json\/wp\/v2\/product"}],"about":[{"href":"https:\/\/wpachem.com\/vi\/wp-json\/wp\/v2\/types\/product"}],"version-history":[{"count":0,"href":"https:\/\/wpachem.com\/vi\/wp-json\/wp\/v2\/product\/5990\/revisions"}],"wp:featuredmedia":[{"embeddable":true,"href":"https:\/\/wpachem.com\/vi\/wp-json\/wp\/v2\/media\/4788"}],"wp:attachment":[{"href":"https:\/\/wpachem.com\/vi\/wp-json\/wp\/v2\/media?parent=5990"}],"wp:term":[{"taxonomy":"product_brand","embeddable":true,"href":"https:\/\/wpachem.com\/vi\/wp-json\/wp\/v2\/product_brand?post=5990"},{"taxonomy":"product_cat","embeddable":true,"href":"https:\/\/wpachem.com\/vi\/wp-json\/wp\/v2\/product_cat?post=5990"},{"taxonomy":"product_tag","embeddable":true,"href":"https:\/\/wpachem.com\/vi\/wp-json\/wp\/v2\/product_tag?post=5990"}],"curies":[{"name":"wp","href":"https:\/\/api.w.org\/{rel}","templated":true}]}}