{"id":5991,"date":"2024-02-07T06:29:19","date_gmt":"2024-02-07T06:29:19","guid":{"rendered":"https:\/\/wpachem.com\/?post_type=product&#038;p=5991"},"modified":"2024-02-07T06:31:55","modified_gmt":"2024-02-07T06:31:55","slug":"octyl-p-methoxycinnamate-cas-5466-77-3","status":"publish","type":"product","link":"https:\/\/wpachem.com\/vi\/product\/octyl-p-methoxycinnamate-cas-5466-77-3\/","title":{"rendered":"Octyl P-methoxycinnamate CAS 5466-77-3"},"content":{"rendered":"<p><strong>\u0110\u1eb7c \u0111i\u1ec3m<\/strong><\/p>\n<p>Ch\u1ea5t l\u1ecfng kh\u00f4ng m\u00e0u \u0111\u1ebfn v\u00e0ng nh\u1ea1t<\/p>\n<p><strong>\u1ee8ng d\u1ee5ng:<\/strong><\/p>\n<p>H\u01b0\u01a1ng th\u01a1m: Do c\u00f3 h\u01b0\u01a1ng vani th\u01a1m n\u00ean n\u00f3 \u0111\u01b0\u1ee3c s\u1eed d\u1ee5ng r\u1ed9ng r\u00e3i nh\u01b0 m\u1ed9t th\u00e0nh ph\u1ea7n t\u1ea1o h\u01b0\u01a1ng v\u1ecb trong n\u01b0\u1edbc hoa, x\u00e0 ph\u00f2ng, thu\u1ed1c l\u00e1, son m\u00f4i v\u00e0 th\u1ef1c ph\u1ea9m, v.v.<br \/>\nCh\u1ea5t b\u1ea3o qu\u1ea3n: \u0110\u01b0\u1ee3c s\u1eed d\u1ee5ng nh\u01b0 m\u1ed9t ch\u1ea5t b\u1ea3o qu\u1ea3n trong th\u1ef1c ph\u1ea9m v\u00e0 \u0111\u1ed3 u\u1ed1ng \u0111\u1ec3 k\u00e9o d\u00e0i th\u1eddi h\u1ea1n s\u1eed d\u1ee5ng.<br \/>\nM\u1ef9 ph\u1ea9m: Th\u01b0\u1eddng \u0111\u01b0\u1ee3c s\u1eed d\u1ee5ng trong m\u1ef9 ph\u1ea9m v\u00e0 c\u00e1c s\u1ea3n ph\u1ea9m ch\u0103m s\u00f3c da nh\u01b0 kem v\u00e0 d\u1ea7u g\u1ed9i \u0111\u1ec3 t\u0103ng h\u01b0\u01a1ng th\u01a1m.<br \/>\nThu\u1ed1c: \u0110\u00f4i khi \u0111\u01b0\u1ee3c s\u1eed d\u1ee5ng trong ng\u00e0nh d\u01b0\u1ee3c ph\u1ea9m nh\u01b0 ch\u1ea5t ph\u1ee5 gia cho m\u1ee5c \u0111\u00edch d\u01b0\u1ee3c ph\u1ea9m ho\u1eb7c y t\u1ebf.<\/p>","protected":false},"excerpt":{"rendered":"<p>T\u00ean s\u1ea3n ph\u1ea9m: Octyl P-methoxycinnamate<\/p>\n<p>S\u1ed1 CAS: 5466-77-3<\/p>\n<p>MF:C18H26O3<\/p>\n<p>Ngo\u1ea1i quan: Ch\u1ea5t l\u1ecfng kh\u00f4ng m\u00e0u \u0111\u1ebfn v\u00e0ng nh\u1ea1t<\/p>","protected":false},"featured_media":5867,"template":"","meta":{"_acf_changed":false,"_gspb_post_css":""},"product_brand":[],"product_cat":[55,57,60,61],"product_tag":[],"class_list":{"0":"post-5991","1":"product","2":"type-product","3":"status-publish","4":"has-post-thumbnail","6":"product_cat-food-additives","7":"product_cat-preservative","8":"product_cat-cosmetic-ingredients","9":"product_cat-flavor-and-fragrance","11":"first","12":"instock","13":"shipping-taxable","14":"product-type-simple"},"acf":[],"_links":{"self":[{"href":"https:\/\/wpachem.com\/vi\/wp-json\/wp\/v2\/product\/5991","targetHints":{"allow":["GET"]}}],"collection":[{"href":"https:\/\/wpachem.com\/vi\/wp-json\/wp\/v2\/product"}],"about":[{"href":"https:\/\/wpachem.com\/vi\/wp-json\/wp\/v2\/types\/product"}],"version-history":[{"count":0,"href":"https:\/\/wpachem.com\/vi\/wp-json\/wp\/v2\/product\/5991\/revisions"}],"wp:featuredmedia":[{"embeddable":true,"href":"https:\/\/wpachem.com\/vi\/wp-json\/wp\/v2\/media\/5867"}],"wp:attachment":[{"href":"https:\/\/wpachem.com\/vi\/wp-json\/wp\/v2\/media?parent=5991"}],"wp:term":[{"taxonomy":"product_brand","embeddable":true,"href":"https:\/\/wpachem.com\/vi\/wp-json\/wp\/v2\/product_brand?post=5991"},{"taxonomy":"product_cat","embeddable":true,"href":"https:\/\/wpachem.com\/vi\/wp-json\/wp\/v2\/product_cat?post=5991"},{"taxonomy":"product_tag","embeddable":true,"href":"https:\/\/wpachem.com\/vi\/wp-json\/wp\/v2\/product_tag?post=5991"}],"curies":[{"name":"wp","href":"https:\/\/api.w.org\/{rel}","templated":true}]}}