{"id":5993,"date":"2024-02-07T06:32:03","date_gmt":"2024-02-07T06:32:03","guid":{"rendered":"https:\/\/wpachem.com\/?post_type=product&#038;p=5993"},"modified":"2024-02-07T06:35:31","modified_gmt":"2024-02-07T06:35:31","slug":"asiaticoside-cas-16830-15-2","status":"publish","type":"product","link":"https:\/\/wpachem.com\/vi\/product\/asiaticoside-cas-16830-15-2\/","title":{"rendered":"Asiaticoside CAS 16830-15-2"},"content":{"rendered":"<p><strong>\u0110\u1eb7c \u0111i\u1ec3m<\/strong><\/p>\n<p>Tinh th\u1ec3 m\u00e0u v\u00e0ng \u0111\u1ebfn n\u00e2u nh\u1ea1t.<\/p>\n<p><strong>\u1ee8ng d\u1ee5ng:<\/strong><\/p>\n<p>Asiaticoside c\u00f3 nhi\u1ec1u \u1ee9ng d\u1ee5ng trong y h\u1ecdc. Ng\u01b0\u1eddi ta tin r\u1eb1ng n\u00f3 c\u00f3 ho\u1ea1t t\u00ednh sinh h\u1ecdc ch\u1ed1ng vi\u00eam, ch\u1ed1ng oxy h\u00f3a v\u00e0 kh\u00e1ng khu\u1ea9n.<br \/>\nAsiaticoside c\u00f3 th\u1ec3 \u0111\u01b0\u1ee3c s\u1eed d\u1ee5ng \u0111\u1ec3 \u0111i\u1ec1u tr\u1ecb c\u00e1c b\u1ec7nh li\u00ean quan \u0111\u1ebfn vi\u00eam, ch\u1eb3ng h\u1ea1n nh\u01b0 vi\u00eam kh\u1edbp d\u1ea1ng th\u1ea5p, vi\u00eam nha chu, v.v. Madecassoside c\u0169ng gi\u00fap c\u1ea3i thi\u1ec7n s\u1ee9c kh\u1ecfe \u0111\u01b0\u1eddng ti\u00eau h\u00f3a, th\u00fac \u0111\u1ea9y ti\u00eau h\u00f3a v\u00e0 nhu \u0111\u1ed9ng ru\u1ed9t.<\/p>","protected":false},"excerpt":{"rendered":"<p>T\u00ean s\u1ea3n ph\u1ea9m: Asiaticoside<\/p>\n<p>S\u1ed1 CAS: 16830-15-2<\/p>\n<p>M\u00e3 s\u1ed1:C48H78O19<\/p>\n<p>Ngo\u1ea1i quan: Tinh th\u1ec3 m\u00e0u v\u00e0ng \u0111\u1ebfn n\u00e2u nh\u1ea1t<\/p>","protected":false},"featured_media":5849,"template":"","meta":{"_acf_changed":false,"_gspb_post_css":""},"product_brand":[],"product_cat":[55,59,124,103,122],"product_tag":[],"class_list":{"0":"post-5993","1":"product","2":"type-product","3":"status-publish","4":"has-post-thumbnail","6":"product_cat-food-additives","7":"product_cat-acidity-regulators","8":"product_cat-food-additives-plant-extract","9":"product_cat-nutrition-enhancer","10":"product_cat-plant-extract","12":"first","13":"instock","14":"shipping-taxable","15":"product-type-simple"},"acf":[],"_links":{"self":[{"href":"https:\/\/wpachem.com\/vi\/wp-json\/wp\/v2\/product\/5993","targetHints":{"allow":["GET"]}}],"collection":[{"href":"https:\/\/wpachem.com\/vi\/wp-json\/wp\/v2\/product"}],"about":[{"href":"https:\/\/wpachem.com\/vi\/wp-json\/wp\/v2\/types\/product"}],"version-history":[{"count":0,"href":"https:\/\/wpachem.com\/vi\/wp-json\/wp\/v2\/product\/5993\/revisions"}],"wp:featuredmedia":[{"embeddable":true,"href":"https:\/\/wpachem.com\/vi\/wp-json\/wp\/v2\/media\/5849"}],"wp:attachment":[{"href":"https:\/\/wpachem.com\/vi\/wp-json\/wp\/v2\/media?parent=5993"}],"wp:term":[{"taxonomy":"product_brand","embeddable":true,"href":"https:\/\/wpachem.com\/vi\/wp-json\/wp\/v2\/product_brand?post=5993"},{"taxonomy":"product_cat","embeddable":true,"href":"https:\/\/wpachem.com\/vi\/wp-json\/wp\/v2\/product_cat?post=5993"},{"taxonomy":"product_tag","embeddable":true,"href":"https:\/\/wpachem.com\/vi\/wp-json\/wp\/v2\/product_tag?post=5993"}],"curies":[{"name":"wp","href":"https:\/\/api.w.org\/{rel}","templated":true}]}}