{"id":5995,"date":"2024-02-07T06:39:33","date_gmt":"2024-02-07T06:39:33","guid":{"rendered":"https:\/\/wpachem.com\/?post_type=product&#038;p=5995"},"modified":"2024-02-07T06:39:34","modified_gmt":"2024-02-07T06:39:34","slug":"eucalyptus-oil-cas-8000-48-4","status":"publish","type":"product","link":"https:\/\/wpachem.com\/vi\/product\/eucalyptus-oil-cas-8000-48-4\/","title":{"rendered":"D\u1ea7u khuynh di\u1ec7p CAS 8000-48-4"},"content":{"rendered":"<p><strong>\u0110\u1eb7c \u0111i\u1ec3m<\/strong><\/p>\n<p>Kh\u00f4ng m\u00e0u \u0111\u1ebfn v\u00e0ng nh\u1ea1t, c\u00f3 m\u00f9i khuynh di\u1ec7p, c\u00f3 m\u00f9i thu\u1ed1c cay, m\u00e1t.<\/p>\n<p><strong>\u1ee8ng d\u1ee5ng:<\/strong><\/p>\n<ol>\n<li>Ch\u1ee7 y\u1ebfu \u0111\u01b0\u1ee3c s\u1eed d\u1ee5ng trong kem \u0111\u00e1nh r\u0103ng, b\u1ed9t \u0111\u00e1nh r\u0103ng, b\u1ed9t talc, x\u00e0 ph\u00f2ng, d\u1ea7u l\u00e0m m\u00e1t, kem gi\u00f3 v\u00e0 c\u00e1c s\u1ea3n ph\u1ea9m d\u01b0\u1ee3c ph\u1ea9m s\u1ee9c kh\u1ecfe kh\u00e1c. N\u00f3 c\u0169ng c\u00f3 th\u1ec3 \u0111\u01b0\u1ee3c s\u1eed d\u1ee5ng v\u1edbi s\u1ed1 l\u01b0\u1ee3ng nh\u1ecf trong vi\u1ec7c chu\u1ea9n b\u1ecb m\u1ed9t s\u1ed1 h\u01b0\u01a1ng v\u1ecb c\u1ee7a c\u00e1c s\u1ea3n ph\u1ea9m h\u00f3a h\u1ecdc h\u00e0ng ng\u00e0y.<\/li>\n<li>Gia v\u1ecb \u0103n \u0111\u01b0\u1ee3c. Ch\u1ee7 y\u1ebfu \u0111\u01b0\u1ee3c d\u00f9ng \u0111\u1ec3 ch\u1ebf bi\u1ebfn k\u1eb9o cao su v\u00e0 k\u1eb9o ho.<\/li>\n<\/ol>","protected":false},"excerpt":{"rendered":"<p>T\u00ean s\u1ea3n ph\u1ea9m: Tinh d\u1ea7u khuynh di\u1ec7p<\/p>\n<p>S\u1ed1 hi\u1ec7u: 8000-48-4<\/p>\n<p>MF:C10H18O<\/p>\n<p>Ngo\u1ea1i quan: Ch\u1ea5t l\u1ecfng kh\u00f4ng m\u00e0u \u0111\u1ebfn v\u00e0ng nh\u1ea1t<\/p>","protected":false},"featured_media":4816,"template":"","meta":{"_acf_changed":false,"_gspb_post_css":""},"product_brand":[],"product_cat":[61],"product_tag":[],"class_list":{"0":"post-5995","1":"product","2":"type-product","3":"status-publish","4":"has-post-thumbnail","6":"product_cat-flavor-and-fragrance","8":"first","9":"instock","10":"shipping-taxable","11":"product-type-simple"},"acf":[],"_links":{"self":[{"href":"https:\/\/wpachem.com\/vi\/wp-json\/wp\/v2\/product\/5995","targetHints":{"allow":["GET"]}}],"collection":[{"href":"https:\/\/wpachem.com\/vi\/wp-json\/wp\/v2\/product"}],"about":[{"href":"https:\/\/wpachem.com\/vi\/wp-json\/wp\/v2\/types\/product"}],"version-history":[{"count":0,"href":"https:\/\/wpachem.com\/vi\/wp-json\/wp\/v2\/product\/5995\/revisions"}],"wp:featuredmedia":[{"embeddable":true,"href":"https:\/\/wpachem.com\/vi\/wp-json\/wp\/v2\/media\/4816"}],"wp:attachment":[{"href":"https:\/\/wpachem.com\/vi\/wp-json\/wp\/v2\/media?parent=5995"}],"wp:term":[{"taxonomy":"product_brand","embeddable":true,"href":"https:\/\/wpachem.com\/vi\/wp-json\/wp\/v2\/product_brand?post=5995"},{"taxonomy":"product_cat","embeddable":true,"href":"https:\/\/wpachem.com\/vi\/wp-json\/wp\/v2\/product_cat?post=5995"},{"taxonomy":"product_tag","embeddable":true,"href":"https:\/\/wpachem.com\/vi\/wp-json\/wp\/v2\/product_tag?post=5995"}],"curies":[{"name":"wp","href":"https:\/\/api.w.org\/{rel}","templated":true}]}}