{"id":5997,"date":"2024-02-07T06:35:56","date_gmt":"2024-02-07T06:35:56","guid":{"rendered":"https:\/\/wpachem.com\/?post_type=product&#038;p=5997"},"modified":"2024-02-07T06:53:41","modified_gmt":"2024-02-07T06:53:41","slug":"azelaic-acid-cas-123-99-9","status":"publish","type":"product","link":"https:\/\/wpachem.com\/vi\/product\/azelaic-acid-cas-123-99-9\/","title":{"rendered":"Axit Azelaic CAS 123-99-9"},"content":{"rendered":"<p><strong>\u0110\u1eb7c \u0111i\u1ec3m<\/strong><\/p>\n<p>Tinh th\u1ec3 m\u00e0u tr\u1eafng ho\u1eb7c ch\u1ea5t b\u1ed9t r\u1eafn<\/p>\n<p><strong>\u1ee8ng d\u1ee5ng:<\/strong><\/p>\n<p>L\u1edbp ph\u1ee7 v\u00e0 nh\u1ef1a: Axit azelaic \u0111\u01b0\u1ee3c s\u1eed d\u1ee5ng r\u1ed9ng r\u00e3i trong s\u1ea3n xu\u1ea5t l\u1edbp ph\u1ee7 v\u00e0 nh\u1ef1a \u0111\u1ec3 c\u1ea3i thi\u1ec7n \u0111\u1ed9 b\u00e1m d\u00ednh, t\u00ednh linh ho\u1ea1t v\u00e0 \u0111\u1ed9 b\u1ec1n c\u1ee7a l\u1edbp ph\u1ee7.<br \/>\nS\u1ea3n ph\u1ea9m ch\u0103m s\u00f3c s\u1ee9c kh\u1ecfe: Axit azelaic c\u0169ng \u0111\u01b0\u1ee3c d\u00f9ng l\u00e0m th\u00e0nh ph\u1ea7n trong c\u00e1c s\u1ea3n ph\u1ea9m ch\u0103m s\u00f3c da v\u00e0 t\u00f3c \u0111\u1ec3 l\u00e0m m\u1ec1m, l\u00e0m m\u1ecbn v\u00e0 d\u01b0\u1ee1ng \u1ea9m.<br \/>\nCh\u1ea5t trung gian h\u00f3a h\u1ecdc: Axit azelaic c\u0169ng c\u00f3 th\u1ec3 \u0111\u01b0\u1ee3c s\u1eed d\u1ee5ng l\u00e0m ch\u1ea5t trung gian trong qu\u00e1 tr\u00ecnh t\u1ed5ng h\u1ee3p c\u00e1c h\u1ee3p ch\u1ea5t kh\u00e1c, ch\u1eb3ng h\u1ea1n nh\u01b0 polyme, thu\u1ed1c nhu\u1ed9m v\u00e0 h\u01b0\u01a1ng li\u1ec7u.<\/p>","protected":false},"excerpt":{"rendered":"<p>T\u00ean s\u1ea3n ph\u1ea9m: Axit Azelaic<\/p>\n<p>S\u1ed1 CAS: 123-99-9<\/p>\n<p>MF: C9H16O4<\/p>\n<p>Ngo\u1ea1i quan: Tinh th\u1ec3 m\u00e0u tr\u1eafng ho\u1eb7c ch\u1ea5t b\u1ed9t r\u1eafn<\/p>","protected":false},"featured_media":5179,"template":"","meta":{"_acf_changed":false,"_gspb_post_css":""},"product_brand":[],"product_cat":[60,132,136,128],"product_tag":[],"class_list":{"0":"post-5997","1":"product","2":"type-product","3":"status-publish","4":"has-post-thumbnail","6":"product_cat-cosmetic-ingredients","7":"product_cat-moisturizing","8":"product_cat-repairing","9":"product_cat-tanning-agent","11":"first","12":"instock","13":"shipping-taxable","14":"product-type-simple"},"acf":[],"_links":{"self":[{"href":"https:\/\/wpachem.com\/vi\/wp-json\/wp\/v2\/product\/5997","targetHints":{"allow":["GET"]}}],"collection":[{"href":"https:\/\/wpachem.com\/vi\/wp-json\/wp\/v2\/product"}],"about":[{"href":"https:\/\/wpachem.com\/vi\/wp-json\/wp\/v2\/types\/product"}],"version-history":[{"count":0,"href":"https:\/\/wpachem.com\/vi\/wp-json\/wp\/v2\/product\/5997\/revisions"}],"wp:featuredmedia":[{"embeddable":true,"href":"https:\/\/wpachem.com\/vi\/wp-json\/wp\/v2\/media\/5179"}],"wp:attachment":[{"href":"https:\/\/wpachem.com\/vi\/wp-json\/wp\/v2\/media?parent=5997"}],"wp:term":[{"taxonomy":"product_brand","embeddable":true,"href":"https:\/\/wpachem.com\/vi\/wp-json\/wp\/v2\/product_brand?post=5997"},{"taxonomy":"product_cat","embeddable":true,"href":"https:\/\/wpachem.com\/vi\/wp-json\/wp\/v2\/product_cat?post=5997"},{"taxonomy":"product_tag","embeddable":true,"href":"https:\/\/wpachem.com\/vi\/wp-json\/wp\/v2\/product_tag?post=5997"}],"curies":[{"name":"wp","href":"https:\/\/api.w.org\/{rel}","templated":true}]}}