{"id":6001,"date":"2024-02-07T06:58:58","date_gmt":"2024-02-07T06:58:58","guid":{"rendered":"https:\/\/wpachem.com\/?post_type=product&#038;p=6001"},"modified":"2024-02-07T07:02:40","modified_gmt":"2024-02-07T07:02:40","slug":"vitamin-e-acetate-cas-7695-91-2","status":"publish","type":"product","link":"https:\/\/wpachem.com\/vi\/product\/vitamin-e-acetate-cas-7695-91-2\/","title":{"rendered":"Vitamin E Acetate CAS 7695-91-2"},"content":{"rendered":"<p><strong>\u0110\u1eb7c \u0111i\u1ec3m<\/strong><\/p>\n<p>Ch\u1ea5t l\u1ecfng nh\u1eddn kh\u00f4ng m\u00e0u \u0111\u1ebfn v\u00e0ng<\/p>\n<p><strong>\u1ee8ng d\u1ee5ng:<\/strong><\/p>\n<p>Vitamin E acetate \u0111\u01b0\u1ee3c s\u1eed d\u1ee5ng r\u1ed9ng r\u00e3i trong th\u1ef1c ph\u1ea9m, s\u1ea3n ph\u1ea9m ch\u0103m s\u00f3c s\u1ee9c kh\u1ecfe v\u00e0 m\u1ef9 ph\u1ea9m.<\/p>\n<p>Trong ng\u00e0nh c\u00f4ng nghi\u1ec7p th\u1ef1c ph\u1ea9m, n\u00f3 \u0111\u01b0\u1ee3c s\u1eed d\u1ee5ng nh\u01b0 m\u1ed9t ch\u1ea5t ch\u1ed1ng oxy h\u00f3a \u0111\u1ec3 k\u00e9o d\u00e0i th\u1eddi h\u1ea1n s\u1eed d\u1ee5ng c\u1ee7a th\u1ef1c ph\u1ea9m.<\/p>\n<p>Trong l\u0129nh v\u1ef1c s\u1ea3n ph\u1ea9m ch\u0103m s\u00f3c s\u1ee9c kh\u1ecfe, vitamin E acetate \u0111\u01b0\u1ee3c th\u00eam v\u00e0o th\u1ef1c ph\u1ea9m ch\u1ee9c n\u0103ng \u0111\u1ec3 t\u0103ng c\u01b0\u1eddng kh\u1ea3 n\u0103ng ch\u1ed1ng oxy h\u00f3a v\u00e0 c\u1ea3i thi\u1ec7n s\u1ee9c kh\u1ecfe.<\/p>\n<p>Trong m\u1ef9 ph\u1ea9m, n\u00f3 th\u01b0\u1eddng \u0111\u01b0\u1ee3c d\u00f9ng nh\u01b0 m\u1ed9t th\u00e0nh ph\u1ea7n ch\u1ed1ng l\u00e3o h\u00f3a \u0111\u1ec3 gi\u00fap l\u00e0m gi\u1ea3m n\u1ebfp nh\u0103n v\u00e0 \u0111\u1ed1m \u0111en do da l\u00e3o h\u00f3a.<\/p>","protected":false},"excerpt":{"rendered":"<p>T\u00ean s\u1ea3n ph\u1ea9m: DL-Lactic acid<\/p>\n<p>S\u1ed1 CAS: 50-21-5<\/p>\n<p>MF:C3H6O3<\/p>\n<p>Ngo\u1ea1i quan: Ch\u1ea5t l\u1ecfng nh\u1eddn kh\u00f4ng m\u00e0u \u0111\u1ebfn v\u00e0ng<\/p>","protected":false},"featured_media":5867,"template":"","meta":{"_acf_changed":false,"_gspb_post_css":""},"product_brand":[],"product_cat":[55,131,136,103,57,60],"product_tag":[],"class_list":{"0":"post-6001","1":"product","2":"type-product","3":"status-publish","4":"has-post-thumbnail","6":"product_cat-food-additives","7":"product_cat-antioxidant","8":"product_cat-repairing","9":"product_cat-nutrition-enhancer","10":"product_cat-preservative","11":"product_cat-cosmetic-ingredients","13":"first","14":"instock","15":"shipping-taxable","16":"product-type-simple"},"acf":[],"_links":{"self":[{"href":"https:\/\/wpachem.com\/vi\/wp-json\/wp\/v2\/product\/6001","targetHints":{"allow":["GET"]}}],"collection":[{"href":"https:\/\/wpachem.com\/vi\/wp-json\/wp\/v2\/product"}],"about":[{"href":"https:\/\/wpachem.com\/vi\/wp-json\/wp\/v2\/types\/product"}],"version-history":[{"count":0,"href":"https:\/\/wpachem.com\/vi\/wp-json\/wp\/v2\/product\/6001\/revisions"}],"wp:featuredmedia":[{"embeddable":true,"href":"https:\/\/wpachem.com\/vi\/wp-json\/wp\/v2\/media\/5867"}],"wp:attachment":[{"href":"https:\/\/wpachem.com\/vi\/wp-json\/wp\/v2\/media?parent=6001"}],"wp:term":[{"taxonomy":"product_brand","embeddable":true,"href":"https:\/\/wpachem.com\/vi\/wp-json\/wp\/v2\/product_brand?post=6001"},{"taxonomy":"product_cat","embeddable":true,"href":"https:\/\/wpachem.com\/vi\/wp-json\/wp\/v2\/product_cat?post=6001"},{"taxonomy":"product_tag","embeddable":true,"href":"https:\/\/wpachem.com\/vi\/wp-json\/wp\/v2\/product_tag?post=6001"}],"curies":[{"name":"wp","href":"https:\/\/api.w.org\/{rel}","templated":true}]}}