{"id":6003,"date":"2024-02-07T07:06:30","date_gmt":"2024-02-07T07:06:30","guid":{"rendered":"https:\/\/wpachem.com\/?post_type=product&#038;p=6003"},"modified":"2024-02-07T07:17:28","modified_gmt":"2024-02-07T07:17:28","slug":"polyglycerin-10-cas-9041-07-0","status":"publish","type":"product","link":"https:\/\/wpachem.com\/vi\/product\/polyglycerin-10-cas-9041-07-0\/","title":{"rendered":"POLYGLYCERIN-10 CAS 9041-07-0"},"content":{"rendered":"<p><strong>\u0110\u1eb7c \u0111i\u1ec3m<\/strong><\/p>\n<p>Ch\u1ea5t l\u1ecfng m\u00e0u v\u00e0ng nh\u1ea1t \u0111\u1ebfn v\u00e0ng nh\u1ea1t<\/p>\n<p><strong>\u1ee8ng d\u1ee5ng:<\/strong><\/p>\n<p>Polyglycerol-10 c\u00f3 th\u1ec3 \u0111\u01b0\u1ee3c s\u1eed d\u1ee5ng trong nhi\u1ec1u s\u1ea3n ph\u1ea9m m\u1ef9 ph\u1ea9m nh\u01b0 s\u1eefa r\u1eeda m\u1eb7t, kem d\u01b0\u1ee1ng da, kem d\u01b0\u1ee1ng da, d\u1ea7u g\u1ed9i, v.v. N\u00f3 gi\u00fap l\u00e0m s\u1ea1ch da v\u00e0 t\u00f3c, gi\u00fap da m\u1ec1m m\u1ea1i v\u00e0 \u1ea9m m\u01b0\u1ee3t.<br \/>\nNgo\u00e0i ra, n\u00f3 c\u00f2n l\u00e0m t\u0103ng \u0111\u1ed9 \u1ed5n \u0111\u1ecbnh c\u1ee7a s\u1ea3n ph\u1ea9m v\u00e0 c\u1ea3i thi\u1ec7n k\u1ebft c\u1ea5u c\u1ee7a s\u1ea3n ph\u1ea9m.<\/p>","protected":false},"excerpt":{"rendered":"<p>T\u00ean s\u1ea3n ph\u1ea9m: POLYGLYCERIN-10<\/p>\n<p>S\u1ed1 CAS: 9041-07-0<\/p>\n<p>M\u1ea0NG: C30H62O21<\/p>\n<p>Ngo\u1ea1i quan: Ch\u1ea5t l\u1ecfng m\u00e0u v\u00e0ng nh\u1ea1t \u0111\u1ebfn v\u00e0ng nh\u1ea1t<\/p>","protected":false},"featured_media":3322,"template":"","meta":{"_acf_changed":false,"_gspb_post_css":""},"product_brand":[],"product_cat":[60,132,128],"product_tag":[],"class_list":{"0":"post-6003","1":"product","2":"type-product","3":"status-publish","4":"has-post-thumbnail","6":"product_cat-cosmetic-ingredients","7":"product_cat-moisturizing","8":"product_cat-tanning-agent","10":"first","11":"instock","12":"shipping-taxable","13":"product-type-simple"},"acf":[],"_links":{"self":[{"href":"https:\/\/wpachem.com\/vi\/wp-json\/wp\/v2\/product\/6003","targetHints":{"allow":["GET"]}}],"collection":[{"href":"https:\/\/wpachem.com\/vi\/wp-json\/wp\/v2\/product"}],"about":[{"href":"https:\/\/wpachem.com\/vi\/wp-json\/wp\/v2\/types\/product"}],"version-history":[{"count":0,"href":"https:\/\/wpachem.com\/vi\/wp-json\/wp\/v2\/product\/6003\/revisions"}],"wp:featuredmedia":[{"embeddable":true,"href":"https:\/\/wpachem.com\/vi\/wp-json\/wp\/v2\/media\/3322"}],"wp:attachment":[{"href":"https:\/\/wpachem.com\/vi\/wp-json\/wp\/v2\/media?parent=6003"}],"wp:term":[{"taxonomy":"product_brand","embeddable":true,"href":"https:\/\/wpachem.com\/vi\/wp-json\/wp\/v2\/product_brand?post=6003"},{"taxonomy":"product_cat","embeddable":true,"href":"https:\/\/wpachem.com\/vi\/wp-json\/wp\/v2\/product_cat?post=6003"},{"taxonomy":"product_tag","embeddable":true,"href":"https:\/\/wpachem.com\/vi\/wp-json\/wp\/v2\/product_tag?post=6003"}],"curies":[{"name":"wp","href":"https:\/\/api.w.org\/{rel}","templated":true}]}}