{"id":6004,"date":"2024-02-07T07:21:10","date_gmt":"2024-02-07T07:21:10","guid":{"rendered":"https:\/\/wpachem.com\/?post_type=product&#038;p=6004"},"modified":"2024-02-07T07:22:02","modified_gmt":"2024-02-07T07:22:02","slug":"natural-camphor","status":"publish","type":"product","link":"https:\/\/wpachem.com\/vi\/product\/natural-camphor\/","title":{"rendered":"Long n\u00e3o t\u1ef1 nhi\u00ean"},"content":{"rendered":"<p><strong>\u0110\u1eb7c \u0111i\u1ec3m<\/strong><\/p>\n<p>Tinh th\u1ec3 trong su\u1ed1t c\u00f3 m\u00f9i gi\u1ed1ng nh\u01b0 d\u1ea7u long n\u00e3o<\/p>\n<p><strong>\u1ee8ng d\u1ee5ng:<\/strong><\/p>\n<p>\u0110\u00e2y l\u00e0 nguy\u00ean li\u1ec7u th\u00f4 c\u01a1 b\u1ea3n quan tr\u1ecdng cho d\u01b0\u1ee3c ph\u1ea9m v\u00e0 h\u00f3a ch\u1ea5t, c\u00f3 th\u1ec3 d\u00f9ng l\u00e0m ch\u1ea5t h\u00f3a d\u1ebbo \u0111\u1ec3 s\u1ea3n xu\u1ea5t nh\u1ef1a, ng\u00e0 voi gi\u1ea3, vecni, thu\u1ed1c n\u1ed5, thu\u1ed1c ch\u1ed1ng c\u00f4n tr\u00f9ng, ch\u1ea5t b\u1ea3o qu\u1ea3n, v.v.<\/p>","protected":false},"excerpt":{"rendered":"<p>T\u00ean s\u1ea3n ph\u1ea9m: Long n\u00e3o thi\u00ean nhi\u00ean<\/p>\n<p>Ngo\u1ea1i quan: Tinh th\u1ec3 m\u00e0u tr\u1eafng<\/p>","protected":false},"featured_media":6007,"template":"","meta":{"_acf_changed":false,"_gspb_post_css":""},"product_brand":[],"product_cat":[61],"product_tag":[],"class_list":{"0":"post-6004","1":"product","2":"type-product","3":"status-publish","4":"has-post-thumbnail","6":"product_cat-flavor-and-fragrance","8":"first","9":"instock","10":"shipping-taxable","11":"product-type-simple"},"acf":[],"_links":{"self":[{"href":"https:\/\/wpachem.com\/vi\/wp-json\/wp\/v2\/product\/6004","targetHints":{"allow":["GET"]}}],"collection":[{"href":"https:\/\/wpachem.com\/vi\/wp-json\/wp\/v2\/product"}],"about":[{"href":"https:\/\/wpachem.com\/vi\/wp-json\/wp\/v2\/types\/product"}],"version-history":[{"count":0,"href":"https:\/\/wpachem.com\/vi\/wp-json\/wp\/v2\/product\/6004\/revisions"}],"wp:featuredmedia":[{"embeddable":true,"href":"https:\/\/wpachem.com\/vi\/wp-json\/wp\/v2\/media\/6007"}],"wp:attachment":[{"href":"https:\/\/wpachem.com\/vi\/wp-json\/wp\/v2\/media?parent=6004"}],"wp:term":[{"taxonomy":"product_brand","embeddable":true,"href":"https:\/\/wpachem.com\/vi\/wp-json\/wp\/v2\/product_brand?post=6004"},{"taxonomy":"product_cat","embeddable":true,"href":"https:\/\/wpachem.com\/vi\/wp-json\/wp\/v2\/product_cat?post=6004"},{"taxonomy":"product_tag","embeddable":true,"href":"https:\/\/wpachem.com\/vi\/wp-json\/wp\/v2\/product_tag?post=6004"}],"curies":[{"name":"wp","href":"https:\/\/api.w.org\/{rel}","templated":true}]}}