{"id":6006,"date":"2024-02-07T07:17:41","date_gmt":"2024-02-07T07:17:41","guid":{"rendered":"https:\/\/wpachem.com\/?post_type=product&#038;p=6006"},"modified":"2024-02-07T07:26:27","modified_gmt":"2024-02-07T07:26:27","slug":"sodium-polyglutamate-cas-28829-38-1","status":"publish","type":"product","link":"https:\/\/wpachem.com\/vi\/product\/sodium-polyglutamate-cas-28829-38-1\/","title":{"rendered":"NATRI POLYGLUTAMATE CAS 28829-38-1"},"content":{"rendered":"<p><strong>\u0110\u1eb7c \u0111i\u1ec3m<\/strong><\/p>\n<p>B\u1ed9t tinh th\u1ec3 m\u00e0u tr\u1eafng ho\u1eb7c c\u00e1c h\u1ea1t tinh th\u1ec3<\/p>\n<p><strong>\u1ee8ng d\u1ee5ng:<\/strong><\/p>\n<p>1. Ng\u00e0nh c\u00f4ng nghi\u1ec7p th\u1ef1c ph\u1ea9m: L\u00e0 m\u1ed9t ch\u1ea5t ph\u1ee5 gia th\u1ef1c ph\u1ea9m, natri polyglutamate c\u00f3 th\u1ec3 l\u00e0m t\u0103ng h\u01b0\u01a1ng v\u1ecb v\u00e0 k\u1ebft c\u1ea5u c\u1ee7a th\u1ef1c ph\u1ea9m v\u00e0 c\u1ea3i thi\u1ec7n ch\u1ea5t l\u01b0\u1ee3ng th\u1ef1c ph\u1ea9m.<br \/>\n2. L\u0129nh v\u1ef1c d\u01b0\u1ee3c ph\u1ea9m: Natri polyglutamat c\u00f3 th\u1ec3 \u0111\u01b0\u1ee3c s\u1eed d\u1ee5ng \u0111\u1ec3 \u0111i\u1ec1u ch\u1ebf thu\u1ed1c gi\u1ea3i ph\u00f3ng k\u00e9o d\u00e0i v\u00e0 thu\u1ed1c l\u00e0m d\u1ecbu, c\u00f3 th\u1ec3 gi\u00fap thu\u1ed1c \u0111\u01b0\u1ee3c h\u1ea5p thu v\u00e0 gi\u1ea3i ph\u00f3ng t\u1ed1t h\u01a1n.<br \/>\n3. Ng\u00e0nh c\u00f4ng nghi\u1ec7p m\u1ef9 ph\u1ea9m: Natri polyglutamate c\u00f3 t\u00e1c d\u1ee5ng d\u01b0\u1ee1ng \u1ea9m v\u00e0 ch\u1ed1ng nh\u0103n v\u00e0 c\u00f3 th\u1ec3 \u0111\u01b0\u1ee3c s\u1eed d\u1ee5ng trong c\u00e1c s\u1ea3n ph\u1ea9m ch\u0103m s\u00f3c da v\u00e0 m\u1ef9 ph\u1ea9m<\/p>","protected":false},"excerpt":{"rendered":"<p>T\u00ean s\u1ea3n ph\u1ea9m: SODIUM POLYGLUTAMATE<\/p>\n<p>S\u1ed1 CAS: 28829-38-1<\/p>\n<p>Ngo\u1ea1i quan: B\u1ed9t tinh th\u1ec3 m\u00e0u tr\u1eafng ho\u1eb7c c\u00e1c h\u1ea1t tinh th\u1ec3<\/p>","protected":false},"featured_media":5182,"template":"","meta":{"_acf_changed":false,"_gspb_post_css":""},"product_brand":[],"product_cat":[55,132,136,101,60],"product_tag":[],"class_list":{"0":"post-6006","1":"product","2":"type-product","3":"status-publish","4":"has-post-thumbnail","6":"product_cat-food-additives","7":"product_cat-moisturizing","8":"product_cat-repairing","9":"product_cat-flavour-enhancer-food-additives","10":"product_cat-cosmetic-ingredients","12":"first","13":"instock","14":"shipping-taxable","15":"product-type-simple"},"acf":[],"_links":{"self":[{"href":"https:\/\/wpachem.com\/vi\/wp-json\/wp\/v2\/product\/6006","targetHints":{"allow":["GET"]}}],"collection":[{"href":"https:\/\/wpachem.com\/vi\/wp-json\/wp\/v2\/product"}],"about":[{"href":"https:\/\/wpachem.com\/vi\/wp-json\/wp\/v2\/types\/product"}],"version-history":[{"count":0,"href":"https:\/\/wpachem.com\/vi\/wp-json\/wp\/v2\/product\/6006\/revisions"}],"wp:featuredmedia":[{"embeddable":true,"href":"https:\/\/wpachem.com\/vi\/wp-json\/wp\/v2\/media\/5182"}],"wp:attachment":[{"href":"https:\/\/wpachem.com\/vi\/wp-json\/wp\/v2\/media?parent=6006"}],"wp:term":[{"taxonomy":"product_brand","embeddable":true,"href":"https:\/\/wpachem.com\/vi\/wp-json\/wp\/v2\/product_brand?post=6006"},{"taxonomy":"product_cat","embeddable":true,"href":"https:\/\/wpachem.com\/vi\/wp-json\/wp\/v2\/product_cat?post=6006"},{"taxonomy":"product_tag","embeddable":true,"href":"https:\/\/wpachem.com\/vi\/wp-json\/wp\/v2\/product_tag?post=6006"}],"curies":[{"name":"wp","href":"https:\/\/api.w.org\/{rel}","templated":true}]}}