{"id":6012,"date":"2024-02-07T07:23:36","date_gmt":"2024-02-07T07:23:36","guid":{"rendered":"https:\/\/wpachem.com\/?post_type=product&#038;p=6012"},"modified":"2024-02-07T07:23:36","modified_gmt":"2024-02-07T07:23:36","slug":"d-camphor-cas-464-49-3","status":"publish","type":"product","link":"https:\/\/wpachem.com\/vi\/product\/d-camphor-cas-464-49-3\/","title":{"rendered":"D-Long n\u00e3o CAS 464-49-3"},"content":{"rendered":"<p><strong>\u0110\u1eb7c \u0111i\u1ec3m<\/strong><\/p>\n<p>Tinh th\u1ec3 m\u00e0u tr\u1eafng, \u00edt tan trong n\u01b0\u1edbc, d\u1ec5 tan trong c\u1ed3n v\u00e0 d\u1ea7u nh\u1eb9, d\u1ec5 tan trong d\u1ea7u b\u00e9o, r\u1ea5t \u00edt tan trong glycerol<\/p>\n<p><strong>\u1ee8ng d\u1ee5ng:<\/strong><\/p>\n<p>\u0110\u00e2y l\u00e0 nguy\u00ean li\u1ec7u th\u00f4 c\u01a1 b\u1ea3n quan tr\u1ecdng cho d\u01b0\u1ee3c ph\u1ea9m v\u00e0 h\u00f3a ch\u1ea5t, c\u00f3 th\u1ec3 d\u00f9ng l\u00e0m ch\u1ea5t h\u00f3a d\u1ebbo \u0111\u1ec3 s\u1ea3n xu\u1ea5t nh\u1ef1a, ng\u00e0 voi gi\u1ea3, vecni, thu\u1ed1c n\u1ed5, thu\u1ed1c ch\u1ed1ng c\u00f4n tr\u00f9ng, ch\u1ea5t b\u1ea3o qu\u1ea3n, v.v.<\/p>","protected":false},"excerpt":{"rendered":"<p>T\u00ean s\u1ea3n ph\u1ea9m: Long n\u00e3o thi\u00ean nhi\u00ean<\/p>\n<p>S\u1ed1 hi\u1ec7u: 464-49-3<\/p>\n<p>MF:C10H16O<\/p>\n<p>Ngo\u1ea1i quan: Tinh th\u1ec3 m\u00e0u tr\u1eafng<\/p>","protected":false},"featured_media":6008,"template":"","meta":{"_acf_changed":false,"_gspb_post_css":""},"product_brand":[],"product_cat":[61],"product_tag":[],"class_list":{"0":"post-6012","1":"product","2":"type-product","3":"status-publish","4":"has-post-thumbnail","6":"product_cat-flavor-and-fragrance","8":"first","9":"instock","10":"shipping-taxable","11":"product-type-simple"},"acf":[],"_links":{"self":[{"href":"https:\/\/wpachem.com\/vi\/wp-json\/wp\/v2\/product\/6012","targetHints":{"allow":["GET"]}}],"collection":[{"href":"https:\/\/wpachem.com\/vi\/wp-json\/wp\/v2\/product"}],"about":[{"href":"https:\/\/wpachem.com\/vi\/wp-json\/wp\/v2\/types\/product"}],"version-history":[{"count":0,"href":"https:\/\/wpachem.com\/vi\/wp-json\/wp\/v2\/product\/6012\/revisions"}],"wp:featuredmedia":[{"embeddable":true,"href":"https:\/\/wpachem.com\/vi\/wp-json\/wp\/v2\/media\/6008"}],"wp:attachment":[{"href":"https:\/\/wpachem.com\/vi\/wp-json\/wp\/v2\/media?parent=6012"}],"wp:term":[{"taxonomy":"product_brand","embeddable":true,"href":"https:\/\/wpachem.com\/vi\/wp-json\/wp\/v2\/product_brand?post=6012"},{"taxonomy":"product_cat","embeddable":true,"href":"https:\/\/wpachem.com\/vi\/wp-json\/wp\/v2\/product_cat?post=6012"},{"taxonomy":"product_tag","embeddable":true,"href":"https:\/\/wpachem.com\/vi\/wp-json\/wp\/v2\/product_tag?post=6012"}],"curies":[{"name":"wp","href":"https:\/\/api.w.org\/{rel}","templated":true}]}}