{"id":6017,"date":"2024-02-07T07:27:32","date_gmt":"2024-02-07T07:27:32","guid":{"rendered":"https:\/\/wpachem.com\/?post_type=product&#038;p=6017"},"modified":"2024-02-07T07:31:18","modified_gmt":"2024-02-07T07:31:18","slug":"glyceryl-glucoside-cas-22160-26-5-2","status":"publish","type":"product","link":"https:\/\/wpachem.com\/vi\/product\/glyceryl-glucoside-cas-22160-26-5-2\/","title":{"rendered":"Glyceryl Glucoside CAS 22160-26-5"},"content":{"rendered":"<p><strong>\u0110\u1eb7c \u0111i\u1ec3m<\/strong><\/p>\n<p>B\u1ed9t m\u00e0u tr\u1eafng \u0111\u1ebfn tr\u1eafng ng\u00e0<\/p>\n<p><strong>\u1ee8ng d\u1ee5ng:<\/strong><\/p>\n<p>N\u00f3 c\u00f3 nhi\u1ec1u c\u00f4ng d\u1ee5ng. Trong m\u1ef9 ph\u1ea9m v\u00e0 c\u00e1c s\u1ea3n ph\u1ea9m ch\u0103m s\u00f3c c\u00e1 nh\u00e2n, n\u00f3 th\u01b0\u1eddng \u0111\u01b0\u1ee3c s\u1eed d\u1ee5ng nh\u01b0 m\u1ed9t ch\u1ea5t ho\u1ea1t \u0111\u1ed9ng b\u1ec1 m\u1eb7t trong d\u1ea7u g\u1ed9i, s\u1eefa t\u1eafm, s\u1eefa r\u1eeda m\u1eb7t, kem \u0111\u00e1nh r\u0103ng v\u00e0 c\u00e1c s\u1ea3n ph\u1ea9m kh\u00e1c, c\u00f3 t\u00e1c d\u1ee5ng l\u00e0m s\u1ea1ch v\u00e0 d\u01b0\u1ee1ng \u1ea9m t\u1ed1t.<br \/>\nN\u00f3 c\u0169ng th\u01b0\u1eddng \u0111\u01b0\u1ee3c d\u00f9ng \u0111\u1ec3 \u0111i\u1ec1u ch\u1ebf c\u00e1c s\u1ea3n ph\u1ea9m ch\u0103m s\u00f3c m\u1eaft nh\u01b0 dung d\u1ecbch v\u1ec7 sinh k\u00ednh thu\u1ed1c v\u00e0 thu\u1ed1c nh\u1ecf m\u1eaft.<\/p>","protected":false},"excerpt":{"rendered":"<p>T\u00ean s\u1ea3n ph\u1ea9m: Glyceryl Glucoside<\/p>\n<p>S\u1ed1 CAS: 22160-26-5<\/p>\n<p>Nguy\u00ean t\u1eed: C9H18O8<\/p>\n<p>Ngo\u1ea1i quan: B\u1ed9t m\u00e0u tr\u1eafng \u0111\u1ebfn tr\u1eafng ng\u00e0<\/p>","protected":false},"featured_media":5179,"template":"","meta":{"_acf_changed":false,"_gspb_post_css":""},"product_brand":[],"product_cat":[60,132],"product_tag":[],"class_list":{"0":"post-6017","1":"product","2":"type-product","3":"status-publish","4":"has-post-thumbnail","6":"product_cat-cosmetic-ingredients","7":"product_cat-moisturizing","9":"first","10":"instock","11":"shipping-taxable","12":"product-type-simple"},"acf":[],"_links":{"self":[{"href":"https:\/\/wpachem.com\/vi\/wp-json\/wp\/v2\/product\/6017","targetHints":{"allow":["GET"]}}],"collection":[{"href":"https:\/\/wpachem.com\/vi\/wp-json\/wp\/v2\/product"}],"about":[{"href":"https:\/\/wpachem.com\/vi\/wp-json\/wp\/v2\/types\/product"}],"version-history":[{"count":0,"href":"https:\/\/wpachem.com\/vi\/wp-json\/wp\/v2\/product\/6017\/revisions"}],"wp:featuredmedia":[{"embeddable":true,"href":"https:\/\/wpachem.com\/vi\/wp-json\/wp\/v2\/media\/5179"}],"wp:attachment":[{"href":"https:\/\/wpachem.com\/vi\/wp-json\/wp\/v2\/media?parent=6017"}],"wp:term":[{"taxonomy":"product_brand","embeddable":true,"href":"https:\/\/wpachem.com\/vi\/wp-json\/wp\/v2\/product_brand?post=6017"},{"taxonomy":"product_cat","embeddable":true,"href":"https:\/\/wpachem.com\/vi\/wp-json\/wp\/v2\/product_cat?post=6017"},{"taxonomy":"product_tag","embeddable":true,"href":"https:\/\/wpachem.com\/vi\/wp-json\/wp\/v2\/product_tag?post=6017"}],"curies":[{"name":"wp","href":"https:\/\/api.w.org\/{rel}","templated":true}]}}