{"id":6018,"date":"2024-02-07T07:32:35","date_gmt":"2024-02-07T07:32:35","guid":{"rendered":"https:\/\/wpachem.com\/?post_type=product&#038;p=6018"},"modified":"2024-02-07T07:32:35","modified_gmt":"2024-02-07T07:32:35","slug":"thymol-cas-89-83-8","status":"publish","type":"product","link":"https:\/\/wpachem.com\/vi\/product\/thymol-cas-89-83-8\/","title":{"rendered":"Thymol CAS 89-83-8"},"content":{"rendered":"<p><strong>\u0110\u1eb7c \u0111i\u1ec3m<\/strong><\/p>\n<p>Tinh th\u1ec3 m\u00e0u tr\u1eafng ho\u1eb7c b\u1ed9t tinh th\u1ec3 c\u00f3 m\u00f9i gi\u1ed1ng nh\u01b0 c\u1ecf x\u1ea1 h\u01b0\u01a1ng<\/p>\n<p><strong>\u1ee8ng d\u1ee5ng:<\/strong><\/p>\n<p>Thymol c\u00f3 t\u00e1c d\u1ee5ng di\u1ec7t khu\u1ea9n m\u1ea1nh h\u01a1n phenol, \u0111\u1ed9c t\u00ednh th\u1ea5p. C\u00f3 t\u00e1c d\u1ee5ng di\u1ec7t khu\u1ea9n v\u00e0 di\u1ec7t n\u1ea5m \u0111\u1ed1i v\u1edbi ni\u00eam m\u1ea1c mi\u1ec7ng v\u00e0 h\u1ecdng, c\u00f3 t\u00e1c d\u1ee5ng ch\u1ed1ng \u0103n m\u00f2n v\u00e0 g\u00e2y t\u00ea t\u1ea1i ch\u1ed7 \u0111\u1ed1i v\u1edbi khoang s\u00e2u r\u0103ng. D\u00f9ng \u0111\u1ec3 kh\u1eed tr\u00f9ng v\u00e0 ti\u1ec7t tr\u00f9ng mi\u1ec7ng v\u00e0 h\u1ecdng, b\u1ec7nh n\u1ea5m da, b\u1ec7nh n\u1ea5m ph\u00f3ng x\u1ea1 v\u00e0 vi\u00eam tai. C\u00f3 th\u1ec3 th\u00fac \u0111\u1ea9y s\u1ef1 chuy\u1ec3n \u0111\u1ed9ng c\u1ee7a l\u00f4ng mao kh\u00ed qu\u1ea3n, c\u00f3 l\u1ee3i cho vi\u1ec7c ti\u1ebft d\u1ecbch nh\u1ea7y kh\u00ed qu\u1ea3n, d\u1ec5 ph\u00e1t huy t\u00e1c d\u1ee5ng long \u0111\u1eddm, c\u00f3 t\u00e1c d\u1ee5ng di\u1ec7t khu\u1ea9n, do \u0111\u00f3 c\u00f3 th\u1ec3 d\u00f9ng \u0111\u1ec3 \u0111i\u1ec1u tr\u1ecb vi\u00eam ph\u1ebf qu\u1ea3n, ho g\u00e0, v.v.<\/p>","protected":false},"excerpt":{"rendered":"<p>T\u00ean s\u1ea3n ph\u1ea9m: Thymol<\/p>\n<p>S\u1ed1 hi\u1ec7u: 89-83-8<\/p>\n<p>MF: C10H14O<\/p>\n<p>Ngo\u1ea1i quan: Tinh th\u1ec3 m\u00e0u tr\u1eafng<\/p>","protected":false},"featured_media":6007,"template":"","meta":{"_acf_changed":false,"_gspb_post_css":""},"product_brand":[],"product_cat":[61],"product_tag":[],"class_list":{"0":"post-6018","1":"product","2":"type-product","3":"status-publish","4":"has-post-thumbnail","6":"product_cat-flavor-and-fragrance","8":"first","9":"instock","10":"shipping-taxable","11":"product-type-simple"},"acf":[],"_links":{"self":[{"href":"https:\/\/wpachem.com\/vi\/wp-json\/wp\/v2\/product\/6018","targetHints":{"allow":["GET"]}}],"collection":[{"href":"https:\/\/wpachem.com\/vi\/wp-json\/wp\/v2\/product"}],"about":[{"href":"https:\/\/wpachem.com\/vi\/wp-json\/wp\/v2\/types\/product"}],"version-history":[{"count":0,"href":"https:\/\/wpachem.com\/vi\/wp-json\/wp\/v2\/product\/6018\/revisions"}],"wp:featuredmedia":[{"embeddable":true,"href":"https:\/\/wpachem.com\/vi\/wp-json\/wp\/v2\/media\/6007"}],"wp:attachment":[{"href":"https:\/\/wpachem.com\/vi\/wp-json\/wp\/v2\/media?parent=6018"}],"wp:term":[{"taxonomy":"product_brand","embeddable":true,"href":"https:\/\/wpachem.com\/vi\/wp-json\/wp\/v2\/product_brand?post=6018"},{"taxonomy":"product_cat","embeddable":true,"href":"https:\/\/wpachem.com\/vi\/wp-json\/wp\/v2\/product_cat?post=6018"},{"taxonomy":"product_tag","embeddable":true,"href":"https:\/\/wpachem.com\/vi\/wp-json\/wp\/v2\/product_tag?post=6018"}],"curies":[{"name":"wp","href":"https:\/\/api.w.org\/{rel}","templated":true}]}}