{"id":6020,"date":"2024-02-07T07:31:48","date_gmt":"2024-02-07T07:31:48","guid":{"rendered":"https:\/\/wpachem.com\/?post_type=product&#038;p=6020"},"modified":"2024-02-07T07:43:44","modified_gmt":"2024-02-07T07:43:44","slug":"tranexamic-acid-cas-1197-18-8","status":"publish","type":"product","link":"https:\/\/wpachem.com\/vi\/product\/tranexamic-acid-cas-1197-18-8\/","title":{"rendered":"Axit Tranexamic CAS 1197-18-8"},"content":{"rendered":"<p><strong>\u0110\u1eb7c \u0111i\u1ec3m<\/strong><\/p>\n<p>Ch\u1ea5t r\u1eafn k\u1ebft tinh kh\u00f4ng m\u00e0u<\/p>\n<p><strong>\u1ee8ng d\u1ee5ng:<\/strong><\/p>\n<p>L\u0129nh v\u1ef1c d\u01b0\u1ee3c ph\u1ea9m: L\u00e0 m\u1ed9t lo\u1ea1i thu\u1ed1c kh\u00f4ng k\u00ea \u0111\u01a1n, th\u01b0\u1eddng \u0111\u01b0\u1ee3c d\u00f9ng \u0111\u1ec3 \u0111i\u1ec1u tr\u1ecb c\u00e1c b\u1ec7nh v\u1ec1 da li\u00ean quan \u0111\u1ebfn \u0111au v\u00e0 ng\u1ee9a, ch\u1eb3ng h\u1ea1n nh\u01b0 b\u1ec7nh ch\u00e0m, n\u1ed5i m\u1ec1 \u0111ay v\u00e0 d\u1ecb \u1ee9ng da.<\/p>\n<p>L\u0129nh v\u1ef1c m\u1ef9 ph\u1ea9m: Axit aminomethylcyclohexanecarboxylic c\u00f3 kh\u1ea3 n\u0103ng \u1ed5n \u0111\u1ecbnh nh\u0169 t\u01b0\u01a1ng v\u00e0 ch\u1ea5t nh\u0169 h\u00f3a n\u00ean th\u01b0\u1eddng \u0111\u01b0\u1ee3c d\u00f9ng trong c\u00e1c s\u1ea3n ph\u1ea9m ch\u0103m s\u00f3c da v\u00e0 m\u1ef9 ph\u1ea9m nh\u01b0 m\u1ed9t ch\u1ea5t b\u1ea3o qu\u1ea3n v\u00e0 kh\u00e1ng khu\u1ea9n.<\/p>","protected":false},"excerpt":{"rendered":"<p>T\u00ean s\u1ea3n ph\u1ea9m: Axit Tranexamic<\/p>\n<p>S\u1ed1 CAS: 1197-18-8<\/p>\n<p>MF:C8H15NO2<\/p>\n<p>Ngo\u1ea1i quan: Ch\u1ea5t r\u1eafn k\u1ebft tinh kh\u00f4ng m\u00e0u<\/p>","protected":false},"featured_media":5182,"template":"","meta":{"_acf_changed":false,"_gspb_post_css":""},"product_brand":[],"product_cat":[60,135],"product_tag":[],"class_list":{"0":"post-6020","1":"product","2":"type-product","3":"status-publish","4":"has-post-thumbnail","6":"product_cat-cosmetic-ingredients","7":"product_cat-preservative-cosmetic-ingredients","9":"first","10":"instock","11":"shipping-taxable","12":"product-type-simple"},"acf":[],"_links":{"self":[{"href":"https:\/\/wpachem.com\/vi\/wp-json\/wp\/v2\/product\/6020","targetHints":{"allow":["GET"]}}],"collection":[{"href":"https:\/\/wpachem.com\/vi\/wp-json\/wp\/v2\/product"}],"about":[{"href":"https:\/\/wpachem.com\/vi\/wp-json\/wp\/v2\/types\/product"}],"version-history":[{"count":0,"href":"https:\/\/wpachem.com\/vi\/wp-json\/wp\/v2\/product\/6020\/revisions"}],"wp:featuredmedia":[{"embeddable":true,"href":"https:\/\/wpachem.com\/vi\/wp-json\/wp\/v2\/media\/5182"}],"wp:attachment":[{"href":"https:\/\/wpachem.com\/vi\/wp-json\/wp\/v2\/media?parent=6020"}],"wp:term":[{"taxonomy":"product_brand","embeddable":true,"href":"https:\/\/wpachem.com\/vi\/wp-json\/wp\/v2\/product_brand?post=6020"},{"taxonomy":"product_cat","embeddable":true,"href":"https:\/\/wpachem.com\/vi\/wp-json\/wp\/v2\/product_cat?post=6020"},{"taxonomy":"product_tag","embeddable":true,"href":"https:\/\/wpachem.com\/vi\/wp-json\/wp\/v2\/product_tag?post=6020"}],"curies":[{"name":"wp","href":"https:\/\/api.w.org\/{rel}","templated":true}]}}