{"id":6025,"date":"2024-02-07T07:44:34","date_gmt":"2024-02-07T07:44:34","guid":{"rendered":"https:\/\/wpachem.com\/?post_type=product&#038;p=6025"},"modified":"2024-02-07T07:54:35","modified_gmt":"2024-02-07T07:54:35","slug":"licorice-cas-84775-66-6","status":"publish","type":"product","link":"https:\/\/wpachem.com\/vi\/product\/licorice-cas-84775-66-6\/","title":{"rendered":"Cam th\u1ea3o CAS 84775-66-6"},"content":{"rendered":"<p><strong>\u0110\u1eb7c \u0111i\u1ec3m<\/strong><\/p>\n<p>D\u1ea1ng b\u00e1n r\u1eafn m\u00e0u n\u00e2u v\u00e0ng ho\u1eb7c n\u00e2u \u0111en<\/p>\n<p><strong>\u1ee8ng d\u1ee5ng:<\/strong><\/p>\n<p>1. Trong y h\u1ecdc c\u1ed5 truy\u1ec1n Trung Qu\u1ed1c, chi\u1ebft xu\u1ea5t cam th\u1ea3o \u0111\u01b0\u1ee3c s\u1eed d\u1ee5ng r\u1ed9ng r\u00e3i \u0111\u1ec3 \u0111i\u1ec1u tr\u1ecb ho, \u0111au h\u1ecdng, lo\u00e9t, kh\u00f3 ti\u00eau, vi\u00eam d\u1ea1 d\u00e0y v\u00e0 c\u00e1c b\u1ec7nh kh\u00e1c. N\u00f3 c\u00f3 \u0111\u1eb7c t\u00ednh ch\u1ed1ng vi\u00eam, gi\u1ea3m \u0111au v\u00e0 ch\u1ed1ng lo\u00e9t.<\/p>\n<p>2. Ph\u1ee5 gia th\u1ef1c ph\u1ea9m: Do c\u00f3 v\u1ecb ng\u1ecdt, chi\u1ebft xu\u1ea5t cam th\u1ea3o \u0111\u01b0\u1ee3c s\u1eed d\u1ee5ng nh\u01b0 m\u1ed9t ch\u1ea5t ph\u1ee5 gia th\u1ef1c ph\u1ea9m v\u00e0 ch\u1ea5t t\u1ea1o h\u01b0\u01a1ng v\u1ecb v\u00e0 th\u01b0\u1eddng c\u00f3 trong k\u1eb9o, k\u1eb9o cao su, ch\u1ea5t t\u1ea1o ng\u1ecdt v\u00e0 \u0111\u1ed3 u\u1ed1ng.<\/p>\n<p>3. M\u1ef9 ph\u1ea9m: Chi\u1ebft xu\u1ea5t cam th\u1ea3o c\u0169ng \u0111\u01b0\u1ee3c s\u1eed d\u1ee5ng trong m\u1ef9 ph\u1ea9m v\u00ec t\u00e1c d\u1ee5ng l\u00e0m d\u1ecbu v\u00e0 d\u01b0\u1ee1ng \u1ea9m.<\/p>","protected":false},"excerpt":{"rendered":"<p>T\u00ean s\u1ea3n ph\u1ea9m: Cam th\u1ea3o<\/p>\n<p>S\u1ed1 CAS: 84775-66-6<\/p>\n<p>Ngo\u1ea1i quan: D\u1ea1ng b\u00e1n r\u1eafn m\u00e0u n\u00e2u v\u00e0ng ho\u1eb7c n\u00e2u \u0111en<\/p>","protected":false},"featured_media":6027,"template":"","meta":{"_acf_changed":false,"_gspb_post_css":""},"product_brand":[],"product_cat":[55,132,136,101,60],"product_tag":[],"class_list":{"0":"post-6025","1":"product","2":"type-product","3":"status-publish","4":"has-post-thumbnail","6":"product_cat-food-additives","7":"product_cat-moisturizing","8":"product_cat-repairing","9":"product_cat-flavour-enhancer-food-additives","10":"product_cat-cosmetic-ingredients","12":"first","13":"instock","14":"shipping-taxable","15":"product-type-simple"},"acf":[],"_links":{"self":[{"href":"https:\/\/wpachem.com\/vi\/wp-json\/wp\/v2\/product\/6025","targetHints":{"allow":["GET"]}}],"collection":[{"href":"https:\/\/wpachem.com\/vi\/wp-json\/wp\/v2\/product"}],"about":[{"href":"https:\/\/wpachem.com\/vi\/wp-json\/wp\/v2\/types\/product"}],"version-history":[{"count":0,"href":"https:\/\/wpachem.com\/vi\/wp-json\/wp\/v2\/product\/6025\/revisions"}],"wp:featuredmedia":[{"embeddable":true,"href":"https:\/\/wpachem.com\/vi\/wp-json\/wp\/v2\/media\/6027"}],"wp:attachment":[{"href":"https:\/\/wpachem.com\/vi\/wp-json\/wp\/v2\/media?parent=6025"}],"wp:term":[{"taxonomy":"product_brand","embeddable":true,"href":"https:\/\/wpachem.com\/vi\/wp-json\/wp\/v2\/product_brand?post=6025"},{"taxonomy":"product_cat","embeddable":true,"href":"https:\/\/wpachem.com\/vi\/wp-json\/wp\/v2\/product_cat?post=6025"},{"taxonomy":"product_tag","embeddable":true,"href":"https:\/\/wpachem.com\/vi\/wp-json\/wp\/v2\/product_tag?post=6025"}],"curies":[{"name":"wp","href":"https:\/\/api.w.org\/{rel}","templated":true}]}}