{"id":6026,"date":"2024-02-07T07:57:51","date_gmt":"2024-02-07T07:57:51","guid":{"rendered":"https:\/\/wpachem.com\/?post_type=product&#038;p=6026"},"modified":"2024-02-19T02:32:07","modified_gmt":"2024-02-19T02:32:07","slug":"beta-carotene-cas-7235-40-7","status":"publish","type":"product","link":"https:\/\/wpachem.com\/vi\/product\/beta-carotene-cas-7235-40-7\/","title":{"rendered":"M\u00e0u th\u1ef1c ph\u1ea9m t\u1ef1 nhi\u00ean Beta Carotene CAS 7235-40-7"},"content":{"rendered":"<p><strong>\u0110\u1eb7c \u0111i\u1ec3m<\/strong><\/p>\n<p>Beta-carotene (beta-carotene) thu\u1ed9c nh\u00f3m carotenoid, c\u00f3 m\u1eb7t kh\u1eafp n\u01a1i trong t\u1ef1 nhi\u00ean v\u00e0 l\u00e0 s\u1eafc t\u1ed1 t\u1ef1 nhi\u00ean \u1ed5n \u0111\u1ecbnh nh\u1ea5t, l\u00e0 h\u1ee3p ch\u1ea5t tan trong ch\u1ea5t b\u00e9o m\u00e0u v\u00e0ng cam, h\u00ecnh thoi l\u1ee5c di\u1ec7n b\u00f3ng ho\u1eb7c b\u1ed9t tinh th\u1ec3, ch\u1ee7 y\u1ebfu c\u00f3 ngu\u1ed3n g\u1ed1c t\u1eeb th\u1ef1c v\u1eadt xanh v\u00e0 c\u00e1c lo\u1ea1i qu\u1ea3 m\u00e0u v\u00e0ng, cam v\u00e0 c\u00e1c lo\u1ea1i th\u1ef1c ph\u1ea9m t\u1ef1 nhi\u00ean kh\u00e1c. Dung d\u1ecbch beta-carotene lo\u00e3ng c\u00f3 m\u00e0u v\u00e0ng cam \u0111\u1ebfn v\u00e0ng, cam \u1edf n\u1ed3ng \u0111\u1ed9 cao h\u01a1n v\u00e0 c\u00f3 th\u1ec3 h\u01a1i \u0111\u1ecf t\u00f9y thu\u1ed9c v\u00e0o \u0111\u1ed9 ph\u00e2n c\u1ef1c c\u1ee7a dung m\u00f4i.<\/p>\n<p><strong>\u1ee8ng d\u1ee5ng:<\/strong><\/p>\n<p>S\u1eafc t\u1ed1 cam \u0103n \u0111\u01b0\u1ee3c; Th\u1ef1c ph\u1ea9m b\u1ed5 sung dinh d\u01b0\u1ee1ng. Ch\u1ee7 y\u1ebfu \u0111\u01b0\u1ee3c s\u1eed d\u1ee5ng trong b\u01a1 th\u1ef1c v\u1eadt, m\u00ec, b\u00e1nh ng\u1ecdt, \u0111\u1ed3 u\u1ed1ng v\u00e0 th\u1ef1c ph\u1ea9m s\u1ee9c kh\u1ecfe.<br \/>\nL\u00e0 ch\u1ea5t b\u1ed5 sung dinh d\u01b0\u1ee1ng vitamin v\u00e0 ch\u1ea5t t\u1ea1o m\u00e0u cho th\u1ee9c \u0103n.<br \/>\nM\u1ed9t ch\u1ea5t ch\u1ed1ng oxy h\u00f3a ho\u1ea1t \u0111\u1ed9ng nh\u01b0 m\u1ed9t ch\u1ea5t oxy h\u00f3a ho\u1eb7c ch\u1ea5t ch\u1ed1ng oxy h\u00f3a do \u1ee9c ch\u1ebf qu\u00e1 tr\u00ecnh peroxy h\u00f3a do g\u1ed1c t\u1ef1 do g\u00e2y ra trong \u1ed1ng nghi\u1ec7m. M\u1ed9t ch\u1ea5t b\u1ed5 sung ch\u1ebf \u0111\u1ed9 \u0103n u\u1ed1ng cho chu\u1ed9t gi\u00fap gi\u1ea3m m\u1ea5t th\u00ednh l\u1ef1c v\u00e0 t\u1ed5n th\u01b0\u01a1ng t\u1ebf b\u00e0o l\u00f4ng.<\/p>","protected":false},"excerpt":{"rendered":"<p>T\u00ean s\u1ea3n ph\u1ea9m: Beta Carotene<\/p>\n<p>S\u1ed1 hi\u1ec7u: 7235-40-7<\/p>\n<p>MF:C40H56<\/p>\n<p>Ngo\u1ea1i quan: B\u1ed9t tinh th\u1ec3 m\u00e0u \u0111\u1ecf t\u00eda \u0111\u1ebfn \u0111\u1ecf s\u1eabm<\/p>","protected":false},"featured_media":3706,"template":"","meta":{"_acf_changed":false,"_gspb_post_css":""},"product_brand":[],"product_cat":[120],"product_tag":[],"class_list":{"0":"post-6026","1":"product","2":"type-product","3":"status-publish","4":"has-post-thumbnail","6":"product_cat-food-colorants","8":"first","9":"instock","10":"shipping-taxable","11":"product-type-simple"},"acf":[],"_links":{"self":[{"href":"https:\/\/wpachem.com\/vi\/wp-json\/wp\/v2\/product\/6026","targetHints":{"allow":["GET"]}}],"collection":[{"href":"https:\/\/wpachem.com\/vi\/wp-json\/wp\/v2\/product"}],"about":[{"href":"https:\/\/wpachem.com\/vi\/wp-json\/wp\/v2\/types\/product"}],"version-history":[{"count":0,"href":"https:\/\/wpachem.com\/vi\/wp-json\/wp\/v2\/product\/6026\/revisions"}],"wp:featuredmedia":[{"embeddable":true,"href":"https:\/\/wpachem.com\/vi\/wp-json\/wp\/v2\/media\/3706"}],"wp:attachment":[{"href":"https:\/\/wpachem.com\/vi\/wp-json\/wp\/v2\/media?parent=6026"}],"wp:term":[{"taxonomy":"product_brand","embeddable":true,"href":"https:\/\/wpachem.com\/vi\/wp-json\/wp\/v2\/product_brand?post=6026"},{"taxonomy":"product_cat","embeddable":true,"href":"https:\/\/wpachem.com\/vi\/wp-json\/wp\/v2\/product_cat?post=6026"},{"taxonomy":"product_tag","embeddable":true,"href":"https:\/\/wpachem.com\/vi\/wp-json\/wp\/v2\/product_tag?post=6026"}],"curies":[{"name":"wp","href":"https:\/\/api.w.org\/{rel}","templated":true}]}}