{"id":6029,"date":"2024-02-07T07:54:44","date_gmt":"2024-02-07T07:54:44","guid":{"rendered":"https:\/\/wpachem.com\/?post_type=product&#038;p=6029"},"modified":"2024-02-07T08:00:18","modified_gmt":"2024-02-07T08:00:18","slug":"3-o-ethyl-l-ascorbic-acid-cas-86404-04-8","status":"publish","type":"product","link":"https:\/\/wpachem.com\/vi\/product\/3-o-ethyl-l-ascorbic-acid-cas-86404-04-8\/","title":{"rendered":"Axit 3-O-Ethyl-L-ascorbic CAS 86404-04-8"},"content":{"rendered":"<p><strong>\u0110\u1eb7c \u0111i\u1ec3m<\/strong><\/p>\n<p>Tinh th\u1ec3 m\u00e0u tr\u1eafng ho\u1eb7c b\u1ed9t tinh th\u1ec3<\/p>\n<p><strong>\u1ee8ng d\u1ee5ng:<\/strong><\/p>\n<p>\u0110\u01b0\u1ee3c s\u1eed d\u1ee5ng r\u1ed9ng r\u00e3i trong c\u00e1c s\u1ea3n ph\u1ea9m ch\u0103m s\u00f3c da v\u00e0 m\u1ef9 ph\u1ea9m nh\u01b0 m\u1ed9t ch\u1ea5t ch\u1ed1ng oxy h\u00f3a v\u00e0 l\u00e0m tr\u1eafng hi\u1ec7u qu\u1ea3. C\u00f3 th\u1ec3 th\u1ea9m th\u1ea5u s\u00e2u v\u00e0o da v\u00e0 kh\u00f4ng d\u1ec5 b\u1ecb oxy h\u00f3a, do \u0111\u00f3 c\u00f3 \u0111\u1ed9 \u1ed5n \u0111\u1ecbnh v\u00e0 \u0111\u1ed9 b\u1ec1n cao trong c\u00e1c s\u1ea3n ph\u1ea9m ch\u0103m s\u00f3c da.<\/p>","protected":false},"excerpt":{"rendered":"<p>T\u00ean s\u1ea3n ph\u1ea9m: Axit 3-O-Ethyl-L-ascorbic<\/p>\n<p>S\u1ed1 CAS: 86404-04-8<\/p>\n<p>MF:C8H12O6<\/p>\n<p>Ngo\u1ea1i quan: Tinh th\u1ec3 m\u00e0u tr\u1eafng ho\u1eb7c b\u1ed9t tinh th\u1ec3<\/p>","protected":false},"featured_media":2159,"template":"","meta":{"_acf_changed":false,"_gspb_post_css":""},"product_brand":[],"product_cat":[60,131,129],"product_tag":[],"class_list":{"0":"post-6029","1":"product","2":"type-product","3":"status-publish","4":"has-post-thumbnail","6":"product_cat-cosmetic-ingredients","7":"product_cat-antioxidant","8":"product_cat-whitening-agent","10":"first","11":"instock","12":"shipping-taxable","13":"product-type-simple"},"acf":[],"_links":{"self":[{"href":"https:\/\/wpachem.com\/vi\/wp-json\/wp\/v2\/product\/6029","targetHints":{"allow":["GET"]}}],"collection":[{"href":"https:\/\/wpachem.com\/vi\/wp-json\/wp\/v2\/product"}],"about":[{"href":"https:\/\/wpachem.com\/vi\/wp-json\/wp\/v2\/types\/product"}],"version-history":[{"count":0,"href":"https:\/\/wpachem.com\/vi\/wp-json\/wp\/v2\/product\/6029\/revisions"}],"wp:featuredmedia":[{"embeddable":true,"href":"https:\/\/wpachem.com\/vi\/wp-json\/wp\/v2\/media\/2159"}],"wp:attachment":[{"href":"https:\/\/wpachem.com\/vi\/wp-json\/wp\/v2\/media?parent=6029"}],"wp:term":[{"taxonomy":"product_brand","embeddable":true,"href":"https:\/\/wpachem.com\/vi\/wp-json\/wp\/v2\/product_brand?post=6029"},{"taxonomy":"product_cat","embeddable":true,"href":"https:\/\/wpachem.com\/vi\/wp-json\/wp\/v2\/product_cat?post=6029"},{"taxonomy":"product_tag","embeddable":true,"href":"https:\/\/wpachem.com\/vi\/wp-json\/wp\/v2\/product_tag?post=6029"}],"curies":[{"name":"wp","href":"https:\/\/api.w.org\/{rel}","templated":true}]}}