{"id":6031,"date":"2024-02-07T08:07:38","date_gmt":"2024-02-07T08:07:38","guid":{"rendered":"https:\/\/wpachem.com\/?post_type=product&#038;p=6031"},"modified":"2024-02-19T02:31:57","modified_gmt":"2024-02-19T02:31:57","slug":"gardenia-yellow-cas-94238-00-3","status":"publish","type":"product","link":"https:\/\/wpachem.com\/vi\/product\/gardenia-yellow-cas-94238-00-3\/","title":{"rendered":"M\u00e0u th\u1ef1c ph\u1ea9m t\u1ef1 nhi\u00ean Gardenia Yellow CAS 94238-00-3"},"content":{"rendered":"<p><strong>\u0110\u1eb7c \u0111i\u1ec3m<\/strong><\/p>\n<p>V\u1eadt th\u1ec3 m\u00e0u v\u00e0ng, ch\u1ea5t l\u1ecfng ho\u1eb7c b\u1ed9t nh\u00e3o ho\u1eb7c th\u1eadm ch\u00ed b\u1ed9t tinh th\u1ec3 m\u00e0u v\u00e0ng \u0111\u1ebfn v\u00e0ng cam.<\/p>\n<p><strong>\u1ee8ng d\u1ee5ng:<\/strong><\/p>\n<ol>\n<li>S\u1eafc t\u1ed1 v\u00e0ng d\u00e0nh d\u00e0nh ch\u1ee7 y\u1ebfu \u0111\u01b0\u1ee3c s\u1eed d\u1ee5ng \u0111\u1ec3 t\u1ea1o m\u00e0u cho c\u00e1c s\u1ea3n ph\u1ea9m b\u1ed9t. Trong nh\u1eefng n\u0103m g\u1ea7n \u0111\u00e2y, s\u1eafc t\u1ed1 v\u00e0ng d\u00e0nh d\u00e0nh \u0111\u00e3 \u0111\u01b0\u1ee3c s\u1eed d\u1ee5ng r\u1ed9ng r\u00e3i trong k\u1eb9o, ti\u1ec1n m\u1eadt ong, kem v\u00e0 c\u00e1c lo\u1ea1i th\u1ef1c ph\u1ea9m kh\u00e1c b\u1eb1ng c\u00e1ch s\u1eed d\u1ee5ng kh\u1ea3 n\u0103ng nhu\u1ed9m t\u1ed1t c\u1ee7a n\u00f3 \u0111\u1ed1i v\u1edbi protein v\u00e0 tinh b\u1ed9t. Trong qu\u00e1 tr\u00ecnh ph\u00e1t tri\u1ec3n to\u00e0n di\u1ec7n c\u1ee7a s\u1eafc t\u1ed1 v\u00e0ng d\u00e0nh d\u00e0nh, s\u1eafc t\u1ed1 v\u00e0ng d\u00e0nh d\u00e0nh v\u00e0 s\u1eafc t\u1ed1 xanh d\u00e0nh d\u00e0nh \u0111\u00e3 \u0111\u01b0\u1ee3c pha tr\u1ed9n th\u00e0nh s\u1eafc t\u1ed1 xanh l\u00e1 c\u00e2y \u1edf Nh\u1eadt B\u1ea3n v\u00e0 \u0111\u00e3 thu \u0111\u01b0\u1ee3c l\u1ee3i \u00edch kinh t\u1ebf t\u1ed1t. S\u1eafc t\u1ed1 v\u00e0ng d\u00e0nh d\u00e0nh c\u00f3 kh\u1ea3 n\u0103ng nhu\u1ed9m tuy\u1ec7t v\u1eddi \u0111\u1ed1i v\u1edbi protein, tinh b\u1ed9t, v.v. v\u00e0 c\u00f3 th\u1ec3 \u0111\u01b0\u1ee3c s\u1eed d\u1ee5ng r\u1ed9ng r\u00e3i trong b\u00e1nh ng\u1ecdt, k\u1eb9o, b\u1ed9t m\u00ec, \u0111\u1ed3 u\u1ed1ng, th\u1ea1ch, b\u00e1nh quy, kem v\u00e0 c\u00e1c lo\u1ea1i th\u1ef1c ph\u1ea9m kh\u00e1c.<\/li>\n<li>C\u00f3 th\u1ec3 s\u1eed d\u1ee5ng trong m\u1ef9 ph\u1ea9m. Ng\u01b0\u1eddi ta cho r\u1eb1ng s\u1eafc t\u1ed1 v\u00e0ng d\u00e0nh d\u00e0nh c\u00f3 \u0111\u1ee7 \u0111i\u1ec1u ki\u1ec7n \u0111\u1ec3 \u1ee9ng d\u1ee5ng trong ng\u00e0nh m\u1ef9 ph\u1ea9m<\/li>\n<\/ol>","protected":false},"excerpt":{"rendered":"<p>T\u00ean s\u1ea3n ph\u1ea9m: Gardenia Yellow<\/p>\n<p>S\u1ed1 hi\u1ec7u: 94238-00-3<\/p>\n<p>Nguy\u00ean t\u1eed: C44H64O24<\/p>\n<p>Ngo\u1ea1i quan: B\u1ed9t tinh th\u1ec3 m\u00e0u v\u00e0ng \u0111\u1ebfn v\u00e0ng cam<\/p>","protected":false},"featured_media":4727,"template":"","meta":{"_acf_changed":false,"_gspb_post_css":""},"product_brand":[],"product_cat":[120],"product_tag":[],"class_list":{"0":"post-6031","1":"product","2":"type-product","3":"status-publish","4":"has-post-thumbnail","6":"product_cat-food-colorants","8":"first","9":"instock","10":"shipping-taxable","11":"product-type-simple"},"acf":[],"_links":{"self":[{"href":"https:\/\/wpachem.com\/vi\/wp-json\/wp\/v2\/product\/6031","targetHints":{"allow":["GET"]}}],"collection":[{"href":"https:\/\/wpachem.com\/vi\/wp-json\/wp\/v2\/product"}],"about":[{"href":"https:\/\/wpachem.com\/vi\/wp-json\/wp\/v2\/types\/product"}],"version-history":[{"count":0,"href":"https:\/\/wpachem.com\/vi\/wp-json\/wp\/v2\/product\/6031\/revisions"}],"wp:featuredmedia":[{"embeddable":true,"href":"https:\/\/wpachem.com\/vi\/wp-json\/wp\/v2\/media\/4727"}],"wp:attachment":[{"href":"https:\/\/wpachem.com\/vi\/wp-json\/wp\/v2\/media?parent=6031"}],"wp:term":[{"taxonomy":"product_brand","embeddable":true,"href":"https:\/\/wpachem.com\/vi\/wp-json\/wp\/v2\/product_brand?post=6031"},{"taxonomy":"product_cat","embeddable":true,"href":"https:\/\/wpachem.com\/vi\/wp-json\/wp\/v2\/product_cat?post=6031"},{"taxonomy":"product_tag","embeddable":true,"href":"https:\/\/wpachem.com\/vi\/wp-json\/wp\/v2\/product_tag?post=6031"}],"curies":[{"name":"wp","href":"https:\/\/api.w.org\/{rel}","templated":true}]}}