{"id":6033,"date":"2024-02-07T08:02:33","date_gmt":"2024-02-07T08:02:33","guid":{"rendered":"https:\/\/wpachem.com\/?post_type=product&#038;p=6033"},"modified":"2024-02-07T08:05:16","modified_gmt":"2024-02-07T08:05:16","slug":"l-carnosine-cas-305-84-0-2","status":"publish","type":"product","link":"https:\/\/wpachem.com\/vi\/product\/l-carnosine-cas-305-84-0-2\/","title":{"rendered":"L-Carnosin CAS 305-84-0"},"content":{"rendered":"<p><strong>\u0110\u1eb7c \u0111i\u1ec3m<\/strong><\/p>\n<p>B\u1ed9t tr\u1eafng<\/p>\n<p><strong>\u1ee8ng d\u1ee5ng:<\/strong><\/p>\n<p>\u0110\u1ea7u ti\u00ean, n\u00f3 c\u00f3 \u0111\u1eb7c t\u00ednh ch\u1ed1ng oxy h\u00f3a, c\u00f3 th\u1ec3 l\u00e0m gi\u1ea3m t\u1ed5n th\u01b0\u01a1ng t\u1ebf b\u00e0o v\u00e0 stress oxy h\u00f3a. Ngo\u00e0i ra, L-carnosine c\u00f3 th\u1ec3 t\u0103ng c\u01b0\u1eddng ch\u1ee9c n\u0103ng h\u1ec7 th\u1ed1ng mi\u1ec5n d\u1ecbch, c\u1ea3i thi\u1ec7n k\u1ebft c\u1ea5u da, th\u00fac \u0111\u1ea9y qu\u00e1 tr\u00ecnh ch\u1eefa l\u00e0nh v\u1ebft th\u01b0\u01a1ng v\u00e0 b\u1ea3o v\u1ec7 gan. Do \u0111\u00f3, n\u00f3 th\u01b0\u1eddng \u0111\u01b0\u1ee3c s\u1eed d\u1ee5ng trong d\u01b0\u1ee3c ph\u1ea9m, s\u1ea3n ph\u1ea9m ch\u0103m s\u00f3c s\u1ee9c kh\u1ecfe v\u00e0 m\u1ef9 ph\u1ea9m.<\/p>","protected":false},"excerpt":{"rendered":"<p>T\u00ean s\u1ea3n ph\u1ea9m: L-Carnosine<\/p>\n<p>S\u1ed1 CAS: 305-84-0<\/p>\n<p>M\u1ea0NG: C9H14N4O3<\/p>\n<p>Ngo\u1ea1i quan: B\u1ed9t m\u00e0u tr\u1eafng<\/p>","protected":false},"featured_media":2216,"template":"","meta":{"_acf_changed":false,"_gspb_post_css":""},"product_brand":[],"product_cat":[60,131],"product_tag":[],"class_list":{"0":"post-6033","1":"product","2":"type-product","3":"status-publish","4":"has-post-thumbnail","6":"product_cat-cosmetic-ingredients","7":"product_cat-antioxidant","9":"first","10":"instock","11":"shipping-taxable","12":"product-type-simple"},"acf":[],"_links":{"self":[{"href":"https:\/\/wpachem.com\/vi\/wp-json\/wp\/v2\/product\/6033","targetHints":{"allow":["GET"]}}],"collection":[{"href":"https:\/\/wpachem.com\/vi\/wp-json\/wp\/v2\/product"}],"about":[{"href":"https:\/\/wpachem.com\/vi\/wp-json\/wp\/v2\/types\/product"}],"version-history":[{"count":0,"href":"https:\/\/wpachem.com\/vi\/wp-json\/wp\/v2\/product\/6033\/revisions"}],"wp:featuredmedia":[{"embeddable":true,"href":"https:\/\/wpachem.com\/vi\/wp-json\/wp\/v2\/media\/2216"}],"wp:attachment":[{"href":"https:\/\/wpachem.com\/vi\/wp-json\/wp\/v2\/media?parent=6033"}],"wp:term":[{"taxonomy":"product_brand","embeddable":true,"href":"https:\/\/wpachem.com\/vi\/wp-json\/wp\/v2\/product_brand?post=6033"},{"taxonomy":"product_cat","embeddable":true,"href":"https:\/\/wpachem.com\/vi\/wp-json\/wp\/v2\/product_cat?post=6033"},{"taxonomy":"product_tag","embeddable":true,"href":"https:\/\/wpachem.com\/vi\/wp-json\/wp\/v2\/product_tag?post=6033"}],"curies":[{"name":"wp","href":"https:\/\/api.w.org\/{rel}","templated":true}]}}