{"id":6035,"date":"2024-02-07T08:06:28","date_gmt":"2024-02-07T08:06:28","guid":{"rendered":"https:\/\/wpachem.com\/?post_type=product&#038;p=6035"},"modified":"2024-02-07T08:16:39","modified_gmt":"2024-02-07T08:16:39","slug":"tea-tree-oil-from-melaleuca-alternifolia-cas-68647-73-4","status":"publish","type":"product","link":"https:\/\/wpachem.com\/vi\/product\/tea-tree-oil-from-melaleuca-alternifolia-cas-68647-73-4\/","title":{"rendered":"D\u1ea7u c\u00e2y tr\u00e0 t\u1eeb c\u00e2y tr\u00e0m tr\u00e0 CAS 68647-73-4"},"content":{"rendered":"<p><strong>\u0110\u1eb7c \u0111i\u1ec3m<\/strong><\/p>\n<p>Ch\u1ea5t l\u1ecfng nh\u1eddn m\u00e0u v\u00e0ng nh\u1ea1t<\/p>\n<p><strong>\u1ee8ng d\u1ee5ng:<\/strong><\/p>\n<p>1. T\u00e1c d\u1ee5ng kh\u00e1ng khu\u1ea9n v\u00e0 ch\u1ed1ng vi\u00eam: Tinh d\u1ea7u tr\u00e0m tr\u00e0 c\u00f3 kh\u1ea3 n\u0103ng kh\u00e1ng khu\u1ea9n v\u00e0 ch\u1ed1ng vi\u00eam m\u1ea1nh m\u1ebd v\u00e0 c\u00f3 th\u1ec3 \u0111\u01b0\u1ee3c s\u1eed d\u1ee5ng \u0111\u1ec3 \u0111i\u1ec1u tr\u1ecb nhi\u1ec1u b\u1ec7nh nhi\u1ec5m tr\u00f9ng v\u00e0 vi\u00eam da kh\u00e1c nhau, ch\u1eb3ng h\u1ea1n nh\u01b0 m\u1ee5n tr\u1ee9ng c\u00e1, b\u1ec7nh ch\u00e0m v\u00e0 ng\u1ee9a da.<\/p>\n<p>2. T\u00e1c d\u1ee5ng l\u00e0m s\u1ea1ch v\u00e0 l\u00e0m se: Tinh d\u1ea7u tr\u00e0m tr\u00e0 l\u00e0 ch\u1ea5t l\u00e0m s\u1ea1ch t\u1ef1 nhi\u00ean hi\u1ec7u qu\u1ea3 c\u00f3 th\u1ec3 d\u00f9ng \u0111\u1ec3 l\u00e0m s\u1ea1ch da v\u00e0 t\u00f3c. N\u00f3 c\u0169ng c\u00f3 \u0111\u1eb7c t\u00ednh l\u00e0m se, c\u00f3 th\u1ec3 thu nh\u1ecf l\u1ed7 ch\u00e2n l\u00f4ng v\u00e0 c\u1ea3i thi\u1ec7n k\u1ebft c\u1ea5u da c\u1ee7a b\u1ea1n.<\/p>\n<p>3. T\u00e1c d\u1ee5ng l\u00e0m d\u1ecbu v\u00e0 an th\u1ea7n: Tinh d\u1ea7u tr\u00e0m tr\u00e0 c\u00f3 th\u1ec3 \u0111\u01b0\u1ee3c s\u1eed d\u1ee5ng \u0111\u1ec3 l\u00e0m d\u1ecbu v\u00e0 gi\u1ea3m \u0111au c\u01a1, vi\u00eam kh\u1edbp v\u00e0 c\u00e1c b\u1ec7nh l\u00fd kh\u00e1c. N\u00f3 c\u0169ng c\u00f3 th\u1ec3 gi\u00fap gi\u1ea3m c\u0103ng th\u1eb3ng v\u00e0 lo l\u1eafng, th\u00fac \u0111\u1ea9y th\u01b0 gi\u00e3n v\u00e0 ng\u1ee7 ngon.<\/p>","protected":false},"excerpt":{"rendered":"<p>T\u00ean s\u1ea3n ph\u1ea9m: Tinh d\u1ea7u tr\u00e0m tr\u00e0<\/p>\n<p>S\u1ed1 CAS: 68647-73-4<\/p>\n<p>Ngo\u1ea1i quan: Ch\u1ea5t l\u1ecfng nh\u1eddn m\u00e0u v\u00e0ng nh\u1ea1t<\/p>","protected":false},"featured_media":3321,"template":"","meta":{"_acf_changed":false,"_gspb_post_css":""},"product_brand":[],"product_cat":[55,131,136,101,60],"product_tag":[],"class_list":{"0":"post-6035","1":"product","2":"type-product","3":"status-publish","4":"has-post-thumbnail","6":"product_cat-food-additives","7":"product_cat-antioxidant","8":"product_cat-repairing","9":"product_cat-flavour-enhancer-food-additives","10":"product_cat-cosmetic-ingredients","12":"first","13":"instock","14":"shipping-taxable","15":"product-type-simple"},"acf":[],"_links":{"self":[{"href":"https:\/\/wpachem.com\/vi\/wp-json\/wp\/v2\/product\/6035","targetHints":{"allow":["GET"]}}],"collection":[{"href":"https:\/\/wpachem.com\/vi\/wp-json\/wp\/v2\/product"}],"about":[{"href":"https:\/\/wpachem.com\/vi\/wp-json\/wp\/v2\/types\/product"}],"version-history":[{"count":0,"href":"https:\/\/wpachem.com\/vi\/wp-json\/wp\/v2\/product\/6035\/revisions"}],"wp:featuredmedia":[{"embeddable":true,"href":"https:\/\/wpachem.com\/vi\/wp-json\/wp\/v2\/media\/3321"}],"wp:attachment":[{"href":"https:\/\/wpachem.com\/vi\/wp-json\/wp\/v2\/media?parent=6035"}],"wp:term":[{"taxonomy":"product_brand","embeddable":true,"href":"https:\/\/wpachem.com\/vi\/wp-json\/wp\/v2\/product_brand?post=6035"},{"taxonomy":"product_cat","embeddable":true,"href":"https:\/\/wpachem.com\/vi\/wp-json\/wp\/v2\/product_cat?post=6035"},{"taxonomy":"product_tag","embeddable":true,"href":"https:\/\/wpachem.com\/vi\/wp-json\/wp\/v2\/product_tag?post=6035"}],"curies":[{"name":"wp","href":"https:\/\/api.w.org\/{rel}","templated":true}]}}