{"id":6038,"date":"2024-02-07T08:16:13","date_gmt":"2024-02-07T08:16:13","guid":{"rendered":"https:\/\/wpachem.com\/?post_type=product&#038;p=6038"},"modified":"2024-02-19T02:31:48","modified_gmt":"2024-02-19T02:31:48","slug":"monascus-yellow-color-cas-74-79-3","status":"publish","type":"product","link":"https:\/\/wpachem.com\/vi\/product\/monascus-yellow-color-cas-74-79-3\/","title":{"rendered":"M\u00e0u th\u1ef1c ph\u1ea9m t\u1ef1 nhi\u00ean Monascus M\u00e0u v\u00e0ng CAS 74-79-3"},"content":{"rendered":"<p><strong>\u0110\u1eb7c \u0111i\u1ec3m<\/strong><\/p>\n<p>S\u1eafc t\u1ed1 Monascus l\u00e0 ch\u1ea5t chuy\u1ec3n h\u00f3a th\u1ee9 c\u1ea5p c\u1ee7a monascus monascus. C\u1ea5u tr\u00fac c\u1ee7a n\u00f3 l\u00e0 h\u1ee3p ch\u1ea5t polyketone. S\u1eafc t\u1ed1 Monascus l\u00e0 m\u1ed9t lo\u1ea1i s\u1eafc t\u1ed1 ph\u1ee9c t\u1ea1p, v\u00e0 c\u00f3 6 lo\u1ea1i s\u1eafc t\u1ed1 monascus \u0111\u00e3 \u0111\u01b0\u1ee3c x\u00e1c \u0111\u1ecbnh v\u00e0 \u0111\u1eb7t t\u00ean.<\/p>\n<p><strong>\u1ee8ng d\u1ee5ng:<\/strong><\/p>\n<p>S\u1eafc t\u1ed1 Monascus \u0111\u01b0\u1ee3c ch\u1ebf bi\u1ebfn b\u1eb1ng ph\u01b0\u01a1ng ph\u00e1p l\u00ean men vi sinh v\u00e0 \u0111\u01b0\u1ee3c ch\u1ee9ng minh l\u00e0 an to\u00e0n v\u00e0 kh\u00f4ng \u0111\u1ed9c h\u1ea1i qua th\u1eed nghi\u1ec7m \u0111\u1ed9c t\u00ednh. Hi\u1ec7n nay, s\u1eafc t\u1ed1 Monascus \u0111\u00e3 \u0111\u01b0\u1ee3c s\u1eed d\u1ee5ng trong th\u1ef1c ph\u1ea9m, y h\u1ecdc, c\u00f4ng nghi\u1ec7p h\u00f3a ch\u1ea5t v\u00e0 nhi\u1ec1u ng\u00e0nh c\u00f4ng nghi\u1ec7p kh\u00e1c. H\u00e0m l\u01b0\u1ee3ng Monascus cao nh\u1ea5t v\u00e0 s\u1eafc t\u1ed1 v\u00e0ng l\u00e0 s\u1eafc t\u1ed1 th\u1ef1c ph\u1ea9m quan tr\u1ecdng chi\u1ebfm 60% nhu c\u1ea7u th\u1ecb tr\u01b0\u1eddng, v\u00ec v\u1eady vi\u1ec7c ph\u00e1t tri\u1ec3n v\u00e0 s\u1eed d\u1ee5ng Monascus v\u00e0ng c\u00f3 tri\u1ec3n v\u1ecdng th\u01b0\u01a1ng m\u1ea1i r\u1ea5t r\u1ed9ng.<\/p>","protected":false},"excerpt":{"rendered":"<p>T\u00ean s\u1ea3n ph\u1ea9m: Monascus Yellow<\/p>\n<p>Ngo\u1ea1i quan: B\u1ed9t tinh th\u1ec3 m\u00e0u v\u00e0ng \u0111\u1ebfn v\u00e0ng cam<\/p>","protected":false},"featured_media":4728,"template":"","meta":{"_acf_changed":false,"_gspb_post_css":""},"product_brand":[],"product_cat":[120],"product_tag":[],"class_list":{"0":"post-6038","1":"product","2":"type-product","3":"status-publish","4":"has-post-thumbnail","6":"product_cat-food-colorants","8":"first","9":"instock","10":"shipping-taxable","11":"product-type-simple"},"acf":[],"_links":{"self":[{"href":"https:\/\/wpachem.com\/vi\/wp-json\/wp\/v2\/product\/6038","targetHints":{"allow":["GET"]}}],"collection":[{"href":"https:\/\/wpachem.com\/vi\/wp-json\/wp\/v2\/product"}],"about":[{"href":"https:\/\/wpachem.com\/vi\/wp-json\/wp\/v2\/types\/product"}],"version-history":[{"count":0,"href":"https:\/\/wpachem.com\/vi\/wp-json\/wp\/v2\/product\/6038\/revisions"}],"wp:featuredmedia":[{"embeddable":true,"href":"https:\/\/wpachem.com\/vi\/wp-json\/wp\/v2\/media\/4728"}],"wp:attachment":[{"href":"https:\/\/wpachem.com\/vi\/wp-json\/wp\/v2\/media?parent=6038"}],"wp:term":[{"taxonomy":"product_brand","embeddable":true,"href":"https:\/\/wpachem.com\/vi\/wp-json\/wp\/v2\/product_brand?post=6038"},{"taxonomy":"product_cat","embeddable":true,"href":"https:\/\/wpachem.com\/vi\/wp-json\/wp\/v2\/product_cat?post=6038"},{"taxonomy":"product_tag","embeddable":true,"href":"https:\/\/wpachem.com\/vi\/wp-json\/wp\/v2\/product_tag?post=6038"}],"curies":[{"name":"wp","href":"https:\/\/api.w.org\/{rel}","templated":true}]}}