{"id":6040,"date":"2024-02-07T08:22:02","date_gmt":"2024-02-07T08:22:02","guid":{"rendered":"https:\/\/wpachem.com\/?post_type=product&#038;p=6040"},"modified":"2024-04-26T05:38:20","modified_gmt":"2024-04-26T05:38:20","slug":"monascus-red-color-cas-874807-57-5","status":"publish","type":"product","link":"https:\/\/wpachem.com\/vi\/product\/monascus-red-color-cas-874807-57-5\/","title":{"rendered":"M\u00e0u th\u1ef1c ph\u1ea9m t\u1ef1 nhi\u00ean Monascus Red Color CAS 874807-57-5"},"content":{"rendered":"<p><strong>\u0110\u1eb7c \u0111i\u1ec3m<\/strong><\/p>\n<p>B\u1ed9t m\u00e0u \u0111\u1ecf s\u1eabm, nh\u1eddn, kh\u00f4ng v\u1ecb v\u00e0 kh\u00f4ng m\u00f9i. H\u00f2a tan trong ethanol v\u00e0 propylene glycol, kh\u00f4ng h\u00f2a tan trong n\u01b0\u1edbc. Kh\u1ea3 n\u0103ng t\u1ea1o m\u00e0u m\u1ea1nh, m\u00e0u s\u1eafc \u00edt b\u1ecb \u1ea3nh h\u01b0\u1edfng b\u1edfi gi\u00e1 tr\u1ecb pH, kh\u1ea3 n\u0103ng ch\u1ecbu nhi\u1ec7t v\u00e0 t\u00ednh ch\u1ea5t ion kim lo\u1ea1i t\u1ed1t, nh\u01b0ng kh\u1ea3 n\u0103ng ch\u1ed1ng s\u00e1ng h\u01a1i k\u00e9m, \u00e1nh s\u00e1ng m\u1eb7t tr\u1eddi s\u1ebd phai. C\u00f3 \u0111\u1ed9 \u1ed5n \u0111\u1ecbnh t\u1ed1t trong dung d\u1ecbch ethanol.<\/p>\n<p><strong>\u1ee8ng d\u1ee5ng:<\/strong><\/p>\n<p>L\u00e0 ch\u1ea5t t\u1ea1o m\u00e0u th\u1ef1c ph\u1ea9m, s\u1ea3n ph\u1ea9m c\u1ee7a Trung Qu\u1ed1c c\u00f3 th\u1ec3 d\u00f9ng cho b\u00e1nh quy, th\u1ef1c ph\u1ea9m ph\u1ed3ng, r\u01b0\u1ee3u, k\u1eb9o, s\u1ea3n ph\u1ea9m th\u1ecbt n\u1ea5u ch\u00edn, \u0111\u1eadu ph\u1ee5, th\u1ea1ch, n\u01b0\u1edbc s\u1ed1t gia v\u1ecb, kem, kem, t\u00f9y theo nhu c\u1ea7u s\u1ea3n xu\u1ea5t \u0111\u1ec3 s\u1eed d\u1ee5ng ph\u00f9 h\u1ee3p.<\/p>","protected":false},"excerpt":{"rendered":"<p>T\u00ean s\u1ea3n ph\u1ea9m: Monascus Red Color<\/p>\n<p>Ngo\u1ea1i quan: B\u1ed9t m\u00e0u \u0111\u1ecf s\u1eabm<\/p>","protected":false},"featured_media":3722,"template":"","meta":{"_acf_changed":false,"_gspb_post_css":""},"product_brand":[],"product_cat":[120],"product_tag":[],"class_list":{"0":"post-6040","1":"product","2":"type-product","3":"status-publish","4":"has-post-thumbnail","6":"product_cat-food-colorants","8":"first","9":"instock","10":"shipping-taxable","11":"product-type-simple"},"acf":[],"_links":{"self":[{"href":"https:\/\/wpachem.com\/vi\/wp-json\/wp\/v2\/product\/6040","targetHints":{"allow":["GET"]}}],"collection":[{"href":"https:\/\/wpachem.com\/vi\/wp-json\/wp\/v2\/product"}],"about":[{"href":"https:\/\/wpachem.com\/vi\/wp-json\/wp\/v2\/types\/product"}],"version-history":[{"count":0,"href":"https:\/\/wpachem.com\/vi\/wp-json\/wp\/v2\/product\/6040\/revisions"}],"wp:featuredmedia":[{"embeddable":true,"href":"https:\/\/wpachem.com\/vi\/wp-json\/wp\/v2\/media\/3722"}],"wp:attachment":[{"href":"https:\/\/wpachem.com\/vi\/wp-json\/wp\/v2\/media?parent=6040"}],"wp:term":[{"taxonomy":"product_brand","embeddable":true,"href":"https:\/\/wpachem.com\/vi\/wp-json\/wp\/v2\/product_brand?post=6040"},{"taxonomy":"product_cat","embeddable":true,"href":"https:\/\/wpachem.com\/vi\/wp-json\/wp\/v2\/product_cat?post=6040"},{"taxonomy":"product_tag","embeddable":true,"href":"https:\/\/wpachem.com\/vi\/wp-json\/wp\/v2\/product_tag?post=6040"}],"curies":[{"name":"wp","href":"https:\/\/api.w.org\/{rel}","templated":true}]}}