{"id":6042,"date":"2024-02-07T08:16:51","date_gmt":"2024-02-07T08:16:51","guid":{"rendered":"https:\/\/wpachem.com\/?post_type=product&#038;p=6042"},"modified":"2024-02-07T08:22:49","modified_gmt":"2024-02-07T08:22:49","slug":"polysilicone-15-cas-207574-74-1-parsol-slx","status":"publish","type":"product","link":"https:\/\/wpachem.com\/vi\/product\/polysilicone-15-cas-207574-74-1-parsol-slx\/","title":{"rendered":"PEG-15 CAS 207574-74-1 PARSOL SLX"},"content":{"rendered":"<p><strong>\u0110\u1eb7c \u0111i\u1ec3m<\/strong><\/p>\n<p>Ch\u1ea5t l\u1ecfng trong su\u1ed1t kh\u00f4ng m\u00e0u \u0111\u1ebfn v\u00e0ng nh\u1ea1t<\/p>\n<p><strong>\u1ee8ng d\u1ee5ng:<\/strong><\/p>\n<p>N\u00f3 th\u01b0\u1eddng \u0111\u01b0\u1ee3c d\u00f9ng l\u00e0m th\u00e0nh ph\u1ea7n trong m\u1ef9 ph\u1ea9m v\u00e0 c\u00e1c s\u1ea3n ph\u1ea9m ch\u0103m s\u00f3c c\u00e1 nh\u00e2n nh\u01b0 kem, s\u1eefa d\u01b0\u1ee1ng da, kem ch\u1ed1ng n\u1eafng, d\u1ea7u g\u1ed9i, v.v. N\u00f3 c\u1ea3i thi\u1ec7n c\u1ea3m gi\u00e1c v\u00e0 \u0111\u1ed9 b\u00f4i tr\u01a1n c\u1ee7a s\u1ea3n ph\u1ea9m \u0111\u1ed3ng th\u1eddi d\u01b0\u1ee1ng \u1ea9m v\u00e0 b\u1ea3o v\u1ec7 da.<\/p>","protected":false},"excerpt":{"rendered":"<p>T\u00ean s\u1ea3n ph\u1ea9m: PARSOL SLX\/PEG-15<\/p>\n<p>S\u1ed1 CAS: 207574-74-1<\/p>\n<p>Ngo\u1ea1i quan: Ch\u1ea5t l\u1ecfng trong su\u1ed1t kh\u00f4ng m\u00e0u \u0111\u1ebfn v\u00e0ng nh\u1ea1t<\/p>","protected":false},"featured_media":5867,"template":"","meta":{"_acf_changed":false,"_gspb_post_css":""},"product_brand":[],"product_cat":[60,132,136],"product_tag":[],"class_list":{"0":"post-6042","1":"product","2":"type-product","3":"status-publish","4":"has-post-thumbnail","6":"product_cat-cosmetic-ingredients","7":"product_cat-moisturizing","8":"product_cat-repairing","10":"first","11":"instock","12":"shipping-taxable","13":"product-type-simple"},"acf":[],"_links":{"self":[{"href":"https:\/\/wpachem.com\/vi\/wp-json\/wp\/v2\/product\/6042","targetHints":{"allow":["GET"]}}],"collection":[{"href":"https:\/\/wpachem.com\/vi\/wp-json\/wp\/v2\/product"}],"about":[{"href":"https:\/\/wpachem.com\/vi\/wp-json\/wp\/v2\/types\/product"}],"version-history":[{"count":0,"href":"https:\/\/wpachem.com\/vi\/wp-json\/wp\/v2\/product\/6042\/revisions"}],"wp:featuredmedia":[{"embeddable":true,"href":"https:\/\/wpachem.com\/vi\/wp-json\/wp\/v2\/media\/5867"}],"wp:attachment":[{"href":"https:\/\/wpachem.com\/vi\/wp-json\/wp\/v2\/media?parent=6042"}],"wp:term":[{"taxonomy":"product_brand","embeddable":true,"href":"https:\/\/wpachem.com\/vi\/wp-json\/wp\/v2\/product_brand?post=6042"},{"taxonomy":"product_cat","embeddable":true,"href":"https:\/\/wpachem.com\/vi\/wp-json\/wp\/v2\/product_cat?post=6042"},{"taxonomy":"product_tag","embeddable":true,"href":"https:\/\/wpachem.com\/vi\/wp-json\/wp\/v2\/product_tag?post=6042"}],"curies":[{"name":"wp","href":"https:\/\/api.w.org\/{rel}","templated":true}]}}