{"id":6044,"date":"2024-02-07T08:21:42","date_gmt":"2024-02-07T08:21:42","guid":{"rendered":"https:\/\/wpachem.com\/?post_type=product&#038;p=6044"},"modified":"2024-02-07T08:27:15","modified_gmt":"2024-02-07T08:27:15","slug":"r-mandelic-acid-cas-611-71-2","status":"publish","type":"product","link":"https:\/\/wpachem.com\/vi\/product\/r-mandelic-acid-cas-611-71-2\/","title":{"rendered":"Axit (R)-(-)-Mandelic CAS 611-71-2"},"content":{"rendered":"<p><strong>\u0110\u1eb7c \u0111i\u1ec3m<\/strong><\/p>\n<p>B\u1ed9t tinh th\u1ec3 m\u00e0u tr\u1eafng<\/p>\n<p><strong>\u1ee8ng d\u1ee5ng:<\/strong><\/p>\n<p>Axit D-mandelic c\u00f3 ho\u1ea1t t\u00ednh ch\u1ed1ng oxy h\u00f3a, kh\u00e1ng khu\u1ea9n v\u00e0 kh\u00e1ng vi-r\u00fat v\u00e0 \u0111\u01b0\u1ee3c s\u1eed d\u1ee5ng r\u1ed9ng r\u00e3i trong th\u1ef1c ph\u1ea9m, s\u1ea3n ph\u1ea9m ch\u0103m s\u00f3c s\u1ee9c kh\u1ecfe v\u00e0 thu\u1ed1c.<br \/>\nN\u00f3 c\u00f3 th\u1ec3 ng\u0103n ch\u1eb7n th\u1ef1c ph\u1ea9m kh\u1ecfi b\u1ecb oxy h\u00f3a v\u00e0 k\u00e9o d\u00e0i th\u1eddi h\u1ea1n s\u1eed d\u1ee5ng c\u1ee7a th\u1ef1c ph\u1ea9m;<br \/>\nTrong c\u00e1c s\u1ea3n ph\u1ea9m ch\u0103m s\u00f3c s\u1ee9c kh\u1ecfe, n\u00f3 c\u00f3 th\u1ec3 \u0111\u00f3ng vai tr\u00f2 ch\u1ed1ng l\u00e3o h\u00f3a v\u00e0 c\u1ea3i thi\u1ec7n kh\u1ea3 n\u0103ng mi\u1ec5n d\u1ecbch;<br \/>\nTrong ph\u00e1t tri\u1ec3n thu\u1ed1c, axit D-mandelic c\u0169ng \u0111\u01b0\u1ee3c s\u1eed d\u1ee5ng nh\u01b0 m\u1ed9t ph\u1ea7n c\u1ee7a h\u1ec7 th\u1ed1ng ph\u00e2n ph\u1ed1i thu\u1ed1c.<\/p>","protected":false},"excerpt":{"rendered":"<p>T\u00ean s\u1ea3n ph\u1ea9m: Axit (R)-(-)-Mandelic<\/p>\n<p>S\u1ed1 CAS: 611-71-2<\/p>\n<p>MF:C8H8O3<\/p>\n<p>Ngo\u1ea1i quan: B\u1ed9t tinh th\u1ec3 m\u00e0u tr\u1eafng<\/p>","protected":false},"featured_media":2183,"template":"","meta":{"_acf_changed":false,"_gspb_post_css":""},"product_brand":[],"product_cat":[55,103],"product_tag":[],"class_list":{"0":"post-6044","1":"product","2":"type-product","3":"status-publish","4":"has-post-thumbnail","6":"product_cat-food-additives","7":"product_cat-nutrition-enhancer","9":"first","10":"instock","11":"shipping-taxable","12":"product-type-simple"},"acf":[],"_links":{"self":[{"href":"https:\/\/wpachem.com\/vi\/wp-json\/wp\/v2\/product\/6044","targetHints":{"allow":["GET"]}}],"collection":[{"href":"https:\/\/wpachem.com\/vi\/wp-json\/wp\/v2\/product"}],"about":[{"href":"https:\/\/wpachem.com\/vi\/wp-json\/wp\/v2\/types\/product"}],"version-history":[{"count":0,"href":"https:\/\/wpachem.com\/vi\/wp-json\/wp\/v2\/product\/6044\/revisions"}],"wp:featuredmedia":[{"embeddable":true,"href":"https:\/\/wpachem.com\/vi\/wp-json\/wp\/v2\/media\/2183"}],"wp:attachment":[{"href":"https:\/\/wpachem.com\/vi\/wp-json\/wp\/v2\/media?parent=6044"}],"wp:term":[{"taxonomy":"product_brand","embeddable":true,"href":"https:\/\/wpachem.com\/vi\/wp-json\/wp\/v2\/product_brand?post=6044"},{"taxonomy":"product_cat","embeddable":true,"href":"https:\/\/wpachem.com\/vi\/wp-json\/wp\/v2\/product_cat?post=6044"},{"taxonomy":"product_tag","embeddable":true,"href":"https:\/\/wpachem.com\/vi\/wp-json\/wp\/v2\/product_tag?post=6044"}],"curies":[{"name":"wp","href":"https:\/\/api.w.org\/{rel}","templated":true}]}}