{"id":6047,"date":"2024-02-07T08:29:07","date_gmt":"2024-02-07T08:29:07","guid":{"rendered":"https:\/\/wpachem.com\/?post_type=product&#038;p=6047"},"modified":"2024-02-19T02:31:19","modified_gmt":"2024-02-19T02:31:19","slug":"carmine-color-cas-1390-65-4","status":"publish","type":"product","link":"https:\/\/wpachem.com\/vi\/product\/carmine-color-cas-1390-65-4\/","title":{"rendered":"M\u00e0u th\u1ef1c ph\u1ea9m t\u1ef1 nhi\u00ean Carmine Color CAS 1390-65-4"},"content":{"rendered":"<p><strong>\u0110\u1eb7c \u0111i\u1ec3m<\/strong><\/p>\n<p>Carmine c\u00f2n \u0111\u01b0\u1ee3c g\u1ecdi l\u00e0 carmine ho\u1eb7c carmine. S\u1eafc t\u1ed1 t\u1ed5ng h\u1ee3p h\u00f2a tan trong n\u01b0\u1edbc, m\u00e0u v\u00e0ng t\u01b0\u01a1i \u0111\u1ecf nh\u1ea1t, gi\u1ed1ng \u0111\u01a1n s\u1eafc. C\u00f3 th\u1ec3 s\u1eed d\u1ee5ng an to\u00e0n \u0111\u1ec3 t\u1ea1o m\u00e0u cho th\u1ef1c ph\u1ea9m, \u0111\u1ed3 u\u1ed1ng, thu\u1ed1c, m\u1ef9 ph\u1ea9m, th\u1ee9c \u0103n ch\u0103n nu\u00f4i, thu\u1ed1c l\u00e1, \u0111\u1ed3 ch\u01a1i, v\u1eadt li\u1ec7u \u0111\u00f3ng g\u00f3i th\u1ef1c ph\u1ea9m, v.v.<\/p>\n<p><strong>\u1ee8ng d\u1ee5ng:<\/strong><\/p>\n<p>Cochineal l\u00e0 b\u1ed9t ph\u00e2n t\u00e1n trong n\u01b0\u1edbc, kh\u00f4ng tan trong r\u01b0\u1ee3u v\u00e0 d\u1ea7u, nh\u1ea1y c\u1ea3m v\u1edbi qu\u00e1 tr\u00ecnh oxy h\u00f3a v\u00e0 d\u1ec5 li\u00ean k\u1ebft v\u1edbi protein. N\u00f3 c\u0169ng \u0111\u01b0\u1ee3c s\u1eed d\u1ee5ng \u0111\u1ec3 t\u1ea1o m\u00e0u cho c\u00e1c s\u1ea3n ph\u1ea9m t\u1eeb s\u1eefa, s\u1ea3n ph\u1ea9m t\u1eeb th\u1ecbt, b\u00e1nh k\u1eb9o, r\u01b0\u1ee3u khai v\u1ecb, n\u01b0\u1edbc gi\u1ea3i kh\u00e1t, gi\u1ea5m t\u00e1o, s\u1eefa chua, \u0111\u1ed3 n\u01b0\u1edbng, m\u1ee9t, th\u1ea1ch, m\u1ef9 ph\u1ea9m, s\u1ea3n ph\u1ea9m t\u1eeb s\u1eefa, d\u01b0\u1ee3c ph\u1ea9m.<\/p>","protected":false},"excerpt":{"rendered":"<p>T\u00ean s\u1ea3n ph\u1ea9m: Monascus Red Color<\/p>\n<p>MF\uff1aC22H20O13<\/p>\n<p>CAS\uff1a1390-65-4<\/p>\n<p>Ngo\u1ea1i quan: Ch\u1ea5t l\u1ecfng m\u00e0u \u0111\u1ecf s\u1eabm c\u00f3 m\u00f9i nh\u1eb9.<\/p>","protected":false},"featured_media":3771,"template":"","meta":{"_acf_changed":false,"_gspb_post_css":""},"product_brand":[],"product_cat":[120],"product_tag":[],"class_list":{"0":"post-6047","1":"product","2":"type-product","3":"status-publish","4":"has-post-thumbnail","6":"product_cat-food-colorants","8":"first","9":"instock","10":"shipping-taxable","11":"product-type-simple"},"acf":[],"_links":{"self":[{"href":"https:\/\/wpachem.com\/vi\/wp-json\/wp\/v2\/product\/6047","targetHints":{"allow":["GET"]}}],"collection":[{"href":"https:\/\/wpachem.com\/vi\/wp-json\/wp\/v2\/product"}],"about":[{"href":"https:\/\/wpachem.com\/vi\/wp-json\/wp\/v2\/types\/product"}],"version-history":[{"count":0,"href":"https:\/\/wpachem.com\/vi\/wp-json\/wp\/v2\/product\/6047\/revisions"}],"wp:featuredmedia":[{"embeddable":true,"href":"https:\/\/wpachem.com\/vi\/wp-json\/wp\/v2\/media\/3771"}],"wp:attachment":[{"href":"https:\/\/wpachem.com\/vi\/wp-json\/wp\/v2\/media?parent=6047"}],"wp:term":[{"taxonomy":"product_brand","embeddable":true,"href":"https:\/\/wpachem.com\/vi\/wp-json\/wp\/v2\/product_brand?post=6047"},{"taxonomy":"product_cat","embeddable":true,"href":"https:\/\/wpachem.com\/vi\/wp-json\/wp\/v2\/product_cat?post=6047"},{"taxonomy":"product_tag","embeddable":true,"href":"https:\/\/wpachem.com\/vi\/wp-json\/wp\/v2\/product_tag?post=6047"}],"curies":[{"name":"wp","href":"https:\/\/api.w.org\/{rel}","templated":true}]}}