{"id":6050,"date":"2024-02-07T08:27:38","date_gmt":"2024-02-07T08:27:38","guid":{"rendered":"https:\/\/wpachem.com\/?post_type=product&#038;p=6050"},"modified":"2024-02-07T08:41:22","modified_gmt":"2024-02-07T08:41:22","slug":"ectoine-cas-96702-03-3","status":"publish","type":"product","link":"https:\/\/wpachem.com\/vi\/product\/ectoine-cas-96702-03-3\/","title":{"rendered":"ECTOINE CAS 96702-03-3"},"content":{"rendered":"<p><strong>\u0110\u1eb7c \u0111i\u1ec3m<\/strong><\/p>\n<p>B\u1ed9t tr\u1eafng<\/p>\n<p><strong>\u1ee8ng d\u1ee5ng:<\/strong><\/p>\n<p>Trong m\u1ef9 ph\u1ea9m, n\u00f3 c\u00f3 th\u1ec3 \u0111\u01b0\u1ee3c s\u1eed d\u1ee5ng trong c\u00e1c s\u1ea3n ph\u1ea9m ch\u0103m s\u00f3c da nh\u01b0 kem v\u00e0 s\u1eefa d\u01b0\u1ee1ng da \u0111\u1ec3 c\u00f3 t\u00e1c d\u1ee5ng d\u01b0\u1ee1ng \u1ea9m, ch\u1ed1ng nh\u0103n v\u00e0 ch\u1ed1ng l\u00e3o h\u00f3a.<\/p>\n<p>Trong l\u0129nh v\u1ef1c d\u01b0\u1ee3c ph\u1ea9m, n\u00f3 c\u00f3 th\u1ec3 \u0111\u01b0\u1ee3c s\u1eed d\u1ee5ng \u0111\u1ec3 \u0111i\u1ec1u ch\u1ebf c\u00e1c ch\u1ea5t ph\u1ee5 gia thu\u1ed1c nh\u1eb1m c\u1ea3i thi\u1ec7n \u0111\u1ed9 \u1ed5n \u0111\u1ecbnh v\u00e0 t\u00ednh th\u1ea5m c\u1ee7a thu\u1ed1c.<\/p>\n<p>Ngo\u00e0i ra, n\u00f3 c\u0169ng c\u00f3 th\u1ec3 \u0111\u01b0\u1ee3c s\u1eed d\u1ee5ng trong l\u0129nh v\u1ef1c n\u00f4ng nghi\u1ec7p \u0111\u1ec3 t\u0103ng kh\u1ea3 n\u0103ng ch\u1ecbu h\u1ea1n v\u00e0 ch\u1ed1ng ch\u1ecbu m\u1eb7n-ki\u1ec1m c\u1ee7a c\u00e2y tr\u1ed3ng.<\/p>","protected":false},"excerpt":{"rendered":"<p>T\u00ean s\u1ea3n ph\u1ea9m: ECTOINE<\/p>\n<p>S\u1ed1 CAS: 96702-03-3<\/p>\n<p>MF:C6H10N2O2<\/p>\n<p>Ngo\u1ea1i quan: B\u1ed9t m\u00e0u tr\u1eafng<\/p>","protected":false},"featured_media":2168,"template":"","meta":{"_acf_changed":false,"_gspb_post_css":""},"product_brand":[],"product_cat":[60,132,136],"product_tag":[],"class_list":{"0":"post-6050","1":"product","2":"type-product","3":"status-publish","4":"has-post-thumbnail","6":"product_cat-cosmetic-ingredients","7":"product_cat-moisturizing","8":"product_cat-repairing","10":"first","11":"instock","12":"shipping-taxable","13":"product-type-simple"},"acf":[],"_links":{"self":[{"href":"https:\/\/wpachem.com\/vi\/wp-json\/wp\/v2\/product\/6050","targetHints":{"allow":["GET"]}}],"collection":[{"href":"https:\/\/wpachem.com\/vi\/wp-json\/wp\/v2\/product"}],"about":[{"href":"https:\/\/wpachem.com\/vi\/wp-json\/wp\/v2\/types\/product"}],"version-history":[{"count":0,"href":"https:\/\/wpachem.com\/vi\/wp-json\/wp\/v2\/product\/6050\/revisions"}],"wp:featuredmedia":[{"embeddable":true,"href":"https:\/\/wpachem.com\/vi\/wp-json\/wp\/v2\/media\/2168"}],"wp:attachment":[{"href":"https:\/\/wpachem.com\/vi\/wp-json\/wp\/v2\/media?parent=6050"}],"wp:term":[{"taxonomy":"product_brand","embeddable":true,"href":"https:\/\/wpachem.com\/vi\/wp-json\/wp\/v2\/product_brand?post=6050"},{"taxonomy":"product_cat","embeddable":true,"href":"https:\/\/wpachem.com\/vi\/wp-json\/wp\/v2\/product_cat?post=6050"},{"taxonomy":"product_tag","embeddable":true,"href":"https:\/\/wpachem.com\/vi\/wp-json\/wp\/v2\/product_tag?post=6050"}],"curies":[{"name":"wp","href":"https:\/\/api.w.org\/{rel}","templated":true}]}}