{"id":6054,"date":"2024-02-07T08:42:28","date_gmt":"2024-02-07T08:42:28","guid":{"rendered":"https:\/\/wpachem.com\/?post_type=product&#038;p=6054"},"modified":"2024-02-07T09:39:36","modified_gmt":"2024-02-07T09:39:36","slug":"pomegranate-bark-extract-cas-84961-57-9","status":"publish","type":"product","link":"https:\/\/wpachem.com\/vi\/product\/pomegranate-bark-extract-cas-84961-57-9\/","title":{"rendered":"Chi\u1ebft xu\u1ea5t v\u1ecf qu\u1ea3 l\u1ef1u CAS 84961-57-9"},"content":{"rendered":"<p><strong>\u0110\u1eb7c \u0111i\u1ec3m<\/strong><\/p>\n<p>B\u1ed9t m\u00e0u n\u00e2u<\/p>\n<p><strong>\u1ee8ng d\u1ee5ng:<\/strong><\/p>\n<p>1. Ph\u1ee5 gia th\u1ef1c ph\u1ea9m v\u00e0 \u0111\u1ed3 u\u1ed1ng: Chi\u1ebft xu\u1ea5t v\u1ecf qu\u1ea3 l\u1ef1u c\u00f3 th\u1ec3 \u0111\u01b0\u1ee3c s\u1eed d\u1ee5ng trong th\u1ef1c ph\u1ea9m v\u00e0 \u0111\u1ed3 u\u1ed1ng nh\u01b0 m\u1ed9t ch\u1ea5t t\u1ea1o m\u00e0u t\u1ef1 nhi\u00ean, ch\u1ea5t b\u1ea3o qu\u1ea3n v\u00e0 ch\u1ea5t ch\u1ed1ng oxy h\u00f3a.<\/p>\n<p>2. D\u01b0\u1ee3c ph\u1ea9m v\u00e0 s\u1ea3n ph\u1ea9m ch\u0103m s\u00f3c s\u1ee9c kh\u1ecfe: Chi\u1ebft xu\u1ea5t v\u1ecf qu\u1ea3 l\u1ef1u \u0111\u01b0\u1ee3c coi l\u00e0 c\u00f3 l\u1ee3i cho s\u1ee9c kh\u1ecfe tim m\u1ea1ch, \u0111\u1ed3ng th\u1eddi c\u00f3 t\u00e1c d\u1ee5ng ch\u1ed1ng ti\u1ec3u \u0111\u01b0\u1eddng, ch\u1ed1ng ung th\u01b0 v\u00e0 \u0111i\u1ec1u h\u00f2a mi\u1ec5n d\u1ecbch.<\/p>\n<p>3. S\u1ea3n ph\u1ea9m ch\u0103m s\u00f3c da: Do c\u00f3 \u0111\u1eb7c t\u00ednh ch\u1ed1ng oxy h\u00f3a v\u00e0 ch\u1ed1ng vi\u00eam, chi\u1ebft xu\u1ea5t v\u1ecf l\u1ef1u th\u01b0\u1eddng \u0111\u01b0\u1ee3c th\u00eam v\u00e0o m\u1ef9 ph\u1ea9m \u0111\u1ec3 l\u00e0m tr\u1eafng, ch\u1ed1ng l\u00e3o h\u00f3a v\u00e0 gi\u1ea3m vi\u00eam.<\/p>","protected":false},"excerpt":{"rendered":"<p>T\u00ean s\u1ea3n ph\u1ea9m: Chi\u1ebft xu\u1ea5t v\u1ecf qu\u1ea3 l\u1ef1u<\/p>\n<p>S\u1ed1 CAS: 84961-57-9<\/p>\n<p>Ngo\u1ea1i quan: B\u1ed9t m\u00e0u n\u00e2u<\/p>","protected":false},"featured_media":6061,"template":"","meta":{"_acf_changed":false,"_gspb_post_css":""},"product_brand":[],"product_cat":[60,125,124,120,122,136,129,55,101,57],"product_tag":[],"class_list":{"0":"post-6054","1":"product","2":"type-product","3":"status-publish","4":"has-post-thumbnail","6":"product_cat-cosmetic-ingredients","7":"product_cat-cosmetic-raw-materials","8":"product_cat-food-additives-plant-extract","9":"product_cat-food-colorants","10":"product_cat-plant-extract","11":"product_cat-repairing","12":"product_cat-whitening-agent","13":"product_cat-food-additives","14":"product_cat-flavour-enhancer-food-additives","15":"product_cat-preservative","17":"first","18":"instock","19":"shipping-taxable","20":"product-type-simple"},"acf":[],"_links":{"self":[{"href":"https:\/\/wpachem.com\/vi\/wp-json\/wp\/v2\/product\/6054","targetHints":{"allow":["GET"]}}],"collection":[{"href":"https:\/\/wpachem.com\/vi\/wp-json\/wp\/v2\/product"}],"about":[{"href":"https:\/\/wpachem.com\/vi\/wp-json\/wp\/v2\/types\/product"}],"version-history":[{"count":0,"href":"https:\/\/wpachem.com\/vi\/wp-json\/wp\/v2\/product\/6054\/revisions"}],"wp:featuredmedia":[{"embeddable":true,"href":"https:\/\/wpachem.com\/vi\/wp-json\/wp\/v2\/media\/6061"}],"wp:attachment":[{"href":"https:\/\/wpachem.com\/vi\/wp-json\/wp\/v2\/media?parent=6054"}],"wp:term":[{"taxonomy":"product_brand","embeddable":true,"href":"https:\/\/wpachem.com\/vi\/wp-json\/wp\/v2\/product_brand?post=6054"},{"taxonomy":"product_cat","embeddable":true,"href":"https:\/\/wpachem.com\/vi\/wp-json\/wp\/v2\/product_cat?post=6054"},{"taxonomy":"product_tag","embeddable":true,"href":"https:\/\/wpachem.com\/vi\/wp-json\/wp\/v2\/product_tag?post=6054"}],"curies":[{"name":"wp","href":"https:\/\/api.w.org\/{rel}","templated":true}]}}