{"id":6055,"date":"2024-02-07T08:48:34","date_gmt":"2024-02-07T08:48:34","guid":{"rendered":"https:\/\/wpachem.com\/?post_type=product&#038;p=6055"},"modified":"2024-02-19T02:31:07","modified_gmt":"2024-02-19T02:31:07","slug":"beetroot-red-color-cas-7659-95-2","status":"publish","type":"product","link":"https:\/\/wpachem.com\/vi\/product\/beetroot-red-color-cas-7659-95-2\/","title":{"rendered":"M\u00e0u th\u1ef1c ph\u1ea9m t\u1ef1 nhi\u00ean c\u1ee7 c\u1ea3i \u0111\u01b0\u1eddng m\u00e0u \u0111\u1ecf CAS 7659-95-2"},"content":{"rendered":"<p><strong>\u0110\u1eb7c \u0111i\u1ec3m<\/strong><\/p>\n<p>S\u1eafc t\u1ed1 \u0111\u1ecf c\u1ee7 c\u1ea3i \u0111\u01b0\u1eddng l\u00e0 m\u1ed9t s\u1eafc t\u1ed1 t\u1ef1 nhi\u00ean \u0111\u01b0\u1ee3c h\u00ecnh th\u00e0nh b\u1eb1ng c\u00e1ch chi\u1ebft xu\u1ea5t, t\u00e1ch, c\u00f4 \u0111\u1eb7c v\u00e0 s\u1ea5y kh\u00f4 c\u1ee7 c\u1ea3i \u0111\u01b0\u1eddng \u0111\u1ecf \u0103n \u0111\u01b0\u1ee3c l\u00e0m nguy\u00ean li\u1ec7u. Th\u00e0nh ph\u1ea7n ch\u00ednh l\u00e0 anthocyanin c\u1ee7 c\u1ea3i \u0111\u01b0\u1eddng. \u0110\u1ecf c\u1ee7 c\u1ea3i \u0111\u01b0\u1eddng l\u00e0 ch\u1ea5t l\u1ecfng m\u00e0u \u0111\u1ecf t\u00edm \u0111\u1ebfn t\u00edm \u0111\u1eadm, d\u1ea1ng b\u1ed9t, d\u1ec5 tan trong n\u01b0\u1edbc, dung d\u1ecbch n\u01b0\u1edbc c\u00f3 m\u00e0u \u0111\u1ecf \u0111\u1ebfn t\u00edm, m\u00e0u s\u00e1ng.<\/p>\n<p><strong>\u1ee8ng d\u1ee5ng:<\/strong><\/p>\n<p>C\u00f3 th\u1ec3 d\u00f9ng \u0111\u1ec3 t\u1ea1o m\u00e0u cho \u0111\u1ed3 u\u1ed1ng l\u1ea1nh, c\u00e1c s\u1ea3n ph\u1ea9m t\u1eeb s\u1eefa, c\u00e1c s\u1ea3n ph\u1ea9m t\u1eeb tr\u00e1i c\u00e2y v\u00e0 c\u00e1c lo\u1ea1i th\u1ef1c ph\u1ea9m kh\u00f4ng c\u1ea7n \u0111un n\u00f3ng, kh\u00f4ng th\u00edch h\u1ee3p cho \u0111\u1ed3 u\u1ed1ng, v.v., nh\u01b0 m\u1ed9t ch\u1ea5t t\u1ea1o m\u00e0u \u0111\u1ecf t\u00edm.<br \/>\nM\u00e0u th\u1ef1c ph\u1ea9m t\u1ef1 nhi\u00ean m\u00e0u \u0111\u1ecf t\u00edm.<\/p>","protected":false},"excerpt":{"rendered":"<p>T\u00ean s\u1ea3n ph\u1ea9m: Monascus Red Color<\/p>\n<p>MF\uff1aC22H20O13<\/p>\n<p>CAS\uff1a1390-65-4<\/p>\n<p>Ngo\u1ea1i quan: D\u1ea1ng b\u1ed9t nh\u00e3o ho\u1eb7c b\u1ed9t m\u00e0u \u0111\u1ecf \u0111\u1ebfn t\u00edm<\/p>","protected":false},"featured_media":3710,"template":"","meta":{"_acf_changed":false,"_gspb_post_css":""},"product_brand":[],"product_cat":[120],"product_tag":[],"class_list":{"0":"post-6055","1":"product","2":"type-product","3":"status-publish","4":"has-post-thumbnail","6":"product_cat-food-colorants","8":"first","9":"instock","10":"shipping-taxable","11":"product-type-simple"},"acf":[],"_links":{"self":[{"href":"https:\/\/wpachem.com\/vi\/wp-json\/wp\/v2\/product\/6055","targetHints":{"allow":["GET"]}}],"collection":[{"href":"https:\/\/wpachem.com\/vi\/wp-json\/wp\/v2\/product"}],"about":[{"href":"https:\/\/wpachem.com\/vi\/wp-json\/wp\/v2\/types\/product"}],"version-history":[{"count":0,"href":"https:\/\/wpachem.com\/vi\/wp-json\/wp\/v2\/product\/6055\/revisions"}],"wp:featuredmedia":[{"embeddable":true,"href":"https:\/\/wpachem.com\/vi\/wp-json\/wp\/v2\/media\/3710"}],"wp:attachment":[{"href":"https:\/\/wpachem.com\/vi\/wp-json\/wp\/v2\/media?parent=6055"}],"wp:term":[{"taxonomy":"product_brand","embeddable":true,"href":"https:\/\/wpachem.com\/vi\/wp-json\/wp\/v2\/product_brand?post=6055"},{"taxonomy":"product_cat","embeddable":true,"href":"https:\/\/wpachem.com\/vi\/wp-json\/wp\/v2\/product_cat?post=6055"},{"taxonomy":"product_tag","embeddable":true,"href":"https:\/\/wpachem.com\/vi\/wp-json\/wp\/v2\/product_tag?post=6055"}],"curies":[{"name":"wp","href":"https:\/\/api.w.org\/{rel}","templated":true}]}}