{"id":6057,"date":"2024-02-07T09:26:42","date_gmt":"2024-02-07T09:26:42","guid":{"rendered":"https:\/\/wpachem.com\/?post_type=product&#038;p=6057"},"modified":"2024-02-19T02:30:58","modified_gmt":"2024-02-19T02:30:58","slug":"paprika-oleoresin-cas-465-42-9","status":"publish","type":"product","link":"https:\/\/wpachem.com\/vi\/product\/paprika-oleoresin-cas-465-42-9\/","title":{"rendered":"M\u00e0u th\u1ef1c ph\u1ea9m t\u1ef1 nhi\u00ean Paprika Oleoresin CAS 465-42-9"},"content":{"rendered":"<p><strong>\u0110\u1eb7c \u0111i\u1ec3m<\/strong><\/p>\n<p>B\u1ed9t m\u00e0u \u0111\u1ecf \u0111\u1eadm, m\u00e0u s\u1eafc t\u01b0\u01a1i s\u00e1ng, kh\u1ea3 n\u0103ng t\u1ea1o m\u00e0u m\u1ea1nh, kh\u1ea3 n\u0103ng ch\u1ed1ng s\u00e1ng t\u1ed1t, s\u1ea3n ph\u1ea9m c\u00f3 \u0111\u1eb7c t\u00ednh ch\u1ecbu nhi\u1ec7t, ch\u1ecbu axit, ki\u1ec1m v\u00e0 kh\u00f4ng b\u1ecb \u1ea3nh h\u01b0\u1edfng b\u1edfi c\u00e1c ion kim lo\u1ea1i, tan trong d\u1ea7u m\u1ee1, etanol, v.v., c\u00f3 \u0111\u1ed9 tinh khi\u1ebft cao, \u00edt c\u1eb7n h\u00f2a tan, \u00edt ion kim lo\u1ea1i, \u00edt t\u1ea1p ch\u1ea5t, kh\u00f4ng c\u00f3 v\u1ecb cay<\/p>\n<p><strong>\u1ee8ng d\u1ee5ng:<\/strong><\/p>\n<ol>\n<li>C\u00f3 th\u1ec3 s\u1eed d\u1ee5ng r\u1ed9ng r\u00e3i trong th\u1ef1c ph\u1ea9m, s\u1ea3n ph\u1ea9m s\u1ee9c kh\u1ecfe, thu\u1ed1c men, m\u1ef9 ph\u1ea9m, th\u1ee9c \u0103n ch\u0103n nu\u00f4i v\u00e0 c\u00e1c ng\u00e0nh c\u00f4ng nghi\u1ec7p kh\u00e1c, l\u00e0 ch\u1ea5t t\u1ea1o m\u00e0u l\u00fd t\u01b0\u1edfng nh\u1ea5t cho m\u00ec \u0103n li\u1ec1n, m\u00f3n \u0103n, s\u1ea3n ph\u1ea9m th\u1ee7y s\u1ea3n, th\u1ecbt, b\u00e1nh ng\u1ecdt, d\u1ea7u salad, kem, n\u01b0\u1edbc tr\u00e1i c\u00e2y, \u0111\u1ed3 u\u1ed1ng, s\u1ea3n ph\u1ea9m dinh d\u01b0\u1ee1ng v\u00e0 s\u1ee9c kh\u1ecfe, son m\u00f4i cao c\u1ea5p v\u00e0 c\u00e1c s\u1ea3n ph\u1ea9m kh\u00e1c.<\/li>\n<li>C\u00f3 th\u1ec3 d\u00f9ng l\u00e0m n\u01b0\u1edbc \u00e9p tr\u00e1i c\u00e2y, \u0111\u1ed3 u\u1ed1ng, r\u01b0\u1ee3u vang h\u1ed7n h\u1ee3p, kem, k\u1eb9o, nh\u00e2n b\u00e1nh quy, b\u00e1nh ng\u1ecdt, b\u00e1nh m\u00ec, \u0111\u1ed3 chua, gia v\u1ecb, b\u00e1nh m\u00ec d\u1eb9t, \u0111\u1ed3 chi\u00ean, ng\u0169 c\u1ed1c \u0103n s\u00e1ng \u0103n li\u1ec1n v\u00e0 c\u00e1c lo\u1ea1i ph\u1ea9m m\u00e0u th\u1ef1c ph\u1ea9m kh\u00e1c.<\/li>\n<\/ol>","protected":false},"excerpt":{"rendered":"<p>T\u00ean s\u1ea3n ph\u1ea9m: Paprika Oleoresin<\/p>\n<p>MF\uff1aC22H20O13<\/p>\n<p>CAS\uff1a465-42-9<\/p>\n<p>Ngo\u1ea1i quan: B\u1ed9t m\u00e0u \u0111\u1ecf \u0111\u1eadm<\/p>","protected":false},"featured_media":3710,"template":"","meta":{"_acf_changed":false,"_gspb_post_css":""},"product_brand":[],"product_cat":[120],"product_tag":[],"class_list":{"0":"post-6057","1":"product","2":"type-product","3":"status-publish","4":"has-post-thumbnail","6":"product_cat-food-colorants","8":"first","9":"instock","10":"shipping-taxable","11":"product-type-simple"},"acf":[],"_links":{"self":[{"href":"https:\/\/wpachem.com\/vi\/wp-json\/wp\/v2\/product\/6057","targetHints":{"allow":["GET"]}}],"collection":[{"href":"https:\/\/wpachem.com\/vi\/wp-json\/wp\/v2\/product"}],"about":[{"href":"https:\/\/wpachem.com\/vi\/wp-json\/wp\/v2\/types\/product"}],"version-history":[{"count":0,"href":"https:\/\/wpachem.com\/vi\/wp-json\/wp\/v2\/product\/6057\/revisions"}],"wp:featuredmedia":[{"embeddable":true,"href":"https:\/\/wpachem.com\/vi\/wp-json\/wp\/v2\/media\/3710"}],"wp:attachment":[{"href":"https:\/\/wpachem.com\/vi\/wp-json\/wp\/v2\/media?parent=6057"}],"wp:term":[{"taxonomy":"product_brand","embeddable":true,"href":"https:\/\/wpachem.com\/vi\/wp-json\/wp\/v2\/product_brand?post=6057"},{"taxonomy":"product_cat","embeddable":true,"href":"https:\/\/wpachem.com\/vi\/wp-json\/wp\/v2\/product_cat?post=6057"},{"taxonomy":"product_tag","embeddable":true,"href":"https:\/\/wpachem.com\/vi\/wp-json\/wp\/v2\/product_tag?post=6057"}],"curies":[{"name":"wp","href":"https:\/\/api.w.org\/{rel}","templated":true}]}}