{"id":6060,"date":"2024-02-07T09:29:24","date_gmt":"2024-02-07T09:29:24","guid":{"rendered":"https:\/\/wpachem.com\/?post_type=product&#038;p=6060"},"modified":"2024-02-07T09:45:10","modified_gmt":"2024-02-07T09:45:10","slug":"pomegranate-bark-extract-cas-84961-57-9-2","status":"publish","type":"product","link":"https:\/\/wpachem.com\/vi\/product\/pomegranate-bark-extract-cas-84961-57-9-2\/","title":{"rendered":"3,3\u2032-Dihydroxy-beta,beta-carotene-4,4\u2032-dione CAS 472-61-7 Astaxanthin"},"content":{"rendered":"<p><strong>\u0110\u1eb7c \u0111i\u1ec3m<\/strong><\/p>\n<p>B\u1ed9t m\u00e0u n\u00e2u \u0111\u1ecf<\/p>\n<p><strong>\u1ee8ng d\u1ee5ng:<\/strong><\/p>\n<p>1. Ng\u00e0nh c\u00f4ng nghi\u1ec7p th\u1ef1c ph\u1ea9m: Astaxanthin c\u00f3 th\u1ec3 \u0111\u01b0\u1ee3c s\u1eed d\u1ee5ng nh\u01b0 m\u1ed9t ch\u1ea5t t\u1ea1o m\u00e0u t\u1ef1 nhi\u00ean trong th\u1ef1c ph\u1ea9m \u0111\u1ec3 t\u0103ng m\u00e0u s\u1eafc cho th\u1ef1c ph\u1ea9m, ch\u1eb3ng h\u1ea1n nh\u01b0 b\u00e1nh ng\u1ecdt, b\u00e1nh quy, n\u01b0\u1edbc tr\u00e1i c\u00e2y, c\u00e1c s\u1ea3n ph\u1ea9m t\u1eeb s\u1eefa v\u00e0 gia v\u1ecb.<\/p>\n<p>2. Ng\u00e0nh m\u1ef9 ph\u1ea9m: Do t\u00e1c d\u1ee5ng ch\u1ed1ng oxy h\u00f3a v\u00e0 l\u00e0m \u0111\u1eb9p c\u1ee7a astaxanthin n\u00ean n\u00f3 \u0111\u01b0\u1ee3c s\u1eed d\u1ee5ng r\u1ed9ng r\u00e3i trong m\u1ef9 ph\u1ea9m nh\u01b0 kem d\u01b0\u1ee1ng da m\u1eb7t, son m\u00f4i, ph\u1ea5n m\u1eaft, v.v.<\/p>","protected":false},"excerpt":{"rendered":"<p>T\u00ean s\u1ea3n ph\u1ea9m: Astaxanthin<\/p>\n<p>S\u1ed1 CAS: 9472-61-7<\/p>\n<p>MF:C40H52O4<\/p>\n<p>Ngo\u1ea1i quan: B\u1ed9t m\u00e0u n\u00e2u \u0111\u1ecf<\/p>","protected":false},"featured_media":6069,"template":"","meta":{"_acf_changed":false,"_gspb_post_css":""},"product_brand":[],"product_cat":[60,131,125,124,120,122,136,55],"product_tag":[],"class_list":{"0":"post-6060","1":"product","2":"type-product","3":"status-publish","4":"has-post-thumbnail","6":"product_cat-cosmetic-ingredients","7":"product_cat-antioxidant","8":"product_cat-cosmetic-raw-materials","9":"product_cat-food-additives-plant-extract","10":"product_cat-food-colorants","11":"product_cat-plant-extract","12":"product_cat-repairing","13":"product_cat-food-additives","15":"first","16":"instock","17":"shipping-taxable","18":"product-type-simple"},"acf":[],"_links":{"self":[{"href":"https:\/\/wpachem.com\/vi\/wp-json\/wp\/v2\/product\/6060","targetHints":{"allow":["GET"]}}],"collection":[{"href":"https:\/\/wpachem.com\/vi\/wp-json\/wp\/v2\/product"}],"about":[{"href":"https:\/\/wpachem.com\/vi\/wp-json\/wp\/v2\/types\/product"}],"version-history":[{"count":0,"href":"https:\/\/wpachem.com\/vi\/wp-json\/wp\/v2\/product\/6060\/revisions"}],"wp:featuredmedia":[{"embeddable":true,"href":"https:\/\/wpachem.com\/vi\/wp-json\/wp\/v2\/media\/6069"}],"wp:attachment":[{"href":"https:\/\/wpachem.com\/vi\/wp-json\/wp\/v2\/media?parent=6060"}],"wp:term":[{"taxonomy":"product_brand","embeddable":true,"href":"https:\/\/wpachem.com\/vi\/wp-json\/wp\/v2\/product_brand?post=6060"},{"taxonomy":"product_cat","embeddable":true,"href":"https:\/\/wpachem.com\/vi\/wp-json\/wp\/v2\/product_cat?post=6060"},{"taxonomy":"product_tag","embeddable":true,"href":"https:\/\/wpachem.com\/vi\/wp-json\/wp\/v2\/product_tag?post=6060"}],"curies":[{"name":"wp","href":"https:\/\/api.w.org\/{rel}","templated":true}]}}