{"id":6062,"date":"2024-02-07T09:40:50","date_gmt":"2024-02-07T09:40:50","guid":{"rendered":"https:\/\/wpachem.com\/?post_type=product&#038;p=6062"},"modified":"2024-02-19T02:28:34","modified_gmt":"2024-02-19T02:28:34","slug":"purple-sweet-potato-color","status":"publish","type":"product","link":"https:\/\/wpachem.com\/vi\/product\/purple-sweet-potato-color\/","title":{"rendered":"M\u00e0u th\u1ef1c ph\u1ea9m t\u1ef1 nhi\u00ean M\u00e0u khoai lang t\u00edm"},"content":{"rendered":"<div class=\"huaci-result-wrapper\">\n<p><strong>\u0110\u1eb7c \u0111i\u1ec3m<\/strong><\/p>\n<p class=\"target color_text_1\">B\u1ed9t khoai t\u00e2y t\u00edm l\u00e0 khoai t\u00e2y t\u00edm t\u01b0\u01a1i ch\u1ea5t l\u01b0\u1ee3ng cao l\u00e0m nguy\u00ean li\u1ec7u, nghi\u1ec1n, s\u1ea5y kh\u00f4 v\u00e0 c\u00e1c qu\u00e1 tr\u00ecnh kh\u00e1c, s\u1ea3n ph\u1ea9m l\u00e0 b\u1ed9t tan trong n\u01b0\u1edbc m\u00e0u t\u00edm nh\u1ea1t \u0111\u1ebfn t\u00edm, c\u00f3 m\u00f9i \u0111\u1eb7c tr\u01b0ng, kh\u00f4ng m\u00f9i v\u1edbi m\u00f9i khoai t\u00e2y t\u00edm n\u1ed3ng, kh\u00f4ng ch\u1ec9 gi\u1eef l\u1ea1i ch\u1ea5t dinh d\u01b0\u1ee1ng c\u1ee7a khoai t\u00e2y t\u00edm m\u00e0 c\u00f2n c\u00f3 ch\u1ee9c n\u0103ng t\u1ea1o m\u00e0u. N\u00f3 c\u00f3 \u0111\u1eb7c \u0111i\u1ec3m l\u00e0 tan trong n\u01b0\u1edbc t\u1ed1t, ch\u1ecbu nhi\u1ec7t, ch\u1ecbu \u00e1nh s\u00e1ng, \u1ed5n \u0111\u1ecbnh t\u1ed1t v\u00e0 kh\u1ea3 n\u0103ng t\u1ea1o m\u00e0u m\u1ea1nh. L\u0129nh v\u1ef1c \u1ee9ng d\u1ee5ng r\u1ea5t r\u1ed9ng.<\/p>\n<p><strong>\u1ee8ng d\u1ee5ng:<\/strong><\/p>\n<ol>\n<li>B\u1ed9t khoai t\u00e2y t\u00edm ch\u1ee7 y\u1ebfu \u0111\u01b0\u1ee3c s\u1eed d\u1ee5ng trong th\u1ef1c ph\u1ea9m \u0111\u00f4ng l\u1ea1nh nh\u01b0 b\u00e1nh tr\u00f4i t\u00e0u, b\u00e1nh bao \u0111\u00f4ng l\u1ea1nh, b\u00e1nh bao h\u1ea5p, vi\u00ean b\u1ed9t v\u00e0 c\u00e1c s\u1ea3n ph\u1ea9m kh\u00e1c, ch\u1ee7 y\u1ebfu d\u00f9ng \u0111\u1ec3 t\u1ea1o m\u00e0u cho v\u1ecf s\u1ea3n ph\u1ea9m v\u00e0 t\u0103ng h\u01b0\u01a1ng v\u1ecb. Trong qu\u00e1 tr\u00ecnh s\u1ea3n xu\u1ea5t c\u00f3 th\u1ec3 d\u00f9ng \u0111\u1ec3 thay th\u1ebf m\u1ed9t ph\u1ea7n b\u1ed9t m\u00ec, \u0111\u1ed3ng th\u1eddi, b\u1ed9t khoai t\u00e2y t\u00edm c\u0169ng c\u00f3 th\u1ec3 d\u00f9ng trong s\u1eefa chua \u0111\u00f4ng l\u1ea1nh, kem.<\/li>\n<li>\u00a0Trong ng\u00e0nh l\u00e0m b\u00e1nh, b\u1ed9t khoai t\u00e2y t\u00edm l\u00e0 lo\u1ea1i \u0111\u01b0\u1ee3c s\u1eed d\u1ee5ng r\u1ed9ng r\u00e3i nh\u1ea5t, c\u00f3 th\u1ec3 th\u00eam v\u00e0o th\u1ef1c ph\u1ea9m nh\u01b0 ph\u1ee5 gia l\u00e0m b\u00e1nh. C\u00e1c s\u1ea3n ph\u1ea9m th\u00f4ng th\u01b0\u1eddng nh\u01b0 b\u00e1nh m\u00ec v\u00e0 b\u00e1nh quy khoai t\u00e2y t\u00edm kh\u00f4ng ch\u1ec9 c\u00f3 th\u1ec3 c\u1ea3i thi\u1ec7n m\u1ee9c \u0111\u1ed9 xu\u1ea5t hi\u1ec7n c\u1ee7a b\u00e1nh m\u00ec m\u00e0 c\u00f2n c\u00f3 th\u1ec3 \u0103n \u0111\u01b0\u1ee3c h\u01b0\u01a1ng th\u01a1m \u0111\u1ed9c \u0111\u00e1o c\u1ee7a khoai t\u00e2y t\u00edm. \u0110\u1eb7c bi\u1ec7t trong nh\u1eefng n\u0103m g\u1ea7n \u0111\u00e2y, nhi\u1ec1u c\u1eeda h\u00e0ng b\u00e1nh \u0111\u1ecf tr\u1ef1c tuy\u1ebfn \u0111\u00e3 tung ra r\u1ea5t nhi\u1ec1u s\u1ea3n ph\u1ea9m \u201cb\u00f9ng n\u1ed5\u201d v\u1ec1 khoai t\u00e2y t\u00edm, r\u1ea5t \u0111\u01b0\u1ee3c ng\u01b0\u1eddi ti\u00eau d\u00f9ng \u01b0a chu\u1ed9ng. Ngo\u00e0i ra, m\u1ed9t t\u00e1c d\u1ee5ng tuy\u1ec7t v\u1eddi kh\u00e1c c\u1ee7a b\u1ed9t khoai t\u00e2y t\u00edm l\u00e0 l\u00e0m nh\u00e2n, cho d\u00f9 \u0111\u00f3 l\u00e0 b\u00e1nh trung thu, b\u00e1nh ng\u1ecdt v\u00e0 b\u00e1nh bao ch\u00e2u \u00c2u.<\/li>\n<li>\u00a0B\u1ed9t khoai t\u00e2y t\u00edm c\u00f3 th\u1ec3 d\u00f9ng l\u00e0m nguy\u00ean li\u1ec7u \u0111\u1ec3 th\u00eam c\u00e1c lo\u1ea1i \u0111\u1ed3 u\u1ed1ng c\u00f3 h\u01b0\u01a1ng v\u1ecb s\u1eefa, \u0111\u1ed3 u\u1ed1ng l\u1ea1nh, \u0111\u1ed3 u\u1ed1ng n\u00f3ng, n\u01b0\u1edbc \u00e9p tr\u00e1i c\u00e2y v\u00e0 rau c\u1ee7 t\u1ed5ng h\u1ee3p, \u0111\u1ed3 u\u1ed1ng r\u1eafn h\u00f2a tan v\u00e0 c\u00e1c s\u1ea3n ph\u1ea9m kh\u00e1c.<\/li>\n<\/ol>\n<\/div>\n<div class=\"more-container color_bg_dialog\">\n<div class=\"more color_text_3\" data-protocol=\"\"><\/div>\n<\/div>","protected":false},"excerpt":{"rendered":"<p>T\u00ean s\u1ea3n ph\u1ea9m: M\u00e0u Khoai Lang T\u00edm<\/p>\n<p>Ngo\u1ea1i quan: b\u1ed9t m\u00e0u t\u00edm<\/p>","protected":false},"featured_media":3692,"template":"","meta":{"_acf_changed":false,"_gspb_post_css":""},"product_brand":[],"product_cat":[120],"product_tag":[],"class_list":{"0":"post-6062","1":"product","2":"type-product","3":"status-publish","4":"has-post-thumbnail","6":"product_cat-food-colorants","8":"first","9":"instock","10":"shipping-taxable","11":"product-type-simple"},"acf":[],"_links":{"self":[{"href":"https:\/\/wpachem.com\/vi\/wp-json\/wp\/v2\/product\/6062","targetHints":{"allow":["GET"]}}],"collection":[{"href":"https:\/\/wpachem.com\/vi\/wp-json\/wp\/v2\/product"}],"about":[{"href":"https:\/\/wpachem.com\/vi\/wp-json\/wp\/v2\/types\/product"}],"version-history":[{"count":0,"href":"https:\/\/wpachem.com\/vi\/wp-json\/wp\/v2\/product\/6062\/revisions"}],"wp:featuredmedia":[{"embeddable":true,"href":"https:\/\/wpachem.com\/vi\/wp-json\/wp\/v2\/media\/3692"}],"wp:attachment":[{"href":"https:\/\/wpachem.com\/vi\/wp-json\/wp\/v2\/media?parent=6062"}],"wp:term":[{"taxonomy":"product_brand","embeddable":true,"href":"https:\/\/wpachem.com\/vi\/wp-json\/wp\/v2\/product_brand?post=6062"},{"taxonomy":"product_cat","embeddable":true,"href":"https:\/\/wpachem.com\/vi\/wp-json\/wp\/v2\/product_cat?post=6062"},{"taxonomy":"product_tag","embeddable":true,"href":"https:\/\/wpachem.com\/vi\/wp-json\/wp\/v2\/product_tag?post=6062"}],"curies":[{"name":"wp","href":"https:\/\/api.w.org\/{rel}","templated":true}]}}