{"id":6067,"date":"2024-02-07T09:51:17","date_gmt":"2024-02-07T09:51:17","guid":{"rendered":"https:\/\/wpachem.com\/?post_type=product&#038;p=6067"},"modified":"2024-02-19T02:28:10","modified_gmt":"2024-02-19T02:28:10","slug":"radish-red-color","status":"publish","type":"product","link":"https:\/\/wpachem.com\/vi\/product\/radish-red-color\/","title":{"rendered":"M\u00e0u th\u1ef1c ph\u1ea9m t\u1ef1 nhi\u00ean M\u00e0u \u0111\u1ecf c\u1ee7 c\u1ea3i"},"content":{"rendered":"<p><strong>\u0110\u1eb7c \u0111i\u1ec3m<\/strong><\/p>\n<p>S\u1eafc t\u1ed1 \u0111\u1ecf c\u1ee7 c\u1ea3i l\u00e0 d\u1eabn xu\u1ea5t glucoside c\u1ee7a pelargonin, m\u1ed9t anthocyanin h\u00f2a tan trong n\u01b0\u1edbc. S\u1eafc t\u1ed1 \u0111\u1ecf c\u1ee7 c\u1ea3i l\u00e0 b\u1ed9t v\u00f4 \u0111\u1ecbnh h\u00ecnh m\u00e0u \u0111\u1ecf s\u1eabm, d\u1ec5 h\u00fat \u1ea9m, v\u00f3n c\u1ee5c, nh\u01b0ng nh\u00ecn chung kh\u00f4ng \u1ea3nh h\u01b0\u1edfng \u0111\u1ebfn hi\u1ec7u qu\u1ea3 s\u1eed d\u1ee5ng. \u0110\u1ecf c\u1ee7 c\u1ea3i l\u00e0 m\u1ed9t trong nh\u1eefng s\u1eafc t\u1ed1 t\u1ef1 nhi\u00ean \u0111\u01b0\u1ee3c \u1ee6y ban Ti\u00eau chu\u1ea9n Ph\u1ee5 gia Th\u1ef1c ph\u1ea9m Qu\u1ed1c gia cho ph\u00e9p, c\u00f3 ph\u1ea1m vi \u1ee9ng d\u1ee5ng r\u1ed9ng r\u00e3i trong c\u00e1c ng\u00e0nh th\u1ef1c ph\u1ea9m, \u0111\u1ed3 u\u1ed1ng, m\u1ef9 ph\u1ea9m v\u00e0 d\u01b0\u1ee3c ph\u1ea9m.<\/p>\n<p><strong>\u1ee8ng d\u1ee5ng:<\/strong><\/p>\n<ol>\n<li>\u1ee8ng d\u1ee5ng s\u1eafc t\u1ed1 \u0111\u1ecf c\u1ee7 c\u1ea3i trong th\u1ef1c ph\u1ea9m: m\u00e0u s\u1eafc l\u00e0 m\u1ed9t trong ba y\u1ebfu t\u1ed1 c\u1ee7a th\u1ef1c ph\u1ea9m (m\u00e0u s\u1eafc, h\u01b0\u01a1ng th\u01a1m, h\u01b0\u01a1ng v\u1ecb), c\u00f3 \u00fd ngh\u0129a to l\u1edbn trong vi\u1ec7c c\u1ea3i thi\u1ec7n s\u1ef1 th\u00e8m \u0103n v\u00e0 k\u00edch th\u00edch s\u1ef1 th\u00e8m \u0103n. S\u1eafc t\u1ed1 \u0111\u1ecf c\u1ee7 c\u1ea3i c\u1ee7a c\u00e0 r\u1ed1t \u0111\u01b0\u1ee3c chi\u1ebft xu\u1ea5t b\u1eb1ng ph\u01b0\u01a1ng ph\u00e1p h\u00f3a h\u1ecdc v\u00e0 \u0111\u01b0\u1ee3c s\u1eed d\u1ee5ng l\u00e0m ph\u1ee5 gia th\u1ef1c ph\u1ea9m, gi\u1ea3i quy\u1ebft t\u1ed1t m\u1ed9t s\u1ed1 nh\u01b0\u1ee3c \u0111i\u1ec3m c\u1ee7a s\u1eafc t\u1ed1 t\u1ed5ng h\u1ee3p v\u00e0 tr\u1edf th\u00e0nh m\u1ed9t h\u01b0\u1edbng nghi\u00ean c\u1ee9u m\u1edbi. Nh\u1eadt B\u1ea3n hi\u1ec7n c\u00f3 r\u1ea5t nhi\u1ec1u nghi\u00ean c\u1ee9u trong l\u0129nh v\u1ef1c n\u00e0y, \u1ee9ng d\u1ee5ng th\u1ea1ch th\u1ef1c ph\u1ea9m, m\u1ee9t, k\u1eb9o v\u00e0 n\u01b0\u1edbc s\u1ed1t c\u00e0 chua.<\/li>\n<li>\u00a0\u1ee8ng d\u1ee5ng s\u1eafc t\u1ed1 \u0111\u1ecf c\u1ee7 c\u1ea3i trong \u0111\u1ed3 u\u1ed1ng \u1ee8ng d\u1ee5ng s\u1eafc t\u1ed1: trong pha ch\u1ebf r\u01b0\u1ee3u vang, \u0111\u1ed3 u\u1ed1ng c\u00f3 ga v\u00e0 n\u01b0\u1edbc \u00e9p tr\u00e1i c\u00e2y (c\u00f3 h\u01b0\u01a1ng v\u1ecb), \u0111\u00f3ng vai tr\u00f2 t\u1ea1o m\u00e0u ho\u1eb7c b\u1ed5 sung.<\/li>\n<\/ol>","protected":false},"excerpt":{"rendered":"<p>T\u00ean s\u1ea3n ph\u1ea9m: M\u00e0u \u0111\u1ecf c\u1ee7 c\u1ea3i<\/p>\n<p>Ngo\u1ea1i quan: B\u1ed9t v\u00f4 \u0111\u1ecbnh h\u00ecnh m\u00e0u \u0111\u1ecf s\u1eabm<\/p>","protected":false},"featured_media":3783,"template":"","meta":{"_acf_changed":false,"_gspb_post_css":""},"product_brand":[],"product_cat":[120],"product_tag":[],"class_list":{"0":"post-6067","1":"product","2":"type-product","3":"status-publish","4":"has-post-thumbnail","6":"product_cat-food-colorants","8":"first","9":"instock","10":"shipping-taxable","11":"product-type-simple"},"acf":[],"_links":{"self":[{"href":"https:\/\/wpachem.com\/vi\/wp-json\/wp\/v2\/product\/6067","targetHints":{"allow":["GET"]}}],"collection":[{"href":"https:\/\/wpachem.com\/vi\/wp-json\/wp\/v2\/product"}],"about":[{"href":"https:\/\/wpachem.com\/vi\/wp-json\/wp\/v2\/types\/product"}],"version-history":[{"count":0,"href":"https:\/\/wpachem.com\/vi\/wp-json\/wp\/v2\/product\/6067\/revisions"}],"wp:featuredmedia":[{"embeddable":true,"href":"https:\/\/wpachem.com\/vi\/wp-json\/wp\/v2\/media\/3783"}],"wp:attachment":[{"href":"https:\/\/wpachem.com\/vi\/wp-json\/wp\/v2\/media?parent=6067"}],"wp:term":[{"taxonomy":"product_brand","embeddable":true,"href":"https:\/\/wpachem.com\/vi\/wp-json\/wp\/v2\/product_brand?post=6067"},{"taxonomy":"product_cat","embeddable":true,"href":"https:\/\/wpachem.com\/vi\/wp-json\/wp\/v2\/product_cat?post=6067"},{"taxonomy":"product_tag","embeddable":true,"href":"https:\/\/wpachem.com\/vi\/wp-json\/wp\/v2\/product_tag?post=6067"}],"curies":[{"name":"wp","href":"https:\/\/api.w.org\/{rel}","templated":true}]}}