{"id":6071,"date":"2024-02-07T09:45:33","date_gmt":"2024-02-07T09:45:33","guid":{"rendered":"https:\/\/wpachem.com\/?post_type=product&#038;p=6071"},"modified":"2024-02-07T09:49:27","modified_gmt":"2024-02-07T09:49:27","slug":"betaine-cas-107-43-7","status":"publish","type":"product","link":"https:\/\/wpachem.com\/vi\/product\/betaine-cas-107-43-7\/","title":{"rendered":"Betain CAS 107-43-7"},"content":{"rendered":"<p><strong>\u0110\u1eb7c \u0111i\u1ec3m<\/strong><\/p>\n<p>Tinh th\u1ec3 kh\u00f4ng m\u00e0u ho\u1eb7c b\u1ed9t tinh th\u1ec3 m\u00e0u tr\u1eafng<\/p>\n<p><strong>\u1ee8ng d\u1ee5ng:<\/strong><\/p>\n<p>H\u00f3a sinh: Trong nghi\u00ean c\u1ee9u sinh h\u00f3a, betaine th\u01b0\u1eddng \u0111\u01b0\u1ee3c s\u1eed d\u1ee5ng nh\u01b0 m\u1ed9t dung m\u00f4i v\u00e0 ch\u1ea5t b\u1ea3o v\u1ec7 cho protein v\u00e0 c\u00e1c \u0111\u1ea1i ph\u00e2n t\u1eed sinh h\u1ecdc kh\u00e1c \u0111\u1ec3 tr\u00e1nh bi\u1ebfn t\u00ednh v\u00e0 h\u01b0 h\u1ecfng.<\/p>\n<p>Ng\u00e0nh c\u00f4ng nghi\u1ec7p thanh l\u1ecdc: Betaine c\u0169ng c\u00f3 th\u1ec3 \u0111\u01b0\u1ee3c s\u1eed d\u1ee5ng nh\u01b0 m\u1ed9t ch\u1ea5t kh\u1eed, ch\u1ea5t kh\u1eed m\u00e0u v\u00e0 ch\u1ea5t ch\u1ed1ng oxy h\u00f3a trong ng\u00e0nh c\u00f4ng nghi\u1ec7p thanh l\u1ecdc.<\/p>\n<p>Ng\u00e0nh c\u00f4ng nghi\u1ec7p d\u01b0\u1ee3c ph\u1ea9m: Trong ng\u00e0nh c\u00f4ng nghi\u1ec7p d\u01b0\u1ee3c ph\u1ea9m, betaine \u0111\u01b0\u1ee3c s\u1eed d\u1ee5ng \u0111\u1ec3 tinh ch\u1ebf v\u00e0 s\u1ea3n xu\u1ea5t d\u01b0\u1ee3c ph\u1ea9m.<\/p>","protected":false},"excerpt":{"rendered":"<p>T\u00ean s\u1ea3n ph\u1ea9m: Betaine<\/p>\n<p>S\u1ed1 CAS: 107-43-7<\/p>\n<p>Ch\u1ea5t: C5H11NO2<\/p>\n<p>Ngo\u1ea1i quan: Tinh th\u1ec3 kh\u00f4ng m\u00e0u ho\u1eb7c b\u1ed9t tinh th\u1ec3 m\u00e0u tr\u1eafng<\/p>","protected":false},"featured_media":5182,"template":"","meta":{"_acf_changed":false,"_gspb_post_css":""},"product_brand":[],"product_cat":[136,69,24],"product_tag":[],"class_list":{"0":"post-6071","1":"product","2":"type-product","3":"status-publish","4":"has-post-thumbnail","6":"product_cat-repairing","7":"product_cat-more","8":"product_cat-uncategorized","10":"first","11":"instock","12":"shipping-taxable","13":"product-type-simple"},"acf":[],"_links":{"self":[{"href":"https:\/\/wpachem.com\/vi\/wp-json\/wp\/v2\/product\/6071","targetHints":{"allow":["GET"]}}],"collection":[{"href":"https:\/\/wpachem.com\/vi\/wp-json\/wp\/v2\/product"}],"about":[{"href":"https:\/\/wpachem.com\/vi\/wp-json\/wp\/v2\/types\/product"}],"version-history":[{"count":0,"href":"https:\/\/wpachem.com\/vi\/wp-json\/wp\/v2\/product\/6071\/revisions"}],"wp:featuredmedia":[{"embeddable":true,"href":"https:\/\/wpachem.com\/vi\/wp-json\/wp\/v2\/media\/5182"}],"wp:attachment":[{"href":"https:\/\/wpachem.com\/vi\/wp-json\/wp\/v2\/media?parent=6071"}],"wp:term":[{"taxonomy":"product_brand","embeddable":true,"href":"https:\/\/wpachem.com\/vi\/wp-json\/wp\/v2\/product_brand?post=6071"},{"taxonomy":"product_cat","embeddable":true,"href":"https:\/\/wpachem.com\/vi\/wp-json\/wp\/v2\/product_cat?post=6071"},{"taxonomy":"product_tag","embeddable":true,"href":"https:\/\/wpachem.com\/vi\/wp-json\/wp\/v2\/product_tag?post=6071"}],"curies":[{"name":"wp","href":"https:\/\/api.w.org\/{rel}","templated":true}]}}