{"id":6075,"date":"2024-02-08T03:48:49","date_gmt":"2024-02-08T03:48:49","guid":{"rendered":"https:\/\/wpachem.com\/?post_type=product&#038;p=6075"},"modified":"2024-02-19T02:28:01","modified_gmt":"2024-02-19T02:28:01","slug":"grape-skin-red-color","status":"publish","type":"product","link":"https:\/\/wpachem.com\/vi\/product\/grape-skin-red-color\/","title":{"rendered":"M\u00e0u th\u1ef1c ph\u1ea9m t\u1ef1 nhi\u00ean M\u00e0u \u0111\u1ecf v\u1ecf nho"},"content":{"rendered":"<p><strong>\u0110\u1eb7c \u0111i\u1ec3m<\/strong><\/p>\n<p>Ch\u1ea5t l\u1ecfng ho\u1eb7c b\u1ed9t m\u00e0u \u0111\u1ecf t\u00eda, tan trong n\u01b0\u1edbc, ethanol v\u00e0 propylene glycol, kh\u00f4ng tan trong d\u1ea7u m\u1ee1.<\/p>\n<p><strong>\u1ee8ng d\u1ee5ng:<\/strong><\/p>\n<p>C\u00f3 th\u1ec3 s\u1eed d\u1ee5ng trong \u0111\u1ed3 u\u1ed1ng \u0111\u00f4ng l\u1ea1nh, m\u1ee9t, k\u1eb9o, th\u1ef1c ph\u1ea9m n\u01b0\u1edbng, ch\u1ebf bi\u1ebfn r\u01b0\u1ee3u, \u0111\u1ed3 u\u1ed1ng v\u00e0 c\u00e1c l\u0129nh v\u1ef1c kh\u00e1c. Trong th\u1ecb tr\u01b0\u1eddng th\u1ef1c ph\u1ea9m v\u00e0 \u0111\u1ed3 u\u1ed1ng to\u00e0n c\u1ea7u, \u0111\u1ed3 u\u1ed1ng c\u00f3 h\u01b0\u01a1ng v\u1ecb ho\u1ea1t t\u00ednh ch\u1ee9a s\u1eafc t\u1ed1 \u0111\u1ecf v\u1ecf nho chi\u1ebfm t\u1ef7 l\u1ec7 l\u1edbn nh\u1ea5t, ti\u1ebfp theo l\u00e0 k\u1eb9o m\u1ec1m.<\/p>","protected":false},"excerpt":{"rendered":"<p>T\u00ean s\u1ea3n ph\u1ea9m: M\u00e0u \u0111\u1ecf v\u1ecf nho<\/p>\n<p>Ngo\u1ea1i quan: Ch\u1ea5t l\u1ecfng ho\u1eb7c b\u1ed9t m\u00e0u \u0111\u1ecf t\u00eda,<\/p>","protected":false},"featured_media":6077,"template":"","meta":{"_acf_changed":false,"_gspb_post_css":""},"product_brand":[],"product_cat":[120],"product_tag":[],"class_list":{"0":"post-6075","1":"product","2":"type-product","3":"status-publish","4":"has-post-thumbnail","6":"product_cat-food-colorants","8":"first","9":"instock","10":"shipping-taxable","11":"product-type-simple"},"acf":[],"_links":{"self":[{"href":"https:\/\/wpachem.com\/vi\/wp-json\/wp\/v2\/product\/6075","targetHints":{"allow":["GET"]}}],"collection":[{"href":"https:\/\/wpachem.com\/vi\/wp-json\/wp\/v2\/product"}],"about":[{"href":"https:\/\/wpachem.com\/vi\/wp-json\/wp\/v2\/types\/product"}],"version-history":[{"count":0,"href":"https:\/\/wpachem.com\/vi\/wp-json\/wp\/v2\/product\/6075\/revisions"}],"wp:featuredmedia":[{"embeddable":true,"href":"https:\/\/wpachem.com\/vi\/wp-json\/wp\/v2\/media\/6077"}],"wp:attachment":[{"href":"https:\/\/wpachem.com\/vi\/wp-json\/wp\/v2\/media?parent=6075"}],"wp:term":[{"taxonomy":"product_brand","embeddable":true,"href":"https:\/\/wpachem.com\/vi\/wp-json\/wp\/v2\/product_brand?post=6075"},{"taxonomy":"product_cat","embeddable":true,"href":"https:\/\/wpachem.com\/vi\/wp-json\/wp\/v2\/product_cat?post=6075"},{"taxonomy":"product_tag","embeddable":true,"href":"https:\/\/wpachem.com\/vi\/wp-json\/wp\/v2\/product_tag?post=6075"}],"curies":[{"name":"wp","href":"https:\/\/api.w.org\/{rel}","templated":true}]}}