{"id":6080,"date":"2024-02-08T04:17:28","date_gmt":"2024-02-08T04:17:28","guid":{"rendered":"https:\/\/wpachem.com\/?post_type=product&#038;p=6080"},"modified":"2024-02-19T02:27:49","modified_gmt":"2024-02-19T02:27:49","slug":"cabbage-red-color","status":"publish","type":"product","link":"https:\/\/wpachem.com\/vi\/product\/cabbage-red-color\/","title":{"rendered":"M\u00e0u th\u1ef1c ph\u1ea9m t\u1ef1 nhi\u00ean M\u00e0u \u0111\u1ecf b\u1eafp c\u1ea3i"},"content":{"rendered":"<p><strong>\u0110\u1eb7c \u0111i\u1ec3m<\/strong><\/p>\n<p>B\u1ed9t m\u00e0u \u0111\u1ecf b\u1eafp c\u1ea3i th\u1ef1c ph\u1ea9m \u0111\u01b0\u1ee3c chi\u1ebft xu\u1ea5t v\u00e0 tinh ch\u1ebf t\u1eeb b\u1eafp c\u1ea3i t\u00edm, m\u1ed9t lo\u1ea1i c\u00e2y h\u1ecd c\u1ea3i. B\u1ec1 ngo\u00e0i c\u1ee7a s\u1ea3n ph\u1ea9m l\u00e0 b\u1ed9t m\u00e0u \u0111\u1ecf \u0111\u1ebfn t\u00edm \u0111en, d\u1ec5 tan trong n\u01b0\u1edbc, etanol, dung d\u1ecbch metanol, kh\u00f4ng tan trong benzen, trichloromethane, m\u1ee1 v\u00e0 c\u00e1c dung m\u00f4i kh\u00f4ng ph\u00e2n c\u1ef1c kh\u00e1c<\/p>\n<p><strong>\u1ee8ng d\u1ee5ng:<\/strong><\/p>\n<p>C\u00e1c danh m\u1ee5c \u1ee9ng d\u1ee5ng ch\u00ednh c\u00f3 ch\u1ee9a s\u1eafc t\u1ed1 \u0111\u1ecf b\u1eafp c\u1ea3i trong c\u00e1c danh m\u1ee5c th\u1ef1c ph\u1ea9m v\u00e0 \u0111\u1ed3 u\u1ed1ng tr\u00ean th\u1ecb tr\u01b0\u1eddng to\u00e0n c\u1ea7u t\u1eadp trung \u1edf c\u00e1c thanh ng\u0169 c\u1ed1c \u0103n nh\u1eb9, nh\u01b0ng xu h\u01b0\u1edbng \u1ee9ng d\u1ee5ng \u0111\u00e3 gi\u1ea3m v\u00e0 \u1ee9ng d\u1ee5ng trong \u0111\u1ed3 u\u1ed1ng c\u00f3 ga, \u0111\u1ed3 u\u1ed1ng c\u00f3 h\u01b0\u01a1ng v\u1ecb tr\u00e1i c\u00e2y, b\u00e1nh ng\u1ecdt v\u00e0 \u0111\u1ed3 \u0103n nh\u1eb9 s\u1ebd c\u00f3 xu h\u01b0\u1edbng t\u0103ng v\u00e0o n\u0103m 2023<\/p>","protected":false},"excerpt":{"rendered":"<p>T\u00ean s\u1ea3n ph\u1ea9m: M\u00e0u \u0111\u1ecf b\u1eafp c\u1ea3i<\/p>\n<p>Ngo\u1ea1i quan: b\u1ed9t m\u00e0u \u0111\u1ecf \u0111\u1ebfn t\u00edm \u0111en,<\/p>","protected":false},"featured_media":6077,"template":"","meta":{"_acf_changed":false,"_gspb_post_css":""},"product_brand":[],"product_cat":[120],"product_tag":[],"class_list":{"0":"post-6080","1":"product","2":"type-product","3":"status-publish","4":"has-post-thumbnail","6":"product_cat-food-colorants","8":"first","9":"instock","10":"shipping-taxable","11":"product-type-simple"},"acf":[],"_links":{"self":[{"href":"https:\/\/wpachem.com\/vi\/wp-json\/wp\/v2\/product\/6080","targetHints":{"allow":["GET"]}}],"collection":[{"href":"https:\/\/wpachem.com\/vi\/wp-json\/wp\/v2\/product"}],"about":[{"href":"https:\/\/wpachem.com\/vi\/wp-json\/wp\/v2\/types\/product"}],"version-history":[{"count":0,"href":"https:\/\/wpachem.com\/vi\/wp-json\/wp\/v2\/product\/6080\/revisions"}],"wp:featuredmedia":[{"embeddable":true,"href":"https:\/\/wpachem.com\/vi\/wp-json\/wp\/v2\/media\/6077"}],"wp:attachment":[{"href":"https:\/\/wpachem.com\/vi\/wp-json\/wp\/v2\/media?parent=6080"}],"wp:term":[{"taxonomy":"product_brand","embeddable":true,"href":"https:\/\/wpachem.com\/vi\/wp-json\/wp\/v2\/product_brand?post=6080"},{"taxonomy":"product_cat","embeddable":true,"href":"https:\/\/wpachem.com\/vi\/wp-json\/wp\/v2\/product_cat?post=6080"},{"taxonomy":"product_tag","embeddable":true,"href":"https:\/\/wpachem.com\/vi\/wp-json\/wp\/v2\/product_tag?post=6080"}],"curies":[{"name":"wp","href":"https:\/\/api.w.org\/{rel}","templated":true}]}}