{"id":6086,"date":"2024-02-08T05:49:06","date_gmt":"2024-02-08T05:49:06","guid":{"rendered":"https:\/\/wpachem.com\/?post_type=product&#038;p=6086"},"modified":"2024-02-08T05:50:49","modified_gmt":"2024-02-08T05:50:49","slug":"l-methionine-cas-63-68-3","status":"publish","type":"product","link":"https:\/\/wpachem.com\/vi\/product\/l-methionine-cas-63-68-3\/","title":{"rendered":"L-Methionin CAS 63-68-3"},"content":{"rendered":"<p><strong>\u0110\u1eb7c \u0111i\u1ec3m<\/strong><\/p>\n<p>Ch\u1ea5t r\u1eafn k\u1ebft tinh kh\u00f4ng m\u00e0u<\/p>\n<p><strong>\u1ee8ng d\u1ee5ng:<\/strong><\/p>\n<p>L-methionine \u0111\u01b0\u1ee3c s\u1eed d\u1ee5ng r\u1ed9ng r\u00e3i trong ng\u00e0nh d\u01b0\u1ee3c ph\u1ea9m v\u00e0 s\u1ea3n ph\u1ea9m ch\u0103m s\u00f3c s\u1ee9c kh\u1ecfe. N\u00f3 \u0111\u01b0\u1ee3c s\u1eed d\u1ee5ng nh\u01b0 m\u1ed9t ch\u1ea5t b\u1ed5 sung dinh d\u01b0\u1ee1ng \u0111\u1ec3 c\u1ea3i thi\u1ec7n s\u1ef1 ph\u00e1t tri\u1ec3n v\u00e0 ph\u1ee5c h\u1ed3i c\u01a1, t\u0103ng c\u01b0\u1eddng ch\u1ee9c n\u0103ng h\u1ec7 th\u1ed1ng mi\u1ec5n d\u1ecbch v\u00e0 th\u00fac \u0111\u1ea9y qu\u00e1 tr\u00ecnh ch\u1eefa l\u00e0nh v\u1ebft th\u01b0\u01a1ng, c\u00f9ng nhi\u1ec1u t\u00e1c d\u1ee5ng kh\u00e1c.<\/p>","protected":false},"excerpt":{"rendered":"<p>T\u00ean s\u1ea3n ph\u1ea9m: L-Methionine<\/p>\n<p>S\u1ed1 CAS: 63-68-3<\/p>\n<p>MF:C5H11NO2S<\/p>\n<p>Ngo\u1ea1i quan: Ch\u1ea5t r\u1eafn k\u1ebft tinh kh\u00f4ng m\u00e0u<\/p>","protected":false},"featured_media":5182,"template":"","meta":{"_acf_changed":false,"_gspb_post_css":""},"product_brand":[],"product_cat":[69,55,103,24],"product_tag":[],"class_list":{"0":"post-6086","1":"product","2":"type-product","3":"status-publish","4":"has-post-thumbnail","6":"product_cat-more","7":"product_cat-food-additives","8":"product_cat-nutrition-enhancer","9":"product_cat-uncategorized","11":"first","12":"instock","13":"shipping-taxable","14":"product-type-simple"},"acf":[],"_links":{"self":[{"href":"https:\/\/wpachem.com\/vi\/wp-json\/wp\/v2\/product\/6086","targetHints":{"allow":["GET"]}}],"collection":[{"href":"https:\/\/wpachem.com\/vi\/wp-json\/wp\/v2\/product"}],"about":[{"href":"https:\/\/wpachem.com\/vi\/wp-json\/wp\/v2\/types\/product"}],"version-history":[{"count":0,"href":"https:\/\/wpachem.com\/vi\/wp-json\/wp\/v2\/product\/6086\/revisions"}],"wp:featuredmedia":[{"embeddable":true,"href":"https:\/\/wpachem.com\/vi\/wp-json\/wp\/v2\/media\/5182"}],"wp:attachment":[{"href":"https:\/\/wpachem.com\/vi\/wp-json\/wp\/v2\/media?parent=6086"}],"wp:term":[{"taxonomy":"product_brand","embeddable":true,"href":"https:\/\/wpachem.com\/vi\/wp-json\/wp\/v2\/product_brand?post=6086"},{"taxonomy":"product_cat","embeddable":true,"href":"https:\/\/wpachem.com\/vi\/wp-json\/wp\/v2\/product_cat?post=6086"},{"taxonomy":"product_tag","embeddable":true,"href":"https:\/\/wpachem.com\/vi\/wp-json\/wp\/v2\/product_tag?post=6086"}],"curies":[{"name":"wp","href":"https:\/\/api.w.org\/{rel}","templated":true}]}}