{"id":6088,"date":"2024-02-08T05:50:58","date_gmt":"2024-02-08T05:50:58","guid":{"rendered":"https:\/\/wpachem.com\/?post_type=product&#038;p=6088"},"modified":"2024-02-08T05:53:08","modified_gmt":"2024-02-08T05:53:08","slug":"l-proline-cas-147-85-3","status":"publish","type":"product","link":"https:\/\/wpachem.com\/vi\/product\/l-proline-cas-147-85-3\/","title":{"rendered":"L-Proline CAS 147-85-3"},"content":{"rendered":"<p><strong>\u0110\u1eb7c \u0111i\u1ec3m<\/strong><\/p>\n<p>B\u1ed9t tinh th\u1ec3 m\u00e0u tr\u1eafng<\/p>\n<p><strong>\u1ee8ng d\u1ee5ng:<\/strong><\/p>\n<p>1. L\u00e0 m\u1ed9t th\u00e0nh ph\u1ea7n c\u1ee7a qu\u00e1 tr\u00ecnh chuy\u1ec3n h\u00f3a proline, L-proline \u0111\u00f3ng vai tr\u00f2 quan tr\u1ecdng trong c\u01a1 th\u1ec3, tham gia v\u00e0o qu\u00e1 tr\u00ecnh t\u1ed5ng h\u1ee3p collagen, duy tr\u00ec s\u1ee9c kh\u1ecfe c\u1ee7a c\u01a1, x\u01b0\u01a1ng v\u00e0 da, \u0111i\u1ec1u h\u00f2a mi\u1ec5n d\u1ecbch v\u00e0 c\u00e1c ch\u1ee9c n\u0103ng sinh l\u00fd kh\u00e1c.<br \/>\n2. L-proline c\u0169ng \u0111\u01b0\u1ee3c s\u1eed d\u1ee5ng r\u1ed9ng r\u00e3i trong l\u0129nh v\u1ef1c d\u01b0\u1ee3c ph\u1ea9m \u0111\u1ec3 s\u1ea3n xu\u1ea5t thu\u1ed1c t\u1ed5ng h\u1ee3p v\u00e0 t\u00e1c nh\u00e2n sinh h\u1ecdc, ch\u1eb3ng h\u1ea1n nh\u01b0 thu\u1ed1c kh\u00e1ng sinh, thu\u1ed1c \u0111i\u1ec1u h\u00f2a mi\u1ec5n d\u1ecbch, thu\u1ed1c kh\u00e1ng vi-r\u00fat, v.v.<\/p>","protected":false},"excerpt":{"rendered":"<p>T\u00ean s\u1ea3n ph\u1ea9m: L-Proline<\/p>\n<p>S\u1ed1 CAS: 147-85-3<\/p>\n<p>MF:C5H9NO2<\/p>\n<p>Ngo\u1ea1i quan: B\u1ed9t tinh th\u1ec3 m\u00e0u tr\u1eafng<\/p>","protected":false},"featured_media":5182,"template":"","meta":{"_acf_changed":false,"_gspb_post_css":""},"product_brand":[],"product_cat":[69,55,103,24],"product_tag":[],"class_list":{"0":"post-6088","1":"product","2":"type-product","3":"status-publish","4":"has-post-thumbnail","6":"product_cat-more","7":"product_cat-food-additives","8":"product_cat-nutrition-enhancer","9":"product_cat-uncategorized","11":"first","12":"instock","13":"shipping-taxable","14":"product-type-simple"},"acf":[],"_links":{"self":[{"href":"https:\/\/wpachem.com\/vi\/wp-json\/wp\/v2\/product\/6088","targetHints":{"allow":["GET"]}}],"collection":[{"href":"https:\/\/wpachem.com\/vi\/wp-json\/wp\/v2\/product"}],"about":[{"href":"https:\/\/wpachem.com\/vi\/wp-json\/wp\/v2\/types\/product"}],"version-history":[{"count":0,"href":"https:\/\/wpachem.com\/vi\/wp-json\/wp\/v2\/product\/6088\/revisions"}],"wp:featuredmedia":[{"embeddable":true,"href":"https:\/\/wpachem.com\/vi\/wp-json\/wp\/v2\/media\/5182"}],"wp:attachment":[{"href":"https:\/\/wpachem.com\/vi\/wp-json\/wp\/v2\/media?parent=6088"}],"wp:term":[{"taxonomy":"product_brand","embeddable":true,"href":"https:\/\/wpachem.com\/vi\/wp-json\/wp\/v2\/product_brand?post=6088"},{"taxonomy":"product_cat","embeddable":true,"href":"https:\/\/wpachem.com\/vi\/wp-json\/wp\/v2\/product_cat?post=6088"},{"taxonomy":"product_tag","embeddable":true,"href":"https:\/\/wpachem.com\/vi\/wp-json\/wp\/v2\/product_tag?post=6088"}],"curies":[{"name":"wp","href":"https:\/\/api.w.org\/{rel}","templated":true}]}}