{"id":6090,"date":"2024-02-08T05:53:45","date_gmt":"2024-02-08T05:53:45","guid":{"rendered":"https:\/\/wpachem.com\/?post_type=product&#038;p=6090"},"modified":"2024-02-08T05:55:19","modified_gmt":"2024-02-08T05:55:19","slug":"l-tryptophan-cas-73-22-3","status":"publish","type":"product","link":"https:\/\/wpachem.com\/vi\/product\/l-tryptophan-cas-73-22-3\/","title":{"rendered":"L-Tryptophan CAS 73-22-3"},"content":{"rendered":"<p><strong>\u0110\u1eb7c \u0111i\u1ec3m<\/strong><\/p>\n<p>B\u1ed9t tinh th\u1ec3 m\u00e0u tr\u1eafng ho\u1eb7c h\u01a1i v\u00e0ng<\/p>\n<p><strong>\u1ee8ng d\u1ee5ng:<\/strong><\/p>\n<p>L-tryptophan c\u00f3 nhi\u1ec1u \u1ee9ng d\u1ee5ng trong ng\u00e0nh d\u01b0\u1ee3c ph\u1ea9m v\u00e0 th\u1ef1c ph\u1ea9m. N\u00f3 \u0111\u01b0\u1ee3c s\u1eed d\u1ee5ng trong vi\u1ec7c chu\u1ea9n b\u1ecb m\u1ed9t s\u1ed1 lo\u1ea1i thu\u1ed1c, ch\u1eb3ng h\u1ea1n nh\u01b0 thu\u1ed1c ch\u1ed1ng tr\u1ea7m c\u1ea3m v\u00e0 thu\u1ed1c m\u1ea5t ng\u1ee7. Ngo\u00e0i ra, n\u00f3 \u0111\u01b0\u1ee3c s\u1eed d\u1ee5ng nh\u01b0 m\u1ed9t ch\u1ea5t ph\u1ee5 gia th\u1ef1c ph\u1ea9m nh\u01b0 m\u1ed9t ch\u1ea5t t\u1ea1o h\u01b0\u01a1ng v\u1ecb \u0111\u1ec3 t\u0103ng h\u01b0\u01a1ng v\u1ecb c\u1ee7a th\u1ef1c ph\u1ea9m.<\/p>","protected":false},"excerpt":{"rendered":"<p>T\u00ean s\u1ea3n ph\u1ea9m: L-Tryptophan<\/p>\n<p>S\u1ed1 CAS: 73-22-3<\/p>\n<p>M\u1ea0NG: C11H12N2O2<\/p>\n<p>Ngo\u1ea1i quan: B\u1ed9t tinh th\u1ec3 m\u00e0u tr\u1eafng ho\u1eb7c h\u01a1i v\u00e0ng<\/p>","protected":false},"featured_media":5182,"template":"","meta":{"_acf_changed":false,"_gspb_post_css":""},"product_brand":[],"product_cat":[69,55,103,24],"product_tag":[],"class_list":{"0":"post-6090","1":"product","2":"type-product","3":"status-publish","4":"has-post-thumbnail","6":"product_cat-more","7":"product_cat-food-additives","8":"product_cat-nutrition-enhancer","9":"product_cat-uncategorized","11":"first","12":"instock","13":"shipping-taxable","14":"product-type-simple"},"acf":[],"_links":{"self":[{"href":"https:\/\/wpachem.com\/vi\/wp-json\/wp\/v2\/product\/6090","targetHints":{"allow":["GET"]}}],"collection":[{"href":"https:\/\/wpachem.com\/vi\/wp-json\/wp\/v2\/product"}],"about":[{"href":"https:\/\/wpachem.com\/vi\/wp-json\/wp\/v2\/types\/product"}],"version-history":[{"count":0,"href":"https:\/\/wpachem.com\/vi\/wp-json\/wp\/v2\/product\/6090\/revisions"}],"wp:featuredmedia":[{"embeddable":true,"href":"https:\/\/wpachem.com\/vi\/wp-json\/wp\/v2\/media\/5182"}],"wp:attachment":[{"href":"https:\/\/wpachem.com\/vi\/wp-json\/wp\/v2\/media?parent=6090"}],"wp:term":[{"taxonomy":"product_brand","embeddable":true,"href":"https:\/\/wpachem.com\/vi\/wp-json\/wp\/v2\/product_brand?post=6090"},{"taxonomy":"product_cat","embeddable":true,"href":"https:\/\/wpachem.com\/vi\/wp-json\/wp\/v2\/product_cat?post=6090"},{"taxonomy":"product_tag","embeddable":true,"href":"https:\/\/wpachem.com\/vi\/wp-json\/wp\/v2\/product_tag?post=6090"}],"curies":[{"name":"wp","href":"https:\/\/api.w.org\/{rel}","templated":true}]}}