{"id":6092,"date":"2024-02-08T05:55:37","date_gmt":"2024-02-08T05:55:37","guid":{"rendered":"https:\/\/wpachem.com\/?post_type=product&#038;p=6092"},"modified":"2024-02-08T05:57:41","modified_gmt":"2024-02-08T05:57:41","slug":"l-serine-cas-56-45-1","status":"publish","type":"product","link":"https:\/\/wpachem.com\/vi\/product\/l-serine-cas-56-45-1\/","title":{"rendered":"L-Serine CAS 56-45-1"},"content":{"rendered":"<p><strong>\u0110\u1eb7c \u0111i\u1ec3m<\/strong><\/p>\n<p>Tinh th\u1ec3 kh\u00f4ng m\u00e0u ho\u1eb7c b\u1ed9t tinh th\u1ec3 m\u00e0u tr\u1eafng<\/p>\n<p><strong>\u1ee8ng d\u1ee5ng:<\/strong><\/p>\n<p>Thu\u1ed1c amino acid. Ch\u1ee7 y\u1ebfu d\u00f9ng \u0111\u1ec3 truy\u1ec1n amino acid. Do c\u00f3 \u0111\u1eb7c t\u00ednh gi\u1eef \u1ea9m \u0111\u1eb7c bi\u1ec7t n\u00ean c\u0169ng \u0111\u01b0\u1ee3c d\u00f9ng trong kem v\u00e0 m\u1ef9 ph\u1ea9m.<\/p>","protected":false},"excerpt":{"rendered":"<p>T\u00ean s\u1ea3n ph\u1ea9m: L-Serine<\/p>\n<p>S\u1ed1 CAS: 56-45-1<\/p>\n<p>Ch\u1ea5t trung gian: C3H7NO3<\/p>\n<p>Ngo\u1ea1i quan: Tinh th\u1ec3 kh\u00f4ng m\u00e0u ho\u1eb7c b\u1ed9t tinh th\u1ec3 m\u00e0u tr\u1eafng<\/p>","protected":false},"featured_media":5182,"template":"","meta":{"_acf_changed":false,"_gspb_post_css":""},"product_brand":[],"product_cat":[69,55,103,24],"product_tag":[],"class_list":{"0":"post-6092","1":"product","2":"type-product","3":"status-publish","4":"has-post-thumbnail","6":"product_cat-more","7":"product_cat-food-additives","8":"product_cat-nutrition-enhancer","9":"product_cat-uncategorized","11":"first","12":"instock","13":"shipping-taxable","14":"product-type-simple"},"acf":[],"_links":{"self":[{"href":"https:\/\/wpachem.com\/vi\/wp-json\/wp\/v2\/product\/6092","targetHints":{"allow":["GET"]}}],"collection":[{"href":"https:\/\/wpachem.com\/vi\/wp-json\/wp\/v2\/product"}],"about":[{"href":"https:\/\/wpachem.com\/vi\/wp-json\/wp\/v2\/types\/product"}],"version-history":[{"count":0,"href":"https:\/\/wpachem.com\/vi\/wp-json\/wp\/v2\/product\/6092\/revisions"}],"wp:featuredmedia":[{"embeddable":true,"href":"https:\/\/wpachem.com\/vi\/wp-json\/wp\/v2\/media\/5182"}],"wp:attachment":[{"href":"https:\/\/wpachem.com\/vi\/wp-json\/wp\/v2\/media?parent=6092"}],"wp:term":[{"taxonomy":"product_brand","embeddable":true,"href":"https:\/\/wpachem.com\/vi\/wp-json\/wp\/v2\/product_brand?post=6092"},{"taxonomy":"product_cat","embeddable":true,"href":"https:\/\/wpachem.com\/vi\/wp-json\/wp\/v2\/product_cat?post=6092"},{"taxonomy":"product_tag","embeddable":true,"href":"https:\/\/wpachem.com\/vi\/wp-json\/wp\/v2\/product_tag?post=6092"}],"curies":[{"name":"wp","href":"https:\/\/api.w.org\/{rel}","templated":true}]}}