{"id":6094,"date":"2024-02-08T05:57:50","date_gmt":"2024-02-08T05:57:50","guid":{"rendered":"https:\/\/wpachem.com\/?post_type=product&#038;p=6094"},"modified":"2024-02-08T05:59:56","modified_gmt":"2024-02-08T05:59:56","slug":"l-tyrosine-cas-60-18-4","status":"publish","type":"product","link":"https:\/\/wpachem.com\/vi\/product\/l-tyrosine-cas-60-18-4\/","title":{"rendered":"L-Tyrosin CAS 60-18-4"},"content":{"rendered":"<p><strong>\u0110\u1eb7c \u0111i\u1ec3m<\/strong><\/p>\n<p>Ch\u1ea5t r\u1eafn k\u1ebft tinh kh\u00f4ng m\u00e0u<\/p>\n<p><strong>\u1ee8ng d\u1ee5ng:<\/strong><\/p>\n<p>1. T\u0103ng c\u01b0\u1eddng nh\u1eadn th\u1ee9c v\u00e0 s\u1ef1 ch\u00fa \u00fd: L-tyrosine l\u00e0 ti\u1ec1n ch\u1ea5t t\u1ed5ng h\u1ee3p ch\u1ea5t d\u1eabn truy\u1ec1n th\u1ea7n kinh dopamine. Dopamine \u0111\u00f3ng vai tr\u00f2 \u0111i\u1ec1u ti\u1ebft quan tr\u1ecdng trong n\u00e3o v\u00e0 c\u00f3 li\u00ean quan ch\u1eb7t ch\u1ebd \u0111\u1ebfn ch\u1ee9c n\u0103ng nh\u1eadn th\u1ee9c v\u00e0 s\u1ef1 ch\u00fa \u00fd. Do \u0111\u00f3, b\u1ed5 sung L-tyrosine c\u00f3 th\u1ec3 c\u1ea3i thi\u1ec7n kh\u1ea3 n\u0103ng nh\u1eadn th\u1ee9c v\u00e0 s\u1ef1 ch\u00fa \u00fd, \u0111\u1ed3ng th\u1eddi c\u1ea3i thi\u1ec7n t\u00ecnh tr\u1ea1ng m\u1ea5t t\u1eadp trung.<\/p>\n<p>2. Gi\u1ea3m c\u0103ng th\u1eb3ng v\u00e0 lo \u00e2u: L-tyrosine c\u00f3 th\u1ec3 chuy\u1ec3n \u0111\u1ed5i th\u00e0nh norepinephrine v\u00e0 epinephrine trong c\u01a1 th\u1ec3, c\u1ea3 hai \u0111\u1ec1u c\u00f3 t\u00e1c d\u1ee5ng ch\u1ed1ng c\u0103ng th\u1eb3ng v\u00e0 ch\u1ed1ng lo \u00e2u. Do \u0111\u00f3, c\u00e1c tri\u1ec7u ch\u1ee9ng c\u0103ng th\u1eb3ng v\u00e0 lo \u00e2u c\u00f3 th\u1ec3 gi\u1ea3m v\u00e0 tr\u1ea1ng th\u00e1i t\u00e2m tr\u1ea1ng \u0111\u01b0\u1ee3c c\u1ea3i thi\u1ec7n b\u1eb1ng c\u00e1ch b\u1ed5 sung L-tyrosine.<\/p>\n<p>3. T\u0103ng c\u01b0\u1eddng hi\u1ec7u su\u1ea5t th\u1ec3 thao: L-tyrosine \u0111\u01b0\u1ee3c cho l\u00e0 c\u00f3 th\u1ec3 t\u0103ng c\u01b0\u1eddng t\u1ed5ng h\u1ee3p c\u01a1 v\u00e0 s\u1ee9c m\u1ea1nh, th\u00fac \u0111\u1ea9y hi\u1ec7u su\u1ea5t th\u1ec3 thao. Ngo\u00e0i ra, L-tyrosine c\u00f2n tham gia v\u00e0o qu\u00e1 tr\u00ecnh t\u1ed5ng h\u1ee3p hormone tuy\u1ebfn gi\u00e1p, c\u0169ng r\u1ea5t quan tr\u1ecdng trong vi\u1ec7c \u0111i\u1ec1u ch\u1ec9nh qu\u00e1 tr\u00ecnh trao \u0111\u1ed5i ch\u1ea5t n\u0103ng l\u01b0\u1ee3ng v\u00e0 \u0111i\u1ec1u ch\u1ec9nh nhi\u1ec7t \u0111\u1ed9 c\u01a1 th\u1ec3.<\/p>","protected":false},"excerpt":{"rendered":"<p>T\u00ean s\u1ea3n ph\u1ea9m: L-Tyrosine<\/p>\n<p>S\u1ed1 CAS: 60-18-4<\/p>\n<p>MF:C9H11NO3<\/p>\n<p>Ngo\u1ea1i quan: Ch\u1ea5t r\u1eafn k\u1ebft tinh kh\u00f4ng m\u00e0u<\/p>","protected":false},"featured_media":5182,"template":"","meta":{"_acf_changed":false,"_gspb_post_css":""},"product_brand":[],"product_cat":[69,55,103,24],"product_tag":[],"class_list":{"0":"post-6094","1":"product","2":"type-product","3":"status-publish","4":"has-post-thumbnail","6":"product_cat-more","7":"product_cat-food-additives","8":"product_cat-nutrition-enhancer","9":"product_cat-uncategorized","11":"first","12":"instock","13":"shipping-taxable","14":"product-type-simple"},"acf":[],"_links":{"self":[{"href":"https:\/\/wpachem.com\/vi\/wp-json\/wp\/v2\/product\/6094","targetHints":{"allow":["GET"]}}],"collection":[{"href":"https:\/\/wpachem.com\/vi\/wp-json\/wp\/v2\/product"}],"about":[{"href":"https:\/\/wpachem.com\/vi\/wp-json\/wp\/v2\/types\/product"}],"version-history":[{"count":0,"href":"https:\/\/wpachem.com\/vi\/wp-json\/wp\/v2\/product\/6094\/revisions"}],"wp:featuredmedia":[{"embeddable":true,"href":"https:\/\/wpachem.com\/vi\/wp-json\/wp\/v2\/media\/5182"}],"wp:attachment":[{"href":"https:\/\/wpachem.com\/vi\/wp-json\/wp\/v2\/media?parent=6094"}],"wp:term":[{"taxonomy":"product_brand","embeddable":true,"href":"https:\/\/wpachem.com\/vi\/wp-json\/wp\/v2\/product_brand?post=6094"},{"taxonomy":"product_cat","embeddable":true,"href":"https:\/\/wpachem.com\/vi\/wp-json\/wp\/v2\/product_cat?post=6094"},{"taxonomy":"product_tag","embeddable":true,"href":"https:\/\/wpachem.com\/vi\/wp-json\/wp\/v2\/product_tag?post=6094"}],"curies":[{"name":"wp","href":"https:\/\/api.w.org\/{rel}","templated":true}]}}