{"id":6098,"date":"2024-02-08T06:32:35","date_gmt":"2024-02-08T06:32:35","guid":{"rendered":"https:\/\/wpachem.com\/?post_type=product&#038;p=6098"},"modified":"2024-02-19T02:27:19","modified_gmt":"2024-02-19T02:27:19","slug":"gardenia-blue-color","status":"publish","type":"product","link":"https:\/\/wpachem.com\/vi\/product\/gardenia-blue-color\/","title":{"rendered":"M\u00e0u th\u1ef1c ph\u1ea9m t\u1ef1 nhi\u00ean Gardenia Blue Color"},"content":{"rendered":"<p><strong>\u0110\u1eb7c \u0111i\u1ec3m<\/strong><\/p>\n<p>Gardenia blue c\u1ea5p th\u1ef1c ph\u1ea9m \u0111\u01b0\u1ee3c chi\u1ebft xu\u1ea5t v\u00e0 tinh ch\u1ebf t\u1eeb qu\u1ea3 c\u1ee7a c\u00e2y d\u00e0nh d\u00e0nh. S\u1ea3n ph\u1ea9m c\u00f3 d\u1ea1ng b\u1ed9t m\u00e0u xanh \u0111\u1eadm, d\u1ec5 tan trong n\u01b0\u1edbc, kh\u00f4ng tan trong d\u1ea7u, dung d\u1ecbch n\u01b0\u1edbc c\u00f3 m\u00e0u xanh s\u00e1ng, m\u00e0u s\u1eafc kh\u00f4ng b\u1ecb \u1ea3nh h\u01b0\u1edfng b\u1edfi \u0111\u1ed9 pH, \u0111\u1ed9 ph\u1ee7 m\u00e0u r\u1ed9ng, kh\u1ea3 n\u0103ng ch\u1ed1ng axit m\u1ea1nh v\u00e0 s\u1ee9c m\u1ea1nh nhu\u1ed9m protein m\u1ea1nh.<\/p>\n<p><strong>\u1ee8ng d\u1ee5ng:<\/strong><\/p>\n<p>Hoa d\u00e0nh d\u00e0nh xanh c\u00f3 th\u1ec3 \u0111\u01b0\u1ee3c s\u1eed d\u1ee5ng trong \u0111\u1ed3 u\u1ed1ng \u0111\u00f4ng l\u1ea1nh (tr\u1eeb \u0111\u00e1 \u0103n \u0111\u01b0\u1ee3c), m\u1ee9t, rau ng\u00e2m, k\u1eb9o, c\u00e1c s\u1ea3n ph\u1ea9m g\u1ea1o v\u00e0 m\u00ec ti\u1ec7n l\u1ee3i, nh\u00e2n th\u1ef1c ph\u1ea9m, b\u00e1nh ng\u1ecdt, nh\u00e2n th\u1ef1c ph\u1ea9m n\u01b0\u1edbng v\u00e0 b\u1ed9t treo b\u1ec1 m\u1eb7t, gia v\u1ecb (tr\u1eeb mu\u1ed1i v\u00e0 c\u00e1c s\u1ea3n ph\u1ea9m thay th\u1ebf mu\u1ed1i), n\u01b0\u1edbc \u00e9p tr\u00e1i c\u00e2y v\u00e0 rau qu\u1ea3, \u0111\u1ed3 u\u1ed1ng protein, v.v. \u0110\u1ed3 u\u1ed1ng c\u00f3 h\u01b0\u01a1ng v\u1ecb (bao g\u1ed3m \u0111\u1ed3 u\u1ed1ng c\u00f3 h\u01b0\u01a1ng v\u1ecb tr\u00e1i c\u00e2y, \u0111\u1ed3 u\u1ed1ng c\u00f3 h\u01b0\u01a1ng v\u1ecb s\u1eefa, \u0111\u1ed3 u\u1ed1ng c\u00f3 h\u01b0\u01a1ng v\u1ecb tr\u00e0, c\u00e0 ph\u00ea v\u00e0 c\u00e1c \u0111\u1ed3 u\u1ed1ng c\u00f3 h\u01b0\u01a1ng v\u1ecb kh\u00e1c) (ch\u1ec9 \u0111\u1ed3 u\u1ed1ng c\u00f3 h\u01b0\u01a1ng v\u1ecb tr\u00e1i c\u00e2y), \u0111\u1ed3 u\u1ed1ng r\u1eafn, r\u01b0\u1ee3u vang \u0111\u00e3 ch\u1ebf bi\u1ebfn, th\u1ef1c ph\u1ea9m ph\u1ed3ng, v.v.<\/p>","protected":false},"excerpt":{"rendered":"<p>T\u00ean s\u1ea3n ph\u1ea9m: Gardenia Blue Color<\/p>\n<p>Ngo\u1ea1i quan: b\u1ed9t m\u00e0u xanh \u0111\u1eadm<\/p>","protected":false},"featured_media":6100,"template":"","meta":{"_acf_changed":false,"_gspb_post_css":""},"product_brand":[],"product_cat":[120],"product_tag":[],"class_list":{"0":"post-6098","1":"product","2":"type-product","3":"status-publish","4":"has-post-thumbnail","6":"product_cat-food-colorants","8":"first","9":"instock","10":"shipping-taxable","11":"product-type-simple"},"acf":[],"_links":{"self":[{"href":"https:\/\/wpachem.com\/vi\/wp-json\/wp\/v2\/product\/6098","targetHints":{"allow":["GET"]}}],"collection":[{"href":"https:\/\/wpachem.com\/vi\/wp-json\/wp\/v2\/product"}],"about":[{"href":"https:\/\/wpachem.com\/vi\/wp-json\/wp\/v2\/types\/product"}],"version-history":[{"count":0,"href":"https:\/\/wpachem.com\/vi\/wp-json\/wp\/v2\/product\/6098\/revisions"}],"wp:featuredmedia":[{"embeddable":true,"href":"https:\/\/wpachem.com\/vi\/wp-json\/wp\/v2\/media\/6100"}],"wp:attachment":[{"href":"https:\/\/wpachem.com\/vi\/wp-json\/wp\/v2\/media?parent=6098"}],"wp:term":[{"taxonomy":"product_brand","embeddable":true,"href":"https:\/\/wpachem.com\/vi\/wp-json\/wp\/v2\/product_brand?post=6098"},{"taxonomy":"product_cat","embeddable":true,"href":"https:\/\/wpachem.com\/vi\/wp-json\/wp\/v2\/product_cat?post=6098"},{"taxonomy":"product_tag","embeddable":true,"href":"https:\/\/wpachem.com\/vi\/wp-json\/wp\/v2\/product_tag?post=6098"}],"curies":[{"name":"wp","href":"https:\/\/api.w.org\/{rel}","templated":true}]}}