{"id":6103,"date":"2024-02-08T06:23:52","date_gmt":"2024-02-08T06:23:52","guid":{"rendered":"https:\/\/wpachem.com\/?post_type=product&#038;p=6103"},"modified":"2024-02-08T06:27:53","modified_gmt":"2024-02-08T06:27:53","slug":"l-asparagine-monohydrate-cas-5794-13-8","status":"publish","type":"product","link":"https:\/\/wpachem.com\/vi\/product\/l-asparagine-monohydrate-cas-5794-13-8\/","title":{"rendered":"L-Asparagin Monohydrat CAS 5794-13-8"},"content":{"rendered":"<p><strong>\u0110\u1eb7c \u0111i\u1ec3m<\/strong><\/p>\n<p>B\u1ed9t tinh th\u1ec3 m\u00e0u tr\u1eafng<\/p>\n<p><strong>\u1ee8ng d\u1ee5ng:<\/strong><\/p>\n<p>1. Thu\u1ed1c: L\u00e0 nguy\u00ean li\u1ec7u trong l\u0129nh v\u1ef1c th\u1ef1c ph\u1ea9m b\u1ed5 sung dinh d\u01b0\u1ee1ng v\u00e0 thu\u1ed1c, c\u00f3 th\u1ec3 d\u00f9ng \u0111\u1ec3 t\u1ed5ng h\u1ee3p nhi\u1ec1u lo\u1ea1i kh\u00e1ng sinh v\u00e0 thu\u1ed1c th\u00fac \u0111\u1ea9y s\u1ef1 ph\u00e1t tri\u1ec3n v\u00e0 t\u0103ng tr\u01b0\u1edfng tr\u00ed tu\u1ec7.<br \/>\n2. Th\u1ee9c \u0103n: L\u00e0 ch\u1ea5t ph\u1ee5 gia axit amin trong th\u1ee9c \u0103n ch\u0103n nu\u00f4i, c\u00f3 th\u1ec3 c\u1ea3i thi\u1ec7n s\u1ef1 t\u0103ng tr\u01b0\u1edfng, ph\u00e1t tri\u1ec3n v\u00e0 kh\u1ea3 n\u0103ng kh\u00e1ng b\u1ec7nh c\u1ee7a v\u1eadt nu\u00f4i.<br \/>\n3. Th\u1ef1c ph\u1ea9m: C\u00f3 th\u1ec3 d\u00f9ng l\u00e0m ph\u1ee5 gia th\u1ef1c ph\u1ea9m \u0111\u1ec3 c\u1ea3i thi\u1ec7n h\u01b0\u01a1ng v\u1ecb v\u00e0 h\u00e0m l\u01b0\u1ee3ng dinh d\u01b0\u1ee1ng c\u1ee7a th\u1ef1c ph\u1ea9m.<\/p>","protected":false},"excerpt":{"rendered":"<p>T\u00ean s\u1ea3n ph\u1ea9m: L-Asparagine Monohydrate<\/p>\n<p>S\u1ed1 CAS: 5794-13-8<\/p>\n<p>MF:C4H10N2O4<\/p>\n<p>Ngo\u1ea1i quan: B\u1ed9t tinh th\u1ec3 m\u00e0u tr\u1eafng<\/p>","protected":false},"featured_media":5182,"template":"","meta":{"_acf_changed":false,"_gspb_post_css":""},"product_brand":[],"product_cat":[69,55,103,24],"product_tag":[],"class_list":{"0":"post-6103","1":"product","2":"type-product","3":"status-publish","4":"has-post-thumbnail","6":"product_cat-more","7":"product_cat-food-additives","8":"product_cat-nutrition-enhancer","9":"product_cat-uncategorized","11":"first","12":"instock","13":"shipping-taxable","14":"product-type-simple"},"acf":[],"_links":{"self":[{"href":"https:\/\/wpachem.com\/vi\/wp-json\/wp\/v2\/product\/6103","targetHints":{"allow":["GET"]}}],"collection":[{"href":"https:\/\/wpachem.com\/vi\/wp-json\/wp\/v2\/product"}],"about":[{"href":"https:\/\/wpachem.com\/vi\/wp-json\/wp\/v2\/types\/product"}],"version-history":[{"count":0,"href":"https:\/\/wpachem.com\/vi\/wp-json\/wp\/v2\/product\/6103\/revisions"}],"wp:featuredmedia":[{"embeddable":true,"href":"https:\/\/wpachem.com\/vi\/wp-json\/wp\/v2\/media\/5182"}],"wp:attachment":[{"href":"https:\/\/wpachem.com\/vi\/wp-json\/wp\/v2\/media?parent=6103"}],"wp:term":[{"taxonomy":"product_brand","embeddable":true,"href":"https:\/\/wpachem.com\/vi\/wp-json\/wp\/v2\/product_brand?post=6103"},{"taxonomy":"product_cat","embeddable":true,"href":"https:\/\/wpachem.com\/vi\/wp-json\/wp\/v2\/product_cat?post=6103"},{"taxonomy":"product_tag","embeddable":true,"href":"https:\/\/wpachem.com\/vi\/wp-json\/wp\/v2\/product_tag?post=6103"}],"curies":[{"name":"wp","href":"https:\/\/api.w.org\/{rel}","templated":true}]}}