{"id":6105,"date":"2024-02-08T06:28:35","date_gmt":"2024-02-08T06:28:35","guid":{"rendered":"https:\/\/wpachem.com\/?post_type=product&#038;p=6105"},"modified":"2024-02-08T06:30:29","modified_gmt":"2024-02-08T06:30:29","slug":"l-threonine-cas-72-19-5","status":"publish","type":"product","link":"https:\/\/wpachem.com\/vi\/product\/l-threonine-cas-72-19-5\/","title":{"rendered":"L-Threonine CAS 72-19-5"},"content":{"rendered":"<p><strong>\u0110\u1eb7c \u0111i\u1ec3m<\/strong><\/p>\n<p>B\u1ed9t tinh th\u1ec3 kh\u00f4ng m\u00e0u<\/p>\n<p><strong>\u1ee8ng d\u1ee5ng:<\/strong><\/p>\n<p>L-threonine \u0111\u01b0\u1ee3c s\u1eed d\u1ee5ng r\u1ed9ng r\u00e3i trong y h\u1ecdc, th\u1ef1c ph\u1ea9m, m\u1ef9 ph\u1ea9m v\u00e0 c\u00e1c l\u0129nh v\u1ef1c kh\u00e1c.<br \/>\nTrong y h\u1ecdc, L-threonine c\u00f3 th\u1ec3 \u0111\u01b0\u1ee3c s\u1eed d\u1ee5ng nh\u01b0 m\u1ed9t ch\u1ea5t g\u00e2y \u0111\u1ee9t kh\u00f3a k\u00e9o \u0111\u1eb7c hi\u1ec7u c\u1ee7a axit deoxyribonucleic (DNA) v\u00e0 \u0111\u01b0\u1ee3c d\u00f9ng \u0111\u1ec3 \u0111i\u1ec1u tr\u1ecb m\u1ed9t s\u1ed1 b\u1ec7nh ung th\u01b0.<br \/>\nTrong ng\u00e0nh c\u00f4ng nghi\u1ec7p th\u1ef1c ph\u1ea9m, L-threonine c\u00f3 th\u1ec3 \u0111\u01b0\u1ee3c s\u1eed d\u1ee5ng nh\u01b0 m\u1ed9t ch\u1ea5t ph\u1ee5 gia \u0111\u1ec3 t\u0103ng h\u01b0\u01a1ng v\u1ecb cho th\u1ef1c ph\u1ea9m, ch\u1eb3ng h\u1ea1n nh\u01b0 t\u0103ng m\u00f9i th\u01a1m c\u1ee7a b\u00e1nh quy, b\u00e1nh b\u00edch quy v\u00e0 b\u00e1nh ng\u1ecdt.<br \/>\nTrong l\u0129nh v\u1ef1c m\u1ef9 ph\u1ea9m, L-threonine c\u00f3 th\u1ec3 \u0111\u01b0\u1ee3c s\u1eed d\u1ee5ng trong c\u00e1c s\u1ea3n ph\u1ea9m nh\u01b0 s\u1ea3n ph\u1ea9m ch\u0103m s\u00f3c da v\u00e0 d\u1ea7u g\u1ed9i \u0111\u1ec3 d\u01b0\u1ee1ng \u1ea9m v\u00e0 b\u1ea3o v\u1ec7 da.<\/p>","protected":false},"excerpt":{"rendered":"<p>T\u00ean s\u1ea3n ph\u1ea9m: L-Threonine<\/p>\n<p>S\u1ed1 CAS: 72-19-5<\/p>\n<p>MF:C4H9NO3<\/p>\n<p>Ngo\u1ea1i quan: B\u1ed9t tinh th\u1ec3 kh\u00f4ng m\u00e0u<\/p>","protected":false},"featured_media":5182,"template":"","meta":{"_acf_changed":false,"_gspb_post_css":""},"product_brand":[],"product_cat":[69,55,103,24],"product_tag":[],"class_list":{"0":"post-6105","1":"product","2":"type-product","3":"status-publish","4":"has-post-thumbnail","6":"product_cat-more","7":"product_cat-food-additives","8":"product_cat-nutrition-enhancer","9":"product_cat-uncategorized","11":"first","12":"instock","13":"shipping-taxable","14":"product-type-simple"},"acf":[],"_links":{"self":[{"href":"https:\/\/wpachem.com\/vi\/wp-json\/wp\/v2\/product\/6105","targetHints":{"allow":["GET"]}}],"collection":[{"href":"https:\/\/wpachem.com\/vi\/wp-json\/wp\/v2\/product"}],"about":[{"href":"https:\/\/wpachem.com\/vi\/wp-json\/wp\/v2\/types\/product"}],"version-history":[{"count":0,"href":"https:\/\/wpachem.com\/vi\/wp-json\/wp\/v2\/product\/6105\/revisions"}],"wp:featuredmedia":[{"embeddable":true,"href":"https:\/\/wpachem.com\/vi\/wp-json\/wp\/v2\/media\/5182"}],"wp:attachment":[{"href":"https:\/\/wpachem.com\/vi\/wp-json\/wp\/v2\/media?parent=6105"}],"wp:term":[{"taxonomy":"product_brand","embeddable":true,"href":"https:\/\/wpachem.com\/vi\/wp-json\/wp\/v2\/product_brand?post=6105"},{"taxonomy":"product_cat","embeddable":true,"href":"https:\/\/wpachem.com\/vi\/wp-json\/wp\/v2\/product_cat?post=6105"},{"taxonomy":"product_tag","embeddable":true,"href":"https:\/\/wpachem.com\/vi\/wp-json\/wp\/v2\/product_tag?post=6105"}],"curies":[{"name":"wp","href":"https:\/\/api.w.org\/{rel}","templated":true}]}}