{"id":6107,"date":"2024-02-08T06:30:39","date_gmt":"2024-02-08T06:30:39","guid":{"rendered":"https:\/\/wpachem.com\/?post_type=product&#038;p=6107"},"modified":"2024-02-08T06:32:53","modified_gmt":"2024-02-08T06:32:53","slug":"d-aspartic-acid-cas-1783-96-6","status":"publish","type":"product","link":"https:\/\/wpachem.com\/vi\/product\/d-aspartic-acid-cas-1783-96-6\/","title":{"rendered":"Axit D-Aspartic CAS 1783-96-6"},"content":{"rendered":"<p><strong>\u0110\u1eb7c \u0111i\u1ec3m<\/strong><\/p>\n<p>Tinh th\u1ec3 m\u00e0u tr\u1eafng ho\u1eb7c b\u1ed9t tinh th\u1ec3<\/p>\n<p><strong>\u1ee8ng d\u1ee5ng:<\/strong><\/p>\n<p>Axit D-aspartic c\u00f3 ch\u1ee9c n\u0103ng quan tr\u1ecdng trong c\u01a1 th\u1ec3, bao g\u1ed3m:<br \/>\n1. Tham gia t\u1ed5ng h\u1ee3p protein v\u00e0 peptit.<br \/>\n2. Tham gia v\u00e0o qu\u00e1 tr\u00ecnh chuy\u1ec3n h\u00f3a axit amin v\u00e0 s\u1ea3n xu\u1ea5t n\u0103ng l\u01b0\u1ee3ng trong c\u01a1 th\u1ec3.<br \/>\n3. L\u00e0 ch\u1ea5t d\u1eabn truy\u1ec1n th\u1ea7n kinh, tham gia v\u00e0o qu\u00e1 tr\u00ecnh d\u1eabn truy\u1ec1n th\u1ea7n kinh.<br \/>\n4. N\u00f3 c\u00f3 th\u1ec3 c\u00f3 t\u00e1c d\u1ee5ng nh\u1ea5t \u0111\u1ecbnh trong vi\u1ec7c t\u0103ng c\u01b0\u1eddng ch\u1ee9c n\u0103ng nh\u1eadn th\u1ee9c v\u00e0 ch\u1ed1ng m\u1ec7t m\u1ecfi.<\/p>","protected":false},"excerpt":{"rendered":"<p>T\u00ean s\u1ea3n ph\u1ea9m: Axit D-Aspartic<\/p>\n<p>S\u1ed1 CAS: 1783-96-6<\/p>\n<p>MF:C4H7NO4<\/p>\n<p>Ngo\u1ea1i quan: Tinh th\u1ec3 m\u00e0u tr\u1eafng ho\u1eb7c b\u1ed9t tinh th\u1ec3<\/p>","protected":false},"featured_media":5182,"template":"","meta":{"_acf_changed":false,"_gspb_post_css":""},"product_brand":[],"product_cat":[69,55,103,24],"product_tag":[],"class_list":{"0":"post-6107","1":"product","2":"type-product","3":"status-publish","4":"has-post-thumbnail","6":"product_cat-more","7":"product_cat-food-additives","8":"product_cat-nutrition-enhancer","9":"product_cat-uncategorized","11":"first","12":"instock","13":"shipping-taxable","14":"product-type-simple"},"acf":[],"_links":{"self":[{"href":"https:\/\/wpachem.com\/vi\/wp-json\/wp\/v2\/product\/6107","targetHints":{"allow":["GET"]}}],"collection":[{"href":"https:\/\/wpachem.com\/vi\/wp-json\/wp\/v2\/product"}],"about":[{"href":"https:\/\/wpachem.com\/vi\/wp-json\/wp\/v2\/types\/product"}],"version-history":[{"count":0,"href":"https:\/\/wpachem.com\/vi\/wp-json\/wp\/v2\/product\/6107\/revisions"}],"wp:featuredmedia":[{"embeddable":true,"href":"https:\/\/wpachem.com\/vi\/wp-json\/wp\/v2\/media\/5182"}],"wp:attachment":[{"href":"https:\/\/wpachem.com\/vi\/wp-json\/wp\/v2\/media?parent=6107"}],"wp:term":[{"taxonomy":"product_brand","embeddable":true,"href":"https:\/\/wpachem.com\/vi\/wp-json\/wp\/v2\/product_brand?post=6107"},{"taxonomy":"product_cat","embeddable":true,"href":"https:\/\/wpachem.com\/vi\/wp-json\/wp\/v2\/product_cat?post=6107"},{"taxonomy":"product_tag","embeddable":true,"href":"https:\/\/wpachem.com\/vi\/wp-json\/wp\/v2\/product_tag?post=6107"}],"curies":[{"name":"wp","href":"https:\/\/api.w.org\/{rel}","templated":true}]}}